{"id":116,"date":"2022-01-16T17:06:34","date_gmt":"2022-01-16T17:06:34","guid":{"rendered":"https:\/\/svodbohemia.cz\/?page_id=116"},"modified":"2026-01-07T12:14:34","modified_gmt":"2026-01-07T12:14:34","slug":"o-nas","status":"publish","type":"page","link":"https:\/\/svodbohemia.cz\/index.php\/o-nas\/","title":{"rendered":"\u010clenov\u00e9"},"content":{"rendered":"\t\t<div data-elementor-type=\"wp-page\" data-elementor-id=\"116\" class=\"elementor elementor-116\" data-elementor-post-type=\"page\">\n\t\t\t\t\t\t<section class=\"elementor-section elementor-top-section elementor-element elementor-element-df2afb5 elementor-section-boxed elementor-section-height-default elementor-section-height-default\" data-id=\"df2afb5\" data-element_type=\"section\">\n\t\t\t\t\t\t<div class=\"elementor-container elementor-column-gap-default\">\n\t\t\t\t\t<div class=\"elementor-column elementor-col-100 elementor-top-column elementor-element elementor-element-3ab833f\" data-id=\"3ab833f\" data-element_type=\"column\">\n\t\t\t<div class=\"elementor-widget-wrap elementor-element-populated\">\n\t\t\t\t\t\t<div class=\"elementor-element elementor-element-2cfc34e elementor-widget elementor-widget-heading\" data-id=\"2cfc34e\" data-element_type=\"widget\" data-widget_type=\"heading.default\">\n\t\t\t\t<div class=\"elementor-widget-container\">\n\t\t\t\t\t<h2 class=\"elementor-heading-title elementor-size-default\">P\u0159edstavenstvo<\/h2>\t\t\t\t<\/div>\n\t\t\t\t<\/div>\n\t\t\t\t\t<\/div>\n\t\t<\/div>\n\t\t\t\t\t<\/div>\n\t\t<\/section>\n\t\t\t\t<section class=\"elementor-section elementor-top-section elementor-element elementor-element-86bcd30 elementor-section-boxed elementor-section-height-default elementor-section-height-default\" data-id=\"86bcd30\" data-element_type=\"section\">\n\t\t\t\t\t\t<div class=\"elementor-container elementor-column-gap-default\">\n\t\t\t\t\t<div class=\"elementor-column elementor-col-100 elementor-top-column elementor-element elementor-element-efae56b\" data-id=\"efae56b\" data-element_type=\"column\">\n\t\t\t<div class=\"elementor-widget-wrap elementor-element-populated\">\n\t\t\t\t\t\t<div class=\"elementor-element elementor-element-f0685c8 elementor-widget elementor-widget-toggle\" data-id=\"f0685c8\" data-element_type=\"widget\" data-widget_type=\"toggle.default\">\n\t\t\t\t<div class=\"elementor-widget-container\">\n\t\t\t\t\t\t\t<div class=\"elementor-toggle\">\n\t\t\t\t\t\t\t<div class=\"elementor-toggle-item\">\n\t\t\t\t\t<div id=\"elementor-tab-title-2521\" class=\"elementor-tab-title\" data-tab=\"1\" role=\"button\" aria-controls=\"elementor-tab-content-2521\" aria-expanded=\"false\">\n\t\t\t\t\t\t\t\t\t\t\t\t<span class=\"elementor-toggle-icon elementor-toggle-icon-left\" aria-hidden=\"true\">\n\t\t\t\t\t\t\t\t\t\t\t\t\t\t\t<span class=\"elementor-toggle-icon-closed\"><i class=\"fas fa-caret-right\"><\/i><\/span>\n\t\t\t\t\t\t\t\t<span class=\"elementor-toggle-icon-opened\"><i class=\"elementor-toggle-icon-opened fas fa-caret-up\"><\/i><\/span>\n\t\t\t\t\t\t\t\t\t\t\t\t\t<\/span>\n\t\t\t\t\t\t\t\t\t\t\t\t<a class=\"elementor-toggle-title\" tabindex=\"0\">Arriva vlaky s.r.o. - p\u0159edseda p\u0159edstavenstva<\/a>\n\t\t\t\t\t<\/div>\n\n\t\t\t\t\t<div id=\"elementor-tab-content-2521\" class=\"elementor-tab-content elementor-clearfix\" data-tab=\"1\" role=\"region\" aria-labelledby=\"elementor-tab-title-2521\"><p>K\u0159i\u017e\u00edkova 148\/34<\/p><p>186 00 Praha 8<\/p><div><span lang=\"CS\">I\u010cO: 289 55\u00a0196<\/span><\/div><div>Z\u00e1stupce: Mgr. Ing. Ji\u0159\u00ed N\u00e1levka, jednatel\u00a0<\/div><div>Spole\u010dnost zapsan\u00e1 u\u00a0M\u011bstsk\u00e9ho soudu v Praze, odd\u00edl\u00a0C, vlo\u017eka 155614\u00a0<\/div><div>DI\u010c: CZ699001947<\/div><p>Tel.: +420 725 100 725<\/p><p>E-mail: info@arriva.cz<\/p><p>ID datov\u00e9 schr\u00e1nky: ry8jzpd<\/p><p><a href=\"http:\/\/www.arriva.cz\">www.arriva.cz<\/a><\/p><\/div>\n\t\t\t\t<\/div>\n\t\t\t\t\t\t\t<div class=\"elementor-toggle-item\">\n\t\t\t\t\t<div id=\"elementor-tab-title-2522\" class=\"elementor-tab-title\" data-tab=\"2\" role=\"button\" aria-controls=\"elementor-tab-content-2522\" aria-expanded=\"false\">\n\t\t\t\t\t\t\t\t\t\t\t\t<span class=\"elementor-toggle-icon elementor-toggle-icon-left\" aria-hidden=\"true\">\n\t\t\t\t\t\t\t\t\t\t\t\t\t\t\t<span class=\"elementor-toggle-icon-closed\"><i class=\"fas fa-caret-right\"><\/i><\/span>\n\t\t\t\t\t\t\t\t<span class=\"elementor-toggle-icon-opened\"><i class=\"elementor-toggle-icon-opened fas fa-caret-up\"><\/i><\/span>\n\t\t\t\t\t\t\t\t\t\t\t\t\t<\/span>\n\t\t\t\t\t\t\t\t\t\t\t\t<a class=\"elementor-toggle-title\" tabindex=\"0\">\u010cesk\u00e9 dr\u00e1hy, a.s. - m\u00edstop\u0159edseda p\u0159edstavenstva<\/a>\n\t\t\t\t\t<\/div>\n\n\t\t\t\t\t<div id=\"elementor-tab-content-2522\" class=\"elementor-tab-content elementor-clearfix\" data-tab=\"2\" role=\"region\" aria-labelledby=\"elementor-tab-title-2522\"><p>n\u00e1b\u0159e\u017e\u00ed Ludv\u00edka Svobody 1222<\/p><p>110 15 Praha 1<\/p><div><span lang=\"CS\">I\u010cO:\u00a0 709 94\u00a0226<\/span><\/div><div>Z\u00e1stupce: Ing. Ji\u0159\u00ed Je\u0161eta, \u010dlen p\u0159edstavenstva<\/div><div>Spole\u010dnost zapsan\u00e1 u M\u011bstsk\u00e9ho soudu v Praze, odd.\u00a0B vlo\u017eka 8039<\/div><div>DI\u010c: CZ70994226<\/div><p>Tel.: +420 972 111 111<\/p><p>E-mail: info@cd.cz<\/p><p>ID datov\u00e9 schr\u00e1nky: e52cdsf<\/p><p><a href=\"http:\/\/www.ceskedrahy.cz\">www.ceskedrahy.cz<\/a><\/p><\/div>\n\t\t\t\t<\/div>\n\t\t\t\t\t\t\t<div class=\"elementor-toggle-item\">\n\t\t\t\t\t<div id=\"elementor-tab-title-2523\" class=\"elementor-tab-title\" data-tab=\"3\" role=\"button\" aria-controls=\"elementor-tab-content-2523\" aria-expanded=\"false\">\n\t\t\t\t\t\t\t\t\t\t\t\t<span class=\"elementor-toggle-icon elementor-toggle-icon-left\" aria-hidden=\"true\">\n\t\t\t\t\t\t\t\t\t\t\t\t\t\t\t<span class=\"elementor-toggle-icon-closed\"><i class=\"fas fa-caret-right\"><\/i><\/span>\n\t\t\t\t\t\t\t\t<span class=\"elementor-toggle-icon-opened\"><i class=\"elementor-toggle-icon-opened fas fa-caret-up\"><\/i><\/span>\n\t\t\t\t\t\t\t\t\t\t\t\t\t<\/span>\n\t\t\t\t\t\t\t\t\t\t\t\t<a class=\"elementor-toggle-title\" tabindex=\"0\">RegioJet a.s. - \u010dlen p\u0159edstavenstva<\/a>\n\t\t\t\t\t<\/div>\n\n\t\t\t\t\t<div id=\"elementor-tab-content-2523\" class=\"elementor-tab-content elementor-clearfix\" data-tab=\"3\" role=\"region\" aria-labelledby=\"elementor-tab-title-2523\"><p>n\u00e1m\u011bst\u00ed Svobody 86\/17<\/p><p>602 00 Brno-m\u011bsto<\/p><div><span lang=\"CS\">I\u010cO: 283 33\u00a0187<\/span><\/div><div>Z\u00e1stupce: Ing. Jakub Svoboda, v\u00fdkonn\u00fd \u0159editel<\/div><div>Spole\u010dnost zapsan\u00e1\u00a0u Krajsk\u00e9ho soudu v Brn\u011b, odd\u00edl B, vlo\u017eka 5816<\/div><div>DI\u010c: CZ28333187<\/div><p>Tel.: +420 222 222 221<\/p><p>E-mail: info@regiojet.cz<\/p><p>ID datov\u00e9 schr\u00e1nky: 285fzhb\u00a0<\/p><p><a href=\"http:\/\/www.regiojet.cz\">www.regiojet.cz<\/a><\/p><\/div>\n\t\t\t\t<\/div>\n\t\t\t\t\t\t\t\t<\/div>\n\t\t\t\t\t\t<\/div>\n\t\t\t\t<\/div>\n\t\t\t\t\t<\/div>\n\t\t<\/div>\n\t\t\t\t\t<\/div>\n\t\t<\/section>\n\t\t\t\t<section class=\"elementor-section elementor-top-section elementor-element elementor-element-d3e266f elementor-section-boxed elementor-section-height-default elementor-section-height-default\" data-id=\"d3e266f\" data-element_type=\"section\">\n\t\t\t\t\t\t<div class=\"elementor-container elementor-column-gap-default\">\n\t\t\t\t\t<div class=\"elementor-column elementor-col-100 elementor-top-column elementor-element elementor-element-6a37f09\" data-id=\"6a37f09\" data-element_type=\"column\">\n\t\t\t<div class=\"elementor-widget-wrap elementor-element-populated\">\n\t\t\t\t\t\t<div class=\"elementor-element elementor-element-eacf005 elementor-widget elementor-widget-heading\" data-id=\"eacf005\" data-element_type=\"widget\" data-widget_type=\"heading.default\">\n\t\t\t\t<div class=\"elementor-widget-container\">\n\t\t\t\t\t<h2 class=\"elementor-heading-title elementor-size-default\">\u0158\u00e1dn\u00ed \u010dlenov\u00e9<\/h2>\t\t\t\t<\/div>\n\t\t\t\t<\/div>\n\t\t\t\t\t<\/div>\n\t\t<\/div>\n\t\t\t\t\t<\/div>\n\t\t<\/section>\n\t\t\t\t<section class=\"elementor-section elementor-top-section elementor-element elementor-element-08087db elementor-section-boxed elementor-section-height-default elementor-section-height-default\" data-id=\"08087db\" data-element_type=\"section\">\n\t\t\t\t\t\t<div class=\"elementor-container elementor-column-gap-default\">\n\t\t\t\t\t<div class=\"elementor-column elementor-col-100 elementor-top-column elementor-element elementor-element-57cc44a\" data-id=\"57cc44a\" data-element_type=\"column\">\n\t\t\t<div class=\"elementor-widget-wrap elementor-element-populated\">\n\t\t\t\t\t\t<div class=\"elementor-element elementor-element-685b4ec elementor-widget elementor-widget-toggle\" data-id=\"685b4ec\" data-element_type=\"widget\" data-widget_type=\"toggle.default\">\n\t\t\t\t<div class=\"elementor-widget-container\">\n\t\t\t\t\t\t\t<div class=\"elementor-toggle\">\n\t\t\t\t\t\t\t<div class=\"elementor-toggle-item\">\n\t\t\t\t\t<div id=\"elementor-tab-title-1091\" class=\"elementor-tab-title\" data-tab=\"1\" role=\"button\" aria-controls=\"elementor-tab-content-1091\" aria-expanded=\"false\">\n\t\t\t\t\t\t\t\t\t\t\t\t<span class=\"elementor-toggle-icon elementor-toggle-icon-left\" aria-hidden=\"true\">\n\t\t\t\t\t\t\t\t\t\t\t\t\t\t\t<span class=\"elementor-toggle-icon-closed\"><i class=\"fas fa-caret-right\"><\/i><\/span>\n\t\t\t\t\t\t\t\t<span class=\"elementor-toggle-icon-opened\"><i class=\"elementor-toggle-icon-opened fas fa-caret-up\"><\/i><\/span>\n\t\t\t\t\t\t\t\t\t\t\t\t\t<\/span>\n\t\t\t\t\t\t\t\t\t\t\t\t<a class=\"elementor-toggle-title\" tabindex=\"0\">Arriva vlaky s.r.o.<\/a>\n\t\t\t\t\t<\/div>\n\n\t\t\t\t\t<div id=\"elementor-tab-content-1091\" class=\"elementor-tab-content elementor-clearfix\" data-tab=\"1\" role=\"region\" aria-labelledby=\"elementor-tab-title-1091\"><p>Vedouc\u00ed skupiny<\/p><p>Arriva vlaky s.r.o.<\/p><p>K\u0159i\u017e\u00edkova 148\/34<\/p><p>186 00 Praha 8<\/p><div><span lang=\"CS\">I\u010cO: 289 55\u00a0196<\/span><\/div><div>DI\u010c: CZ699001947<br \/><span style=\"font-family: Arial, sans-serif; font-size: 16px; font-style: normal; font-variant-caps: normal;\">ID datov\u00e9 schr\u00e1nky: ry8jzpd<\/span><\/div><p>Tel.: +420 725 100 725<\/p><p><a href=\"http:\/\/www.arriva.cz\">www.arriva.cz<\/a><\/p><div><p class=\"Odstavecseseznamem1\"><span lang=\"CS\">\u010clen skupiny<\/span><\/p><p class=\"Odstavecseseznamem1\"><span lang=\"CS\">\u00a0<\/span><\/p><\/div><div><p class=\"Odstavecseseznamem1\"><span lang=\"CS\">ARRIVA EUROPE HOLDING B.V.<\/span><\/p><\/div><div><p class=\"Odstavecseseznamem1\"><span lang=\"CS\">8441 Heerenveen, Trambaan 3<\/span><\/p><\/div><div><p class=\"Odstavecseseznamem1\"><span lang=\"CS\">Nizozemsko<\/span><\/p><\/div><\/div>\n\t\t\t\t<\/div>\n\t\t\t\t\t\t\t<div class=\"elementor-toggle-item\">\n\t\t\t\t\t<div id=\"elementor-tab-title-1092\" class=\"elementor-tab-title\" data-tab=\"2\" role=\"button\" aria-controls=\"elementor-tab-content-1092\" aria-expanded=\"false\">\n\t\t\t\t\t\t\t\t\t\t\t\t<span class=\"elementor-toggle-icon elementor-toggle-icon-left\" aria-hidden=\"true\">\n\t\t\t\t\t\t\t\t\t\t\t\t\t\t\t<span class=\"elementor-toggle-icon-closed\"><i class=\"fas fa-caret-right\"><\/i><\/span>\n\t\t\t\t\t\t\t\t<span class=\"elementor-toggle-icon-opened\"><i class=\"elementor-toggle-icon-opened fas fa-caret-up\"><\/i><\/span>\n\t\t\t\t\t\t\t\t\t\t\t\t\t<\/span>\n\t\t\t\t\t\t\t\t\t\t\t\t<a class=\"elementor-toggle-title\" tabindex=\"0\">\u010cesk\u00e9 dr\u00e1hy, a.s.<\/a>\n\t\t\t\t\t<\/div>\n\n\t\t\t\t\t<div id=\"elementor-tab-content-1092\" class=\"elementor-tab-content elementor-clearfix\" data-tab=\"2\" role=\"region\" aria-labelledby=\"elementor-tab-title-1092\"><p>n\u00e1b\u0159e\u017e\u00ed Ludv\u00edka Svobody 1222<\/p><p>110 15 Praha 1<\/p><div><span lang=\"CS\">I\u010cO:\u00a0 709 94\u00a0226<\/span><\/div><div>DI\u010c: CZ70994226<\/div><p>Tel.: +420 972 111 111<\/p><p><span style=\"font-family: Arial, sans-serif; font-size: 16px; font-style: normal; font-variant-caps: normal;\">ID datov\u00e9 schr\u00e1nky: e52cdsf<\/span><\/p><p><a href=\"http:\/\/www.ceskedrahy.cz\">www.ceskedrahy.cz<\/a><\/p><\/div>\n\t\t\t\t<\/div>\n\t\t\t\t\t\t\t<div class=\"elementor-toggle-item\">\n\t\t\t\t\t<div id=\"elementor-tab-title-1093\" class=\"elementor-tab-title\" data-tab=\"3\" role=\"button\" aria-controls=\"elementor-tab-content-1093\" aria-expanded=\"false\">\n\t\t\t\t\t\t\t\t\t\t\t\t<span class=\"elementor-toggle-icon elementor-toggle-icon-left\" aria-hidden=\"true\">\n\t\t\t\t\t\t\t\t\t\t\t\t\t\t\t<span class=\"elementor-toggle-icon-closed\"><i class=\"fas fa-caret-right\"><\/i><\/span>\n\t\t\t\t\t\t\t\t<span class=\"elementor-toggle-icon-opened\"><i class=\"elementor-toggle-icon-opened fas fa-caret-up\"><\/i><\/span>\n\t\t\t\t\t\t\t\t\t\t\t\t\t<\/span>\n\t\t\t\t\t\t\t\t\t\t\t\t<a class=\"elementor-toggle-title\" tabindex=\"0\">RegioJet a.s.<\/a>\n\t\t\t\t\t<\/div>\n\n\t\t\t\t\t<div id=\"elementor-tab-content-1093\" class=\"elementor-tab-content elementor-clearfix\" data-tab=\"3\" role=\"region\" aria-labelledby=\"elementor-tab-title-1093\"><p>Vedouc\u00ed skupiny<\/p><p>RegioJet a.s.<\/p><p>n\u00e1m\u011bst\u00ed Svobody 86\/17<\/p><p>602 00 Brno-m\u011bsto<\/p><div><span lang=\"CS\">I\u010cO: 283 33\u00a0187<\/span><\/div><div>DI\u010c: CZ28333187<\/div><p>Tel.: +420 222 222 221<\/p><p><span style=\"font-family: Arial, sans-serif; font-size: 16px; font-style: normal; font-variant-caps: normal;\">ID datov\u00e9 schr\u00e1nky:\u00a0<\/span><span style=\"font-family: Arial, sans-serif; font-size: 16px; font-style: normal; font-variant-caps: normal;\">285fzhb<\/span><\/p><p><a href=\"http:\/\/www.regiojet.cz\">www.regiojet.cz<\/a><\/p><p>\u010clenov\u00e9 skupiny<\/p><div><p class=\"Odstavecseseznamem1\"><span lang=\"CS\">RegioJet PL Sp. z o.o.<\/span><\/p><\/div><div><p class=\"Odstavecseseznamem1\"><span lang=\"CS\">ul. Warszawska 40\/2A<\/span><\/p><\/div><div><p class=\"Odstavecseseznamem1\"><span lang=\"CS\">40-008 Katowice<\/span><\/p><\/div><div><p class=\"Odstavecseseznamem1\"><span lang=\"CS\">Polsk\u00e1 republika<\/span><\/p><\/div><div><p class=\"Odstavecseseznamem1\"><span lang=\"CS\">Regiojet AT GmbH<\/span><\/p><\/div><div><p class=\"Odstavecseseznamem1\"><span lang=\"CS\">Columbusgasse 1-3, 1100 Wien<\/span><\/p><\/div><div><p class=\"Odstavecseseznamem1\"><span lang=\"CS\">Rakousk\u00e1 republika<\/span><\/p><\/div><div><p class=\"Odstavecseseznamem1\"><span lang=\"CS\">RegioJet a.s.<\/span><\/p><\/div><div><p class=\"Odstavecseseznamem1\"><span lang=\"CS\">Obchodn\u00e1 528\/48<\/span><\/p><\/div><div><p class=\"Odstavecseseznamem1\"><span lang=\"CS\">81106 Bratislava<\/span><\/p><\/div><div><p class=\"Odstavecseseznamem1\"><span lang=\"CS\">Slovensk\u00e1 republika<\/span><\/p><\/div><\/div>\n\t\t\t\t<\/div>\n\t\t\t\t\t\t\t<div class=\"elementor-toggle-item\">\n\t\t\t\t\t<div id=\"elementor-tab-title-1094\" class=\"elementor-tab-title\" data-tab=\"4\" role=\"button\" aria-controls=\"elementor-tab-content-1094\" aria-expanded=\"false\">\n\t\t\t\t\t\t\t\t\t\t\t\t<span class=\"elementor-toggle-icon elementor-toggle-icon-left\" aria-hidden=\"true\">\n\t\t\t\t\t\t\t\t\t\t\t\t\t\t\t<span class=\"elementor-toggle-icon-closed\"><i class=\"fas fa-caret-right\"><\/i><\/span>\n\t\t\t\t\t\t\t\t<span class=\"elementor-toggle-icon-opened\"><i class=\"elementor-toggle-icon-opened fas fa-caret-up\"><\/i><\/span>\n\t\t\t\t\t\t\t\t\t\t\t\t\t<\/span>\n\t\t\t\t\t\t\t\t\t\t\t\t<a class=\"elementor-toggle-title\" tabindex=\"0\">A\u017dD Praha s.r.o.<\/a>\n\t\t\t\t\t<\/div>\n\n\t\t\t\t\t<div id=\"elementor-tab-content-1094\" class=\"elementor-tab-content elementor-clearfix\" data-tab=\"4\" role=\"region\" aria-labelledby=\"elementor-tab-title-1094\"><p>\u017dirovnick\u00e1 3146\/2<\/p><p>106 00 Praha 10<\/p><div><span lang=\"CS\">I\u010cO: 480 29\u00a0483<\/span><\/div><div>DI\u010c: CZ48029483<\/div><p>Tel.: +420 267 287 111<\/p><p>ID datov\u00e9 schr\u00e1nky: z77cc7s<\/p><p><a href=\"http:\/\/www.azd.cz\">www.azd.cz<\/a><\/p><\/div>\n\t\t\t\t<\/div>\n\t\t\t\t\t\t\t<div class=\"elementor-toggle-item\">\n\t\t\t\t\t<div id=\"elementor-tab-title-1095\" class=\"elementor-tab-title\" data-tab=\"5\" role=\"button\" aria-controls=\"elementor-tab-content-1095\" aria-expanded=\"false\">\n\t\t\t\t\t\t\t\t\t\t\t\t<span class=\"elementor-toggle-icon elementor-toggle-icon-left\" aria-hidden=\"true\">\n\t\t\t\t\t\t\t\t\t\t\t\t\t\t\t<span class=\"elementor-toggle-icon-closed\"><i class=\"fas fa-caret-right\"><\/i><\/span>\n\t\t\t\t\t\t\t\t<span class=\"elementor-toggle-icon-opened\"><i class=\"elementor-toggle-icon-opened fas fa-caret-up\"><\/i><\/span>\n\t\t\t\t\t\t\t\t\t\t\t\t\t<\/span>\n\t\t\t\t\t\t\t\t\t\t\t\t<a class=\"elementor-toggle-title\" tabindex=\"0\">Die L\u00e4nderbahn CZ s.r.o.<\/a>\n\t\t\t\t\t<\/div>\n\n\t\t\t\t\t<div id=\"elementor-tab-content-1095\" class=\"elementor-tab-content elementor-clearfix\" data-tab=\"5\" role=\"region\" aria-labelledby=\"elementor-tab-title-1095\"><p>Vedouc\u00ed skupiny<\/p><p>\u00a0<\/p><p>Die L\u00e4nderbahn CZ s.r.o.<\/p><p>U Stud\u00e1nky 39\/1<\/p><p>400 07\u00a0\u00dast\u00ed nad Labem<\/p><p>I\u010cO: 08342849<\/p><p>DI\u010c: CZ08342849<\/p><p>Tel.: +420 478 479 202<\/p><p>ID datov\u00e9 schr\u00e1nky: h289khv<\/p><p><a href=\"http:\/\/www.laenderbahn.cz\">www.laenderbahn.cz<\/a><\/p><p>\u00a0<\/p><p>\u010clen skupiny<\/p><p style=\"font-weight: 400;\">\u00a0<\/p><p style=\"font-weight: 400;\">Die L\u00e4nderbahn GmbH DLB<\/p><p style=\"font-weight: 400;\">Bahnhofsplatz 1<\/p><p style=\"font-weight: 400;\"><span style=\"font-family: Arial, sans-serif; font-size: 16px; font-style: normal; font-variant-caps: normal;\">94234 Viechtach<\/span><\/p><p style=\"font-weight: 400;\">Spolkov\u00e1 republika N\u011bmecko<\/p><\/div>\n\t\t\t\t<\/div>\n\t\t\t\t\t\t\t\t<\/div>\n\t\t\t\t\t\t<\/div>\n\t\t\t\t<\/div>\n\t\t\t\t\t<\/div>\n\t\t<\/div>\n\t\t\t\t\t<\/div>\n\t\t<\/section>\n\t\t\t\t<section class=\"elementor-section elementor-top-section elementor-element elementor-element-a77e629 elementor-section-boxed elementor-section-height-default elementor-section-height-default\" data-id=\"a77e629\" data-element_type=\"section\">\n\t\t\t\t\t\t<div class=\"elementor-container elementor-column-gap-default\">\n\t\t\t\t\t<div class=\"elementor-column elementor-col-100 elementor-top-column elementor-element elementor-element-8e2f266\" data-id=\"8e2f266\" data-element_type=\"column\">\n\t\t\t<div class=\"elementor-widget-wrap elementor-element-populated\">\n\t\t\t\t\t\t<div class=\"elementor-element elementor-element-001a172 elementor-widget elementor-widget-heading\" data-id=\"001a172\" data-element_type=\"widget\" data-widget_type=\"heading.default\">\n\t\t\t\t<div class=\"elementor-widget-container\">\n\t\t\t\t\t<h2 class=\"elementor-heading-title elementor-size-default\">Pozoruj\u00edc\u00ed \u010dlenov\u00e9<\/h2>\t\t\t\t<\/div>\n\t\t\t\t<\/div>\n\t\t\t\t\t<\/div>\n\t\t<\/div>\n\t\t\t\t\t<\/div>\n\t\t<\/section>\n\t\t\t\t<section class=\"elementor-section elementor-top-section elementor-element elementor-element-1a6ac2d elementor-section-boxed elementor-section-height-default elementor-section-height-default\" data-id=\"1a6ac2d\" data-element_type=\"section\">\n\t\t\t\t\t\t<div class=\"elementor-container elementor-column-gap-default\">\n\t\t\t\t\t<div class=\"elementor-column elementor-col-100 elementor-top-column elementor-element elementor-element-761a9ab\" data-id=\"761a9ab\" data-element_type=\"column\">\n\t\t\t<div class=\"elementor-widget-wrap elementor-element-populated\">\n\t\t\t\t\t\t<div class=\"elementor-element elementor-element-aea08ef elementor-widget elementor-widget-toggle\" data-id=\"aea08ef\" data-element_type=\"widget\" data-widget_type=\"toggle.default\">\n\t\t\t\t<div class=\"elementor-widget-container\">\n\t\t\t\t\t\t\t<div class=\"elementor-toggle\">\n\t\t\t\t\t\t\t<div class=\"elementor-toggle-item\">\n\t\t\t\t\t<div id=\"elementor-tab-title-1831\" class=\"elementor-tab-title\" data-tab=\"1\" role=\"button\" aria-controls=\"elementor-tab-content-1831\" aria-expanded=\"false\">\n\t\t\t\t\t\t\t\t\t\t\t\t<span class=\"elementor-toggle-icon elementor-toggle-icon-left\" aria-hidden=\"true\">\n\t\t\t\t\t\t\t\t\t\t\t\t\t\t\t<span class=\"elementor-toggle-icon-closed\"><i class=\"fas fa-caret-right\"><\/i><\/span>\n\t\t\t\t\t\t\t\t<span class=\"elementor-toggle-icon-opened\"><i class=\"elementor-toggle-icon-opened fas fa-caret-up\"><\/i><\/span>\n\t\t\t\t\t\t\t\t\t\t\t\t\t<\/span>\n\t\t\t\t\t\t\t\t\t\t\t\t<a class=\"elementor-toggle-title\" tabindex=\"0\">ALSTOM Czech Republic a.s.<\/a>\n\t\t\t\t\t<\/div>\n\n\t\t\t\t\t<div id=\"elementor-tab-content-1831\" class=\"elementor-tab-content elementor-clearfix\" data-tab=\"1\" role=\"region\" aria-labelledby=\"elementor-tab-title-1831\"><div class=\"page\" title=\"Page 1\"><div class=\"layoutArea\"><div class=\"column\"><p>Va\u0301clavske\u0301 na\u0301me\u030csti\u0301 2132\/47<\/p><\/div><\/div><\/div><p>110 00 Praha 1 &#8211; Nove\u0301 Me\u030csto<\/p><div><span lang=\"CS\"><span lang=\"CS\">I\u010cO:\u00a0<\/span><\/span>499 02 083<\/div><div>DI\u010c: CZ499 02 083<br \/><br \/><span style=\"font-family: Arial, sans-serif; font-size: 16px; font-style: normal; font-variant-caps: normal;\">ID datov\u00e9 schr\u00e1nky: eupcdc9<\/span><\/div><p>Tel.: +420 487 802 119<\/p><p><a href=\"https:\/\/www.alstom.com\/cs\/alstom-v-ceske-republice\">www.alstom.com<\/a><\/p><\/div>\n\t\t\t\t<\/div>\n\t\t\t\t\t\t\t\t<\/div>\n\t\t\t\t\t\t<\/div>\n\t\t\t\t<\/div>\n\t\t\t\t\t<\/div>\n\t\t<\/div>\n\t\t\t\t\t<\/div>\n\t\t<\/section>\n\t\t\t\t<section class=\"elementor-section elementor-top-section elementor-element elementor-element-d95bdc6 elementor-section-boxed elementor-section-height-default elementor-section-height-default\" data-id=\"d95bdc6\" data-element_type=\"section\">\n\t\t\t\t\t\t<div class=\"elementor-container elementor-column-gap-default\">\n\t\t\t\t\t<div class=\"elementor-column elementor-col-100 elementor-top-column elementor-element elementor-element-501d9d4\" data-id=\"501d9d4\" data-element_type=\"column\">\n\t\t\t<div class=\"elementor-widget-wrap elementor-element-populated\">\n\t\t\t\t\t\t<div class=\"elementor-element elementor-element-48ab0fc elementor-widget elementor-widget-heading\" data-id=\"48ab0fc\" data-element_type=\"widget\" data-widget_type=\"heading.default\">\n\t\t\t\t<div class=\"elementor-widget-container\">\n\t\t\t\t\t<h2 class=\"elementor-heading-title elementor-size-default\">V\u00fdkonn\u00fd \u0159editel<\/h2>\t\t\t\t<\/div>\n\t\t\t\t<\/div>\n\t\t\t\t\t<\/div>\n\t\t<\/div>\n\t\t\t\t\t<\/div>\n\t\t<\/section>\n\t\t\t\t<section class=\"elementor-section elementor-top-section elementor-element elementor-element-e879186 elementor-section-boxed elementor-section-height-default elementor-section-height-default\" data-id=\"e879186\" data-element_type=\"section\">\n\t\t\t\t\t\t<div class=\"elementor-container elementor-column-gap-default\">\n\t\t\t\t\t<div class=\"elementor-column elementor-col-100 elementor-top-column elementor-element elementor-element-e03ea44\" data-id=\"e03ea44\" data-element_type=\"column\">\n\t\t\t<div class=\"elementor-widget-wrap elementor-element-populated\">\n\t\t\t\t\t\t<div class=\"elementor-element elementor-element-28b4331 elementor-widget elementor-widget-toggle\" data-id=\"28b4331\" data-element_type=\"widget\" data-widget_type=\"toggle.default\">\n\t\t\t\t<div class=\"elementor-widget-container\">\n\t\t\t\t\t\t\t<div class=\"elementor-toggle\">\n\t\t\t\t\t\t\t<div class=\"elementor-toggle-item\">\n\t\t\t\t\t<div id=\"elementor-tab-title-4261\" class=\"elementor-tab-title\" data-tab=\"1\" role=\"button\" aria-controls=\"elementor-tab-content-4261\" aria-expanded=\"false\">\n\t\t\t\t\t\t\t\t\t\t\t\t<span class=\"elementor-toggle-icon elementor-toggle-icon-left\" aria-hidden=\"true\">\n\t\t\t\t\t\t\t\t\t\t\t\t\t\t\t<span class=\"elementor-toggle-icon-closed\"><i class=\"fas fa-caret-right\"><\/i><\/span>\n\t\t\t\t\t\t\t\t<span class=\"elementor-toggle-icon-opened\"><i class=\"elementor-toggle-icon-opened fas fa-caret-up\"><\/i><\/span>\n\t\t\t\t\t\t\t\t\t\t\t\t\t<\/span>\n\t\t\t\t\t\t\t\t\t\t\t\t<a class=\"elementor-toggle-title\" tabindex=\"0\">Ing. Petr Moravec<\/a>\n\t\t\t\t\t<\/div>\n\n\t\t\t\t\t<div id=\"elementor-tab-content-4261\" class=\"elementor-tab-content elementor-clearfix\" data-tab=\"1\" role=\"region\" aria-labelledby=\"elementor-tab-title-4261\"><div class=\"page\" title=\"Page 1\"><div class=\"layoutArea\"><div class=\"column\"><p>Koko\u0159\u00ednsk\u00fd D\u016fl 65<\/p><\/div><\/div><\/div><p>277 23 Koko\u0159\u00edn<\/p><div>\u00a0<\/div><p>Tel.: +420 602 726 726<\/p><p>V\u00fdkonn\u00fd \u0159editel zastupuje sdru\u017een\u00ed a podepisuje za sdru\u017een\u00ed na z\u00e1klad\u011b <span style=\"text-decoration: underline;\"><a href=\"https:\/\/svodbohemia.cz\/wp-content\/uploads\/2023\/06\/Plna-moc-PM-SVOD-2023_05_22.pdf\">pln\u00e9 moci<\/a><\/span>.<\/p><p>\u00a0<\/p><p>Stru\u010dn\u00fd <span style=\"text-decoration: underline;\"><a href=\"https:\/\/w.wiki\/9JYd\">\u017eivotopis<\/a><\/span>.\u00a0<\/p><\/div>\n\t\t\t\t<\/div>\n\t\t\t\t\t\t\t\t<\/div>\n\t\t\t\t\t\t<\/div>\n\t\t\t\t<\/div>\n\t\t\t\t\t<\/div>\n\t\t<\/div>\n\t\t\t\t\t<\/div>\n\t\t<\/section>\n\t\t\t\t<\/div>\n\t\t","protected":false},"excerpt":{"rendered":"<p>P\u0159edstavenstvo Arriva vlaky s.r.o. &#8211; p\u0159edseda p\u0159edstavenstva K\u0159i\u017e\u00edkova 148\/34 186 00 Praha 8 I\u010cO: 289 55\u00a0196Z\u00e1stupce: Mgr. Ing. Ji\u0159\u00ed N\u00e1levka, jednatel\u00a0Spole\u010dnost zapsan\u00e1 u\u00a0M\u011bstsk\u00e9ho soudu v Praze, odd\u00edl\u00a0C, vlo\u017eka 155614\u00a0DI\u010c: CZ699001947 Tel.: +420 725 100 725 E-mail: info@arriva.cz ID datov\u00e9 schr\u00e1nky: ry8jzpd www.arriva.cz \u010cesk\u00e9 dr\u00e1hy, a.s. &#8211; m\u00edstop\u0159edseda p\u0159edstavenstva n\u00e1b\u0159e\u017e\u00ed Ludv\u00edka Svobody 1222 110 15 Praha [&hellip;]<\/p>\n","protected":false},"author":1,"featured_media":0,"parent":0,"menu_order":0,"comment_status":"closed","ping_status":"closed","template":"","meta":{"footnotes":""},"class_list":["post-116","page","type-page","status-publish","hentry"],"_links":{"self":[{"href":"https:\/\/svodbohemia.cz\/index.php\/wp-json\/wp\/v2\/pages\/116","targetHints":{"allow":["GET"]}}],"collection":[{"href":"https:\/\/svodbohemia.cz\/index.php\/wp-json\/wp\/v2\/pages"}],"about":[{"href":"https:\/\/svodbohemia.cz\/index.php\/wp-json\/wp\/v2\/types\/page"}],"author":[{"embeddable":true,"href":"https:\/\/svodbohemia.cz\/index.php\/wp-json\/wp\/v2\/users\/1"}],"replies":[{"embeddable":true,"href":"https:\/\/svodbohemia.cz\/index.php\/wp-json\/wp\/v2\/comments?post=116"}],"version-history":[{"count":166,"href":"https:\/\/svodbohemia.cz\/index.php\/wp-json\/wp\/v2\/pages\/116\/revisions"}],"predecessor-version":[{"id":2800,"href":"https:\/\/svodbohemia.cz\/index.php\/wp-json\/wp\/v2\/pages\/116\/revisions\/2800"}],"wp:attachment":[{"href":"https:\/\/svodbohemia.cz\/index.php\/wp-json\/wp\/v2\/media?parent=116"}],"curies":[{"name":"wp","href":"https:\/\/api.w.org\/{rel}","templated":true}]}}