{"id":1331,"date":"2022-05-11T14:21:02","date_gmt":"2022-05-11T14:21:02","guid":{"rendered":"https:\/\/svodbohemia.cz\/?page_id=1331"},"modified":"2022-12-21T12:47:37","modified_gmt":"2022-12-21T12:47:37","slug":"priority-rozvoje-zeleznicni-site","status":"publish","type":"page","link":"https:\/\/svodbohemia.cz\/index.php\/priority-rozvoje-zeleznicni-site\/","title":{"rendered":"Priority rozvoje \u017eelezni\u010dn\u00ed s\u00edt\u011b"},"content":{"rendered":"\t\t<div data-elementor-type=\"wp-page\" data-elementor-id=\"1331\" class=\"elementor elementor-1331\" data-elementor-post-type=\"page\">\n\t\t\t\t\t\t<section class=\"elementor-section elementor-top-section elementor-element elementor-element-8863614 elementor-section-boxed elementor-section-height-default elementor-section-height-default\" data-id=\"8863614\" data-element_type=\"section\">\n\t\t\t\t\t\t<div class=\"elementor-container elementor-column-gap-default\">\n\t\t\t\t\t<div class=\"elementor-column elementor-col-100 elementor-top-column elementor-element elementor-element-18120ed\" data-id=\"18120ed\" data-element_type=\"column\">\n\t\t\t<div class=\"elementor-widget-wrap elementor-element-populated\">\n\t\t\t\t\t\t<div class=\"elementor-element elementor-element-2f070e2 elementor-widget elementor-widget-heading\" data-id=\"2f070e2\" data-element_type=\"widget\" data-widget_type=\"heading.default\">\n\t\t\t\t<div class=\"elementor-widget-container\">\n\t\t\t\t\t<h2 class=\"elementor-heading-title elementor-size-default\">Modernizace a v\u00fdstavba dr\u00e1\u017en\u00ed infrastruktury<\/h2>\t\t\t\t<\/div>\n\t\t\t\t<\/div>\n\t\t\t\t\t<\/div>\n\t\t<\/div>\n\t\t\t\t\t<\/div>\n\t\t<\/section>\n\t\t\t\t<section class=\"elementor-section elementor-top-section elementor-element elementor-element-c3d11e8 elementor-section-boxed elementor-section-height-default elementor-section-height-default\" data-id=\"c3d11e8\" data-element_type=\"section\">\n\t\t\t\t\t\t<div class=\"elementor-container elementor-column-gap-default\">\n\t\t\t\t\t<div class=\"elementor-column elementor-col-100 elementor-top-column elementor-element elementor-element-afe316a\" data-id=\"afe316a\" data-element_type=\"column\">\n\t\t\t<div class=\"elementor-widget-wrap elementor-element-populated\">\n\t\t\t\t\t\t<div class=\"elementor-element elementor-element-a8a3ec0 elementor-widget elementor-widget-toggle\" data-id=\"a8a3ec0\" data-element_type=\"widget\" data-widget_type=\"toggle.default\">\n\t\t\t\t<div class=\"elementor-widget-container\">\n\t\t\t\t\t\t\t<div class=\"elementor-toggle\">\n\t\t\t\t\t\t\t<div class=\"elementor-toggle-item\">\n\t\t\t\t\t<div id=\"elementor-tab-title-1761\" class=\"elementor-tab-title\" data-tab=\"1\" role=\"button\" aria-controls=\"elementor-tab-content-1761\" aria-expanded=\"false\">\n\t\t\t\t\t\t\t\t\t\t\t\t<span class=\"elementor-toggle-icon elementor-toggle-icon-left\" aria-hidden=\"true\">\n\t\t\t\t\t\t\t\t\t\t\t\t\t\t\t<span class=\"elementor-toggle-icon-closed\"><i class=\"fas fa-caret-right\"><\/i><\/span>\n\t\t\t\t\t\t\t\t<span class=\"elementor-toggle-icon-opened\"><i class=\"elementor-toggle-icon-opened fas fa-caret-up\"><\/i><\/span>\n\t\t\t\t\t\t\t\t\t\t\t\t\t<\/span>\n\t\t\t\t\t\t\t\t\t\t\t\t<a class=\"elementor-toggle-title\" tabindex=\"0\">Pot\u0159eby osobn\u00ed dr\u00e1\u017en\u00ed dopravy<\/a>\n\t\t\t\t\t<\/div>\n\n\t\t\t\t\t<div id=\"elementor-tab-content-1761\" class=\"elementor-tab-content elementor-clearfix\" data-tab=\"1\" role=\"region\" aria-labelledby=\"elementor-tab-title-1761\"><p>Koncep\u010dn\u00ed priority rozvoje \u017eelezni\u010dn\u00ed infrastruktury s ohledem na napln\u011bn\u00ed c\u00edl\u016f stanoven\u00fdch v <a href=\"https:\/\/www.mdcr.cz\/Dokumenty\/Strategie\/Dopravni-politika-a-MFDI\/Dopravni-politika-CR-pro-obdobi-2014-2020-s-vyhled\">Dopravn\u00ed politice \u010cesk\u00e9 republiky pro obdob\u00ed 2021-2027 s v\u00fdhledem do roku 2050<\/a> jsou sestaveny v\u00a0po\u0159ad\u00ed dle relativn\u00ed d\u016fle\u017eitosti pro osobn\u00ed dopravu.\u00a0Ve stejn\u00e9m po\u0159ad\u00ed prosazujeme realizovat p\u0159echod na v\u00fdhradn\u00ed provoz ETCS.\u00a0Konverze trak\u010dn\u00ed soustavy 3kV na 25kV nen\u00ed pro osobn\u00ed dopravu prioritn\u00ed.<\/p><\/div>\n\t\t\t\t<\/div>\n\t\t\t\t\t\t\t<div class=\"elementor-toggle-item\">\n\t\t\t\t\t<div id=\"elementor-tab-title-1762\" class=\"elementor-tab-title\" data-tab=\"2\" role=\"button\" aria-controls=\"elementor-tab-content-1762\" aria-expanded=\"false\">\n\t\t\t\t\t\t\t\t\t\t\t\t<span class=\"elementor-toggle-icon elementor-toggle-icon-left\" aria-hidden=\"true\">\n\t\t\t\t\t\t\t\t\t\t\t\t\t\t\t<span class=\"elementor-toggle-icon-closed\"><i class=\"fas fa-caret-right\"><\/i><\/span>\n\t\t\t\t\t\t\t\t<span class=\"elementor-toggle-icon-opened\"><i class=\"elementor-toggle-icon-opened fas fa-caret-up\"><\/i><\/span>\n\t\t\t\t\t\t\t\t\t\t\t\t\t<\/span>\n\t\t\t\t\t\t\t\t\t\t\t\t<a class=\"elementor-toggle-title\" tabindex=\"0\">Priorita \u010d. 1: Zv\u00fd\u0161en\u00ed kapacity a v\u00fdkonosti p\u00e1te\u0159n\u00edch trat\u00ed se silnou d\u00e1lkovou dopravou<\/a>\n\t\t\t\t\t<\/div>\n\n\t\t\t\t\t<div id=\"elementor-tab-content-1762\" class=\"elementor-tab-content elementor-clearfix\" data-tab=\"2\" role=\"region\" aria-labelledby=\"elementor-tab-title-1762\"><p>Zv\u00fd\u0161en\u00ed kapacity a v\u00fdkonnosti zahrnuje soubor opat\u0159en\u00ed, jako je<\/p><ul><li>zv\u00fd\u0161en\u00ed po\u010dtu kolej\u00ed,<\/li><li>zv\u00fd\u0161en\u00ed tra\u0165ov\u00e9, resp. cestovn\u00ed a ob\u011bhov\u00e9 rychlosti,<\/li><li>elektrizace trat\u011b v\u00a0nez\u00e1visl\u00e9 trakci.<\/li><\/ul><p>Za optim\u00e1ln\u00ed pova\u017eujeme zv\u00fd\u0161en\u00ed tra\u0165ov\u00e9 rychlosti na 200 &#8211; 250 km\/h a zv\u00fd\u0161en\u00ed po\u010dtu kolej\u00ed na 4, p\u0159\u00edpadn\u011b paraleln\u00ed veden\u00ed nov\u00e9 trat\u011b.<\/p><p>V\u00fdstavba vysokorychlostn\u00edch trat\u00ed je vzhledem k priorit\u00e1m vnitrost\u00e1tn\u00edch dopravn\u00edch pot\u0159eb dopl\u0148uj\u00edc\u00ed alternativou, kter\u00e1 m\u016f\u017ee slou\u017eit k uvoln\u011bn\u00ed kapacit konven\u010dn\u00ed s\u00edt\u011b pro osobn\u00ed a n\u00e1kladn\u00ed dopravu.<\/p><p>Prioritn\u00ed p\u00e1te\u0159n\u00ed trat\u011b z hlediska d\u00e1lkov\u00e9 a meziregion\u00e1ln\u00ed osobn\u00ed dopravy jsou:<\/p><ul><li>Praha \u2013 \u010cesk\u00e1 T\u0159ebov\u00e1 \u2013 P\u0159erov<\/li><li>Praha \u2013 Hradec Kr\u00e1lov\u00e9 \u2013 T\u00fdni\u0161t\u011b n.O. \u2013 Choce\u0148<\/li><li>(Rakousko\/Slovensko\u2013) B\u0159eclav \u2013 P\u0159erov \u2013 Ostrava \u2013 Bohum\u00edn (\u2013 Polsko)<\/li><li>Praha \u2013 Brno \u2013 B\u0159eclav (\u2013 Rakousko\/Slovensko)<\/li><li>Praha \u2013 D\u011b\u010d\u00edn (\u2013 N\u011bmecko)<\/li><li>Praha \u2013 Beroun \u2013 Plze\u0148 \u2013 Doma\u017elice (\u2013 N\u011bmecko)<\/li><li>Brno \u2013 P\u0159erov<\/li><\/ul><p>\u00a0<\/p><p><a href=\"http:\/\/svodbohemia.cz\/wp-content\/uploads\/2022\/09\/paterni-trate.png\"><img decoding=\"async\" class=\"alignnone size-medium wp-image-1767\" src=\"http:\/\/svodbohemia.cz\/wp-content\/uploads\/2022\/09\/paterni-trate-300x161.png\" alt=\"\" width=\"300\" height=\"161\" srcset=\"https:\/\/svodbohemia.cz\/wp-content\/uploads\/2022\/09\/paterni-trate-300x161.png 300w, https:\/\/svodbohemia.cz\/wp-content\/uploads\/2022\/09\/paterni-trate-1024x551.png 1024w, https:\/\/svodbohemia.cz\/wp-content\/uploads\/2022\/09\/paterni-trate-768x413.png 768w, https:\/\/svodbohemia.cz\/wp-content\/uploads\/2022\/09\/paterni-trate-1536x826.png 1536w, https:\/\/svodbohemia.cz\/wp-content\/uploads\/2022\/09\/paterni-trate.png 1818w\" sizes=\"(max-width: 300px) 100vw, 300px\" \/><\/a><\/p><\/div>\n\t\t\t\t<\/div>\n\t\t\t\t\t\t\t<div class=\"elementor-toggle-item\">\n\t\t\t\t\t<div id=\"elementor-tab-title-1763\" class=\"elementor-tab-title\" data-tab=\"3\" role=\"button\" aria-controls=\"elementor-tab-content-1763\" aria-expanded=\"false\">\n\t\t\t\t\t\t\t\t\t\t\t\t<span class=\"elementor-toggle-icon elementor-toggle-icon-left\" aria-hidden=\"true\">\n\t\t\t\t\t\t\t\t\t\t\t\t\t\t\t<span class=\"elementor-toggle-icon-closed\"><i class=\"fas fa-caret-right\"><\/i><\/span>\n\t\t\t\t\t\t\t\t<span class=\"elementor-toggle-icon-opened\"><i class=\"elementor-toggle-icon-opened fas fa-caret-up\"><\/i><\/span>\n\t\t\t\t\t\t\t\t\t\t\t\t\t<\/span>\n\t\t\t\t\t\t\t\t\t\t\t\t<a class=\"elementor-toggle-title\" tabindex=\"0\">Priorita \u010d. 2: Zv\u00fd\u0161en\u00ed kapacity a v\u00fdkonosti trat\u00ed v oblasti velk\u00fdch aglomerac\u00ed se silnou p\u0159\u00edm\u011bstskou dopravou<\/a>\n\t\t\t\t\t<\/div>\n\n\t\t\t\t\t<div id=\"elementor-tab-content-1763\" class=\"elementor-tab-content elementor-clearfix\" data-tab=\"3\" role=\"region\" aria-labelledby=\"elementor-tab-title-1763\"><p>Zv\u00fd\u0161en\u00ed kapacity a v\u00fdkonnosti zahrnuje soubor opat\u0159en\u00ed, jako je<\/p><ul><li>d\u00edl\u010d\u00ed nebo \u00fapln\u00e9 zv\u00fd\u0161en\u00ed po\u010dtu kolej\u00ed,<\/li><li>zv\u00fd\u0161en\u00ed tra\u0165ov\u00e9, resp. cestovn\u00ed a ob\u011bhov\u00e9 rychlosti,<\/li><li>odd\u011blen\u00ed p\u0159\u00edm\u011bstsk\u00e9 dopravy od d\u00e1lkov\u00e9 a n\u00e1kladn\u00ed,<\/li><li>elektrizace trat\u011b v\u00a0nez\u00e1visl\u00e9 trakci.<\/li><\/ul><p>Za optim\u00e1ln\u00ed pova\u017eujeme zv\u00fd\u0161en\u00ed tra\u0165ov\u00e9 rychlosti na 140 &#8211; 160 km\/h.<\/p><p>Nav\u00fd\u0161en\u00ed po\u010dtu kolej\u00ed na 4 pova\u017eujeme za nezbytn\u00e9 na trat\u00edch se v\u00fdrazn\u00fdm soub\u011bhem p\u0159\u00edm\u011bstsk\u00e9, d\u00e1lkov\u00e9 a n\u00e1kladn\u00ed dopravy:<\/p><ul><li>Praha \u2013 Kol\u00edn<\/li><li>Praha \u2013 Lys\u00e1 nad Labem \u2013 Milovice (\u2013 Mlad\u00e1 Boleslav)<\/li><li>Praha hl.n. \u2013 Praha-Sm\u00edchov \u2013 Radot\u00edn (\u2013 Beroun)<\/li><li>Praha \u2013 Bene\u0161ov<\/li><li>Praha \u2013 Roudnice nad Labem<\/li><li>Brno \u2013 B\u0159eclav<\/li><li>Brno \u2013 Vy\u0161kov<\/li><li>Brno \u2013 Ti\u0161nov<\/li><li>Bohum\u00edn \u2013 Ostrava \u2013 Stud\u00e9nka<\/li><li>Olomouc \u2013 P\u0159erov<\/li><\/ul><p>Zdvojkolejn\u011bn\u00ed pova\u017eujeme za nezbytn\u00e9 na trat\u00edch s\u00a0v\u00fdznamnou p\u0159\u00edm\u011bstskou dopravou:<\/p><ul><li>Praha \u2013 V\u0161etaty (+elektrizace)<\/li><li>Praha \u2013 Kladno (+elektrizace)<\/li><li>Radot\u00edn \u2013 Kr\u010d \u2013 B\u011bchovice<\/li><li>Kr\u010d \u2013 Vr\u0161ovice<\/li><li>Uh\u0159\u00edn\u011bves \u2013 Male\u0161ice \u2013 Libe\u0148<\/li><li>Sm\u00edchov \u2013 Rudn\u00e1 (+elektrizace)<\/li><li>Brno \u2013 T\u0159eb\u00ed\u010d (+elektrizace)<\/li><li>Plze\u0148 \u2013 Nepomuk<\/li><li>Plze\u0148 \u2013 P\u0159e\u0161tice<\/li><li>Plze\u0148 \u2013 Doma\u017elice (+elektrizace)<\/li><li>Ostrava \u2013 Fr\u00fddek-M\u00edstek (\u2013 Fren\u0161t\u00e1t p.R.) (+elektrizace Kun\u010dice \u2013)<\/li><li>Ostrava \u2013 Opava<\/li><li>Hradec Kr\u00e1lov\u00e9 \u2013 Jarom\u011b\u0159<\/li><li>Otrokovice \u2013 Zl\u00edn (\u2013 Vizovice) (+elektrizace)<\/li><li>Olomouc \u2013 Prost\u011bjov \u2013 Nezamyslice<\/li><li>Olomouc \u2013 \u0160ternberk<\/li><li>\u010cesk\u00e9 Bud\u011bjovice \u2013 Protiv\u00edn<\/li><li>\u010cesk\u00e9 Bud\u011bjovice \u2013 \u0160ev\u011bt\u00edn<\/li><\/ul><p>\u00a0<\/p><p><a href=\"http:\/\/svodbohemia.cz\/wp-content\/uploads\/2022\/09\/regionalni-trate.png\"><img decoding=\"async\" class=\"alignnone size-medium wp-image-1768\" src=\"http:\/\/svodbohemia.cz\/wp-content\/uploads\/2022\/09\/regionalni-trate-300x161.png\" alt=\"\" width=\"300\" height=\"161\" srcset=\"https:\/\/svodbohemia.cz\/wp-content\/uploads\/2022\/09\/regionalni-trate-300x161.png 300w, https:\/\/svodbohemia.cz\/wp-content\/uploads\/2022\/09\/regionalni-trate-1024x551.png 1024w, https:\/\/svodbohemia.cz\/wp-content\/uploads\/2022\/09\/regionalni-trate-768x413.png 768w, https:\/\/svodbohemia.cz\/wp-content\/uploads\/2022\/09\/regionalni-trate-1536x826.png 1536w, https:\/\/svodbohemia.cz\/wp-content\/uploads\/2022\/09\/regionalni-trate.png 1818w\" sizes=\"(max-width: 300px) 100vw, 300px\" \/><\/a><\/p><\/div>\n\t\t\t\t<\/div>\n\t\t\t\t\t\t\t<div class=\"elementor-toggle-item\">\n\t\t\t\t\t<div id=\"elementor-tab-title-1764\" class=\"elementor-tab-title\" data-tab=\"4\" role=\"button\" aria-controls=\"elementor-tab-content-1764\" aria-expanded=\"false\">\n\t\t\t\t\t\t\t\t\t\t\t\t<span class=\"elementor-toggle-icon elementor-toggle-icon-left\" aria-hidden=\"true\">\n\t\t\t\t\t\t\t\t\t\t\t\t\t\t\t<span class=\"elementor-toggle-icon-closed\"><i class=\"fas fa-caret-right\"><\/i><\/span>\n\t\t\t\t\t\t\t\t<span class=\"elementor-toggle-icon-opened\"><i class=\"elementor-toggle-icon-opened fas fa-caret-up\"><\/i><\/span>\n\t\t\t\t\t\t\t\t\t\t\t\t\t<\/span>\n\t\t\t\t\t\t\t\t\t\t\t\t<a class=\"elementor-toggle-title\" tabindex=\"0\">Priorita \u010d. 3: Zv\u00fd\u0161en\u00ed kapacity a zlep\u0161en\u00ed parametr\u016f jednokolejn\u00fdch trat\u00ed se silnou d\u00e1lkovou nebo region\u00e1ln\u00ed dopravou<\/a>\n\t\t\t\t\t<\/div>\n\n\t\t\t\t\t<div id=\"elementor-tab-content-1764\" class=\"elementor-tab-content elementor-clearfix\" data-tab=\"4\" role=\"region\" aria-labelledby=\"elementor-tab-title-1764\"><p>Zdvojkolejn\u011bn\u00ed a zlep\u0161en\u00ed parametr\u016f pova\u017eujeme za nezbytn\u00e9 na trat\u00edch:<\/p><ul><li>Jihlava \u2013 Havl\u00ed\u010dk\u016fv Brod<\/li><li>Star\u00e9 M\u011bsto u Uhersk\u00e9ho Hradi\u0161t\u011b \u2013 Vesel\u00ed nad Moravou \u2013 \u00dajezdec u Luha\u010dovic \u2013 Luha\u010dovice (+elektrizace)<\/li><li>Kojet\u00edn \u2013 Hul\u00edn \u2013 Hole\u0161ov (+elektrizace)<\/li><\/ul><p>\u00a0<\/p><p><a href=\"http:\/\/svodbohemia.cz\/wp-content\/uploads\/2022\/09\/regionalni-dalkova.png\"><img decoding=\"async\" class=\"alignnone size-medium wp-image-1773\" src=\"http:\/\/svodbohemia.cz\/wp-content\/uploads\/2022\/09\/regionalni-dalkova-300x161.png\" alt=\"\" width=\"300\" height=\"161\" srcset=\"https:\/\/svodbohemia.cz\/wp-content\/uploads\/2022\/09\/regionalni-dalkova-300x161.png 300w, https:\/\/svodbohemia.cz\/wp-content\/uploads\/2022\/09\/regionalni-dalkova-1024x551.png 1024w, https:\/\/svodbohemia.cz\/wp-content\/uploads\/2022\/09\/regionalni-dalkova-768x413.png 768w, https:\/\/svodbohemia.cz\/wp-content\/uploads\/2022\/09\/regionalni-dalkova-1536x826.png 1536w, https:\/\/svodbohemia.cz\/wp-content\/uploads\/2022\/09\/regionalni-dalkova.png 1818w\" sizes=\"(max-width: 300px) 100vw, 300px\" \/><\/a><\/p><\/div>\n\t\t\t\t<\/div>\n\t\t\t\t\t\t\t<div class=\"elementor-toggle-item\">\n\t\t\t\t\t<div id=\"elementor-tab-title-1765\" class=\"elementor-tab-title\" data-tab=\"5\" role=\"button\" aria-controls=\"elementor-tab-content-1765\" aria-expanded=\"false\">\n\t\t\t\t\t\t\t\t\t\t\t\t<span class=\"elementor-toggle-icon elementor-toggle-icon-left\" aria-hidden=\"true\">\n\t\t\t\t\t\t\t\t\t\t\t\t\t\t\t<span class=\"elementor-toggle-icon-closed\"><i class=\"fas fa-caret-right\"><\/i><\/span>\n\t\t\t\t\t\t\t\t<span class=\"elementor-toggle-icon-opened\"><i class=\"elementor-toggle-icon-opened fas fa-caret-up\"><\/i><\/span>\n\t\t\t\t\t\t\t\t\t\t\t\t\t<\/span>\n\t\t\t\t\t\t\t\t\t\t\t\t<a class=\"elementor-toggle-title\" tabindex=\"0\">Priorita \u010d. 4: Elektrizace vybran\u00fdch dopravn\u011b v\u00fdznamn\u00fdch trat\u00ed<\/a>\n\t\t\t\t\t<\/div>\n\n\t\t\t\t\t<div id=\"elementor-tab-content-1765\" class=\"elementor-tab-content elementor-clearfix\" data-tab=\"5\" role=\"region\" aria-labelledby=\"elementor-tab-title-1765\"><p>Za dopravn\u011b v\u00fdznamn\u00e9 trat\u011b vhodn\u00e9 pro elektrizaci pova\u017eujeme trat\u011b s\u00a0d\u00e1lkovou dopravou nebo p\u0159\u00edm\u00fdmi vozy v\u00a0d\u00e1lkov\u00e9 doprav\u011b:<\/p><ul><li>(Ostrava \u2013) Fr\u00fddlant n.O. \u2013 Vala\u0161sk\u00e9 Mezi\u0159\u00ed\u010d\u00ed<\/li><li>Jihlava \u2013 Zast\u00e1vka u Brna<\/li><li>Jarom\u011b\u0159 \u2013 Trutnov \u2013 Svoboda n. \u00dapou<\/li><li>Opava \u2013 Krnov \u2013 Olomouc<\/li><li>Klatovy \u2013 \u017delezn\u00e1 Ruda<\/li><li>(Praha\u2013) Kladno \u2013 Rakovn\u00edk<\/li><li>(Praha \u2013 V\u0161etaty) \u2013 Mlad\u00e1 Boleslav \u2013 Tanvald<\/li><li>Bludov \u2013 Jesen\u00edk<\/li><li>\u010cesk\u00e9 Bud\u011bjovice \u2013 K\u00e1jov (\u2013 Volary)<\/li><li>Vesel\u00ed nad Lu\u017enic\u00ed \u2013 \u010cesk\u00e9 Velenice<\/li><li>Jarom\u011b\u0159 \u2013 Liberec<\/li><li>Liberec \u2013 D\u011b\u010d\u00edn<\/li><li>Plze\u0148 \u2013 \u017datec<\/li><li>Nymburk \u2013 Mlad\u00e1 Boleslav \u2013 \u010cesk\u00e1 L\u00edpa (\u2013 Rumburk)<\/li><\/ul><p>Ostatn\u00ed trat\u011b v\u00a0region\u00e1ln\u00ed doprav\u011b se silnou popt\u00e1vkou nebo s\u00a0logick\u00fdmi vozebn\u00edmi rameny a vazbou na elektrizovan\u00e9 trat\u011b:<\/p><ul><li>T\u00fdni\u0161t\u011b n.O. \u2013 \u010castolovice \u2013 Solnice\/Letohrad<\/li><li>B\u0159eclav \u2013 Znojmo<\/li><li>Brno \u2013 Vesel\u00ed n.M. \u2013 Bylnice<\/li><li>Vesel\u00ed n.M. &#8211; Rohatec<\/li><li>Hora\u017e\u010fovice p\u0159.- Su\u0161ice<\/li><li>Praha \u2013 Rudn\u00e1 \u2013 Beroun<\/li><li>Praha \u2013 Vran\u00e9 n.V. (-\u010cer\u010dany)<\/li><li>Pardubice \u2013 Havl\u00ed\u010dk\u016fv Brod<\/li><li>Kojet\u00edn \u2013 Hul\u00edn \u2013 Vala\u0161sk\u00e9 Mezi\u0159\u00ed\u010d\u00ed<\/li><li>Vala\u0161sk\u00e9 Mezi\u0159\u00ed\u010d\u00ed \u2013 Ro\u017enov p.R.<\/li><li>Zdice \u2013 P\u00edsek<\/li><li>P\u00edsek \u2013 T\u00e1bor<\/li><li>Kladno \u2013 Kralupy \u2013 Neratovice<\/li><li>Svitavy \u2013 Poli\u010dka<\/li><li>\u010cesk\u00e1 T\u0159ebov\u00e1 \u2013 Lan\u0161kroun<\/li><li>\u010cesk\u00e1 T\u0159ebov\u00e1 \u2013 Moravsk\u00e1 T\u0159ebov\u00e1<\/li><li>Kostelec \u2013 Da\u010dice \u2013 Slavonice<\/li><li>Horn\u00ed Lide\u010d \u2013 Bylnice<\/li><li>Stud\u00e9nka \u2013 \u0160tramberk (-Ve\u0159ovice)<\/li><li>SuchdolO. \u2013 Budi\u0161ov n. Budi\u0161ovkou<\/li><li>Suchdol n.O. \u2013 Nov\u00fd Ji\u010d\u00edn<\/li><li>\u017d\u010f\u00e1r n.S. \u2013 Nov\u00e9 M\u011bsto n.M . \u2013 Ti\u0161nov<\/li><li>T\u00fdni\u0161t\u011b n.O. \u2013 Broumov<\/li><\/ul><p>\u00a0<\/p><p><a href=\"http:\/\/svodbohemia.cz\/wp-content\/uploads\/2022\/09\/ostatni-elektrizace.png\"><img loading=\"lazy\" decoding=\"async\" class=\"alignnone size-medium wp-image-1777\" src=\"http:\/\/svodbohemia.cz\/wp-content\/uploads\/2022\/09\/ostatni-elektrizace-300x158.png\" alt=\"\" width=\"300\" height=\"158\" srcset=\"https:\/\/svodbohemia.cz\/wp-content\/uploads\/2022\/09\/ostatni-elektrizace-300x158.png 300w, https:\/\/svodbohemia.cz\/wp-content\/uploads\/2022\/09\/ostatni-elektrizace-1024x541.png 1024w, https:\/\/svodbohemia.cz\/wp-content\/uploads\/2022\/09\/ostatni-elektrizace-768x406.png 768w, https:\/\/svodbohemia.cz\/wp-content\/uploads\/2022\/09\/ostatni-elektrizace-1536x811.png 1536w, https:\/\/svodbohemia.cz\/wp-content\/uploads\/2022\/09\/ostatni-elektrizace.png 1852w\" sizes=\"(max-width: 300px) 100vw, 300px\" \/><\/a><\/p><\/div>\n\t\t\t\t<\/div>\n\t\t\t\t\t\t\t<div class=\"elementor-toggle-item\">\n\t\t\t\t\t<div id=\"elementor-tab-title-1766\" class=\"elementor-tab-title\" data-tab=\"6\" role=\"button\" aria-controls=\"elementor-tab-content-1766\" aria-expanded=\"false\">\n\t\t\t\t\t\t\t\t\t\t\t\t<span class=\"elementor-toggle-icon elementor-toggle-icon-left\" aria-hidden=\"true\">\n\t\t\t\t\t\t\t\t\t\t\t\t\t\t\t<span class=\"elementor-toggle-icon-closed\"><i class=\"fas fa-caret-right\"><\/i><\/span>\n\t\t\t\t\t\t\t\t<span class=\"elementor-toggle-icon-opened\"><i class=\"elementor-toggle-icon-opened fas fa-caret-up\"><\/i><\/span>\n\t\t\t\t\t\t\t\t\t\t\t\t\t<\/span>\n\t\t\t\t\t\t\t\t\t\t\t\t<a class=\"elementor-toggle-title\" tabindex=\"0\">Priorita \u010d. 5: Roz\u0161\u00ed\u0159en\u00ed po\u010dtu konkurenceschopn\u00fdch trat\u00ed a p\u0159echod\u016f do zahrani\u010d\u00ed<\/a>\n\t\t\t\t\t<\/div>\n\n\t\t\t\t\t<div id=\"elementor-tab-content-1766\" class=\"elementor-tab-content elementor-clearfix\" data-tab=\"6\" role=\"region\" aria-labelledby=\"elementor-tab-title-1766\"><p>Zkapacitn\u011bn\u00ed a zlep\u0161en\u00ed parametr\u016f (elektrizace, d\u00edl\u010d\u00ed nebo celkov\u00e9 zdvojkolejn\u011bn\u00ed, zv\u00fd\u0161en\u00ed rychlosti) st\u00e1vaj\u00edc\u00edch trat\u00ed nebo dopln\u011bn\u00ed nov\u00e9 infrastruktury:<\/p><ul><li>(Praha\u2013 ) \u00dast\u00ed nad Labem \u2013 Dresden (nov\u00e1 elektrizovan\u00e1 tra\u0165)<\/li><li>(Praha \u2013) Plze\u0148 \u2013 Schwandorf \u2013 N\u00fcrnberg\/M\u00fcnchen (+elektrizace)<\/li><li>\u010cesk\u00e9 Bud\u011bjovice \u2013 Rybn\u00edk (\u2013 Linz)<\/li><\/ul><\/div>\n\t\t\t\t<\/div>\n\t\t\t\t\t\t\t<div class=\"elementor-toggle-item\">\n\t\t\t\t\t<div id=\"elementor-tab-title-1767\" class=\"elementor-tab-title\" data-tab=\"7\" role=\"button\" aria-controls=\"elementor-tab-content-1767\" aria-expanded=\"false\">\n\t\t\t\t\t\t\t\t\t\t\t\t<span class=\"elementor-toggle-icon elementor-toggle-icon-left\" aria-hidden=\"true\">\n\t\t\t\t\t\t\t\t\t\t\t\t\t\t\t<span class=\"elementor-toggle-icon-closed\"><i class=\"fas fa-caret-right\"><\/i><\/span>\n\t\t\t\t\t\t\t\t<span class=\"elementor-toggle-icon-opened\"><i class=\"elementor-toggle-icon-opened fas fa-caret-up\"><\/i><\/span>\n\t\t\t\t\t\t\t\t\t\t\t\t\t<\/span>\n\t\t\t\t\t\t\t\t\t\t\t\t<a class=\"elementor-toggle-title\" tabindex=\"0\">Priorita \u010d. 6: Vybudov\u00e1n\u00ed odpov\u00eddaj\u00edc\u00edho z\u00e1zem\u00ed v uzlech a v\u00fdznamn\u00fdch stanic\u00edch osobn\u00ed dopravy<\/a>\n\t\t\t\t\t<\/div>\n\n\t\t\t\t\t<div id=\"elementor-tab-content-1767\" class=\"elementor-tab-content elementor-clearfix\" data-tab=\"7\" role=\"region\" aria-labelledby=\"elementor-tab-title-1767\"><p>Ve v\u00fdznamn\u00fdch stanic\u00edch na trat\u00edch uveden\u00fdch v\u00fd\u0161e je pro pot\u0159eby osobn\u00ed dopravy pot\u0159eba dobudovat resp. doplnit vybaven\u00ed jako:<\/p><ul><li>odstavn\u00e1 za\u0159\u00edzen\u00ed<\/li><li>temperov\u00e1n\u00ed<\/li><li>ods\u00e1v\u00e1n\u00ed WC<\/li><li>dopl\u0148ov\u00e1n\u00ed vody<\/li><li>\u00faklid<\/li><li>provozn\u00ed o\u0161et\u0159en\u00ed<\/li><li>vn\u011bj\u0161\u00ed myt\u00ed<\/li><li>z\u00e1zem\u00ed pro person\u00e1l dopravce<\/li><\/ul><\/div>\n\t\t\t\t<\/div>\n\t\t\t\t\t\t\t\t<\/div>\n\t\t\t\t\t\t<\/div>\n\t\t\t\t<\/div>\n\t\t\t\t\t<\/div>\n\t\t<\/div>\n\t\t\t\t\t<\/div>\n\t\t<\/section>\n\t\t\t\t<\/div>\n\t\t","protected":false},"excerpt":{"rendered":"<p>Modernizace a v\u00fdstavba dr\u00e1\u017en\u00ed infrastruktury Pot\u0159eby osobn\u00ed dr\u00e1\u017en\u00ed dopravy Koncep\u010dn\u00ed priority rozvoje \u017eelezni\u010dn\u00ed infrastruktury s ohledem na napln\u011bn\u00ed c\u00edl\u016f stanoven\u00fdch v Dopravn\u00ed politice \u010cesk\u00e9 republiky pro obdob\u00ed 2021-2027 s v\u00fdhledem do roku 2050 jsou sestaveny v\u00a0po\u0159ad\u00ed dle relativn\u00ed d\u016fle\u017eitosti pro osobn\u00ed dopravu.\u00a0Ve stejn\u00e9m po\u0159ad\u00ed prosazujeme realizovat p\u0159echod na v\u00fdhradn\u00ed provoz ETCS.\u00a0Konverze trak\u010dn\u00ed soustavy 3kV na [&hellip;]<\/p>\n","protected":false},"author":1,"featured_media":0,"parent":0,"menu_order":0,"comment_status":"closed","ping_status":"closed","template":"","meta":{"footnotes":""},"class_list":["post-1331","page","type-page","status-publish","hentry"],"_links":{"self":[{"href":"https:\/\/svodbohemia.cz\/index.php\/wp-json\/wp\/v2\/pages\/1331","targetHints":{"allow":["GET"]}}],"collection":[{"href":"https:\/\/svodbohemia.cz\/index.php\/wp-json\/wp\/v2\/pages"}],"about":[{"href":"https:\/\/svodbohemia.cz\/index.php\/wp-json\/wp\/v2\/types\/page"}],"author":[{"embeddable":true,"href":"https:\/\/svodbohemia.cz\/index.php\/wp-json\/wp\/v2\/users\/1"}],"replies":[{"embeddable":true,"href":"https:\/\/svodbohemia.cz\/index.php\/wp-json\/wp\/v2\/comments?post=1331"}],"version-history":[{"count":38,"href":"https:\/\/svodbohemia.cz\/index.php\/wp-json\/wp\/v2\/pages\/1331\/revisions"}],"predecessor-version":[{"id":2240,"href":"https:\/\/svodbohemia.cz\/index.php\/wp-json\/wp\/v2\/pages\/1331\/revisions\/2240"}],"wp:attachment":[{"href":"https:\/\/svodbohemia.cz\/index.php\/wp-json\/wp\/v2\/media?parent=1331"}],"curies":[{"name":"wp","href":"https:\/\/api.w.org\/{rel}","templated":true}]}}