{"id":1421,"date":"2022-08-23T14:38:24","date_gmt":"2022-08-23T14:38:24","guid":{"rendered":"https:\/\/svodbohemia.cz\/?page_id=1421"},"modified":"2023-05-04T14:20:44","modified_gmt":"2023-05-04T14:20:44","slug":"rizeni-odvetvi","status":"publish","type":"page","link":"https:\/\/svodbohemia.cz\/index.php\/rizeni-odvetvi\/","title":{"rendered":"\u0158\u00edzen\u00ed odv\u011btv\u00ed"},"content":{"rendered":"\t\t<div data-elementor-type=\"wp-page\" data-elementor-id=\"1421\" class=\"elementor elementor-1421\" data-elementor-post-type=\"page\">\n\t\t\t\t\t\t<section class=\"elementor-section elementor-top-section elementor-element elementor-element-f4ad633 elementor-section-boxed elementor-section-height-default elementor-section-height-default\" data-id=\"f4ad633\" data-element_type=\"section\">\n\t\t\t\t\t\t<div class=\"elementor-container elementor-column-gap-default\">\n\t\t\t\t\t<div class=\"elementor-column elementor-col-100 elementor-top-column elementor-element elementor-element-4446baa\" data-id=\"4446baa\" data-element_type=\"column\">\n\t\t\t<div class=\"elementor-widget-wrap elementor-element-populated\">\n\t\t\t\t\t\t<div class=\"elementor-element elementor-element-ce02670 elementor-widget elementor-widget-heading\" data-id=\"ce02670\" data-element_type=\"widget\" data-widget_type=\"heading.default\">\n\t\t\t\t<div class=\"elementor-widget-container\">\n\t\t\t\t\t<h2 class=\"elementor-heading-title elementor-size-default\">\u0158\u00edzen\u00ed odv\u011btv\u00ed<\/h2>\t\t\t\t<\/div>\n\t\t\t\t<\/div>\n\t\t\t\t\t<\/div>\n\t\t<\/div>\n\t\t\t\t\t<\/div>\n\t\t<\/section>\n\t\t\t\t<section class=\"elementor-section elementor-top-section elementor-element elementor-element-6cbe2b9 elementor-section-boxed elementor-section-height-default elementor-section-height-default\" data-id=\"6cbe2b9\" data-element_type=\"section\">\n\t\t\t\t\t\t<div class=\"elementor-container elementor-column-gap-default\">\n\t\t\t\t\t<div class=\"elementor-column elementor-col-100 elementor-top-column elementor-element elementor-element-4324886\" data-id=\"4324886\" data-element_type=\"column\">\n\t\t\t<div class=\"elementor-widget-wrap elementor-element-populated\">\n\t\t\t\t\t\t<div class=\"elementor-element elementor-element-5b7066f elementor-widget elementor-widget-toggle\" data-id=\"5b7066f\" data-element_type=\"widget\" data-widget_type=\"toggle.default\">\n\t\t\t\t<div class=\"elementor-widget-container\">\n\t\t\t\t\t\t\t<div class=\"elementor-toggle\">\n\t\t\t\t\t\t\t<div class=\"elementor-toggle-item\">\n\t\t\t\t\t<div id=\"elementor-tab-title-9581\" class=\"elementor-tab-title\" data-tab=\"1\" role=\"button\" aria-controls=\"elementor-tab-content-9581\" aria-expanded=\"false\">\n\t\t\t\t\t\t\t\t\t\t\t\t<span class=\"elementor-toggle-icon elementor-toggle-icon-left\" aria-hidden=\"true\">\n\t\t\t\t\t\t\t\t\t\t\t\t\t\t\t<span class=\"elementor-toggle-icon-closed\"><i class=\"fas fa-caret-right\"><\/i><\/span>\n\t\t\t\t\t\t\t\t<span class=\"elementor-toggle-icon-opened\"><i class=\"elementor-toggle-icon-opened fas fa-caret-up\"><\/i><\/span>\n\t\t\t\t\t\t\t\t\t\t\t\t\t<\/span>\n\t\t\t\t\t\t\t\t\t\t\t\t<a class=\"elementor-toggle-title\" tabindex=\"0\">Mapa vztah\u016f<\/a>\n\t\t\t\t\t<\/div>\n\n\t\t\t\t\t<div id=\"elementor-tab-content-9581\" class=\"elementor-tab-content elementor-clearfix\" data-tab=\"1\" role=\"region\" aria-labelledby=\"elementor-tab-title-9581\"><p>\u017delezni\u010dn\u00ed odv\u011btv\u00ed je \u0159\u00edzeno maticov\u011b, odpov\u011bdnost za jednotliv\u00e9 oblasti je rozprost\u0159ena mezi liniov\u011b \u0159\u00edzen\u00e9 \u00fatvary Ministerstva dopravy a jemu pod\u0159\u00edzen\u00fdch organizac\u00ed. Vrcholov\u011b za odv\u011btv\u00ed odpov\u00edd\u00e1 ministr dopravy.<\/p><figure id=\"attachment_1461\" aria-describedby=\"caption-attachment-1461\" style=\"width: 300px\" class=\"wp-caption alignnone\"><a href=\"http:\/\/svodbohemia.cz\/wp-content\/uploads\/2022\/08\/Rizeni-odvetvi-2.png\" target=\"_blank\" rel=\"noopener\"><img decoding=\"async\" class=\"wp-image-1461 size-medium\" src=\"http:\/\/svodbohemia.cz\/wp-content\/uploads\/2022\/08\/Rizeni-odvetvi-2-300x157.png\" alt=\"\" width=\"300\" height=\"157\" srcset=\"https:\/\/svodbohemia.cz\/wp-content\/uploads\/2022\/08\/Rizeni-odvetvi-2-300x157.png 300w, https:\/\/svodbohemia.cz\/wp-content\/uploads\/2022\/08\/Rizeni-odvetvi-2-1024x537.png 1024w, https:\/\/svodbohemia.cz\/wp-content\/uploads\/2022\/08\/Rizeni-odvetvi-2-768x403.png 768w, https:\/\/svodbohemia.cz\/wp-content\/uploads\/2022\/08\/Rizeni-odvetvi-2.png 1261w\" sizes=\"(max-width: 300px) 100vw, 300px\" \/><\/a><figcaption id=\"caption-attachment-1461\" class=\"wp-caption-text\">Mapa vztah\u016f<\/figcaption><\/figure><\/div>\n\t\t\t\t<\/div>\n\t\t\t\t\t\t\t<div class=\"elementor-toggle-item\">\n\t\t\t\t\t<div id=\"elementor-tab-title-9582\" class=\"elementor-tab-title\" data-tab=\"2\" role=\"button\" aria-controls=\"elementor-tab-content-9582\" aria-expanded=\"false\">\n\t\t\t\t\t\t\t\t\t\t\t\t<span class=\"elementor-toggle-icon elementor-toggle-icon-left\" aria-hidden=\"true\">\n\t\t\t\t\t\t\t\t\t\t\t\t\t\t\t<span class=\"elementor-toggle-icon-closed\"><i class=\"fas fa-caret-right\"><\/i><\/span>\n\t\t\t\t\t\t\t\t<span class=\"elementor-toggle-icon-opened\"><i class=\"elementor-toggle-icon-opened fas fa-caret-up\"><\/i><\/span>\n\t\t\t\t\t\t\t\t\t\t\t\t\t<\/span>\n\t\t\t\t\t\t\t\t\t\t\t\t<a class=\"elementor-toggle-title\" tabindex=\"0\">Rozd\u011blen\u00ed odpov\u011bdnost\u00ed<\/a>\n\t\t\t\t\t<\/div>\n\n\t\t\t\t\t<div id=\"elementor-tab-content-9582\" class=\"elementor-tab-content elementor-clearfix\" data-tab=\"2\" role=\"region\" aria-labelledby=\"elementor-tab-title-9582\"><p>\u0158\u00edzen\u00ed rozpo\u010dtu a strategie odv\u011btv\u00ed dopravy je v gesci sekce ekonomick\u00e9 a infrastrukturn\u00ed. Sekce legislativn\u00ed a pr\u00e1vn\u00ed je odpov\u011bdn\u00e1 za tvorbu legislativy. Sekce dopravn\u00ed m\u00e1 na starosti koncepci rozvoje \u017eelezni\u010dn\u00ed dopravy, dr\u00e1\u017en\u00ed p\u0159edpisy a je objednavatelem dopravn\u00ed obslu\u017enosti vlaky d\u00e1lkov\u00e9 a nadregion\u00e1ln\u00ed dopravy.<\/p><\/div>\n\t\t\t\t<\/div>\n\t\t\t\t\t\t\t<div class=\"elementor-toggle-item\">\n\t\t\t\t\t<div id=\"elementor-tab-title-9583\" class=\"elementor-tab-title\" data-tab=\"3\" role=\"button\" aria-controls=\"elementor-tab-content-9583\" aria-expanded=\"false\">\n\t\t\t\t\t\t\t\t\t\t\t\t<span class=\"elementor-toggle-icon elementor-toggle-icon-left\" aria-hidden=\"true\">\n\t\t\t\t\t\t\t\t\t\t\t\t\t\t\t<span class=\"elementor-toggle-icon-closed\"><i class=\"fas fa-caret-right\"><\/i><\/span>\n\t\t\t\t\t\t\t\t<span class=\"elementor-toggle-icon-opened\"><i class=\"elementor-toggle-icon-opened fas fa-caret-up\"><\/i><\/span>\n\t\t\t\t\t\t\t\t\t\t\t\t\t<\/span>\n\t\t\t\t\t\t\t\t\t\t\t\t<a class=\"elementor-toggle-title\" tabindex=\"0\">Centr\u00e1ln\u00ed komise<\/a>\n\t\t\t\t\t<\/div>\n\n\t\t\t\t\t<div id=\"elementor-tab-content-9583\" class=\"elementor-tab-content elementor-clearfix\" data-tab=\"3\" role=\"region\" aria-labelledby=\"elementor-tab-title-9583\"><p>P\u0159\u00edpravu dopravn\u00edch staveb posuzuje Centr\u00e1ln\u00ed komise Ministerstva dopravy, j\u00ed\u017e p\u0159edsed\u00e1 vrchn\u00ed \u0159editel\/ka pro \u0159\u00edzen\u00ed sekce ekonomick\u00e9 a infrastrukturn\u00ed.<\/p><p>M\u00edstop\u0159edsedou Centr\u00e1ln\u00ed komise je \u0159editel odboru strategie Ministerstva dopravy.<\/p><p>\u010clenem centr\u00e1ln\u00ed komise je \u0159editel St\u00e1tn\u00edho fondu dopravn\u00ed infrastruktury a vrchn\u00ed \u0159editel pro \u0159\u00edzen\u00ed sekce dopravn\u00ed.<\/p><\/div>\n\t\t\t\t<\/div>\n\t\t\t\t\t\t\t<div class=\"elementor-toggle-item\">\n\t\t\t\t\t<div id=\"elementor-tab-title-9584\" class=\"elementor-tab-title\" data-tab=\"4\" role=\"button\" aria-controls=\"elementor-tab-content-9584\" aria-expanded=\"false\">\n\t\t\t\t\t\t\t\t\t\t\t\t<span class=\"elementor-toggle-icon elementor-toggle-icon-left\" aria-hidden=\"true\">\n\t\t\t\t\t\t\t\t\t\t\t\t\t\t\t<span class=\"elementor-toggle-icon-closed\"><i class=\"fas fa-caret-right\"><\/i><\/span>\n\t\t\t\t\t\t\t\t<span class=\"elementor-toggle-icon-opened\"><i class=\"elementor-toggle-icon-opened fas fa-caret-up\"><\/i><\/span>\n\t\t\t\t\t\t\t\t\t\t\t\t\t<\/span>\n\t\t\t\t\t\t\t\t\t\t\t\t<a class=\"elementor-toggle-title\" tabindex=\"0\">St\u00e1tn\u00ed fond dopravn\u00ed infrastruktury<\/a>\n\t\t\t\t\t<\/div>\n\n\t\t\t\t\t<div id=\"elementor-tab-content-9584\" class=\"elementor-tab-content elementor-clearfix\" data-tab=\"4\" role=\"region\" aria-labelledby=\"elementor-tab-title-9584\"><p>Financov\u00e1n\u00ed dopravn\u00edch staveb je realizov\u00e1no ze st\u00e1tn\u00edho rozpo\u010dtu a dal\u0161\u00edch zdroj\u016f prost\u0159ednictv\u00edm St\u00e1tn\u00edho fondu dopravn\u00ed infrastruktury.<\/p><p>Nejvy\u0161\u0161\u00edm org\u00e1nem fondu je V\u00fdbor, jeho\u017e p\u0159edsedou je ministr dopravy. \u010cleny V\u00fdboru jsou \u0159editel odboru kancel\u00e1\u0159e ministra dopravy, n\u00e1m\u011bstek \u010dlena vl\u00e1dy, \u0159editelka odboru ekonomiky a financov\u00e1n\u00ed a \u0159editel odboru dr\u00e1\u017en\u00ed dopravy.<\/p><p>Kontroln\u00edm org\u00e1nem je dozor\u010d\u00ed rada, v jej\u00edm\u017e \u010dele je p\u0159edseda Hospod\u00e1\u0159sk\u00e9ho v\u00fdboru Parlamentu.<\/p><\/div>\n\t\t\t\t<\/div>\n\t\t\t\t\t\t\t<div class=\"elementor-toggle-item\">\n\t\t\t\t\t<div id=\"elementor-tab-title-9585\" class=\"elementor-tab-title\" data-tab=\"5\" role=\"button\" aria-controls=\"elementor-tab-content-9585\" aria-expanded=\"false\">\n\t\t\t\t\t\t\t\t\t\t\t\t<span class=\"elementor-toggle-icon elementor-toggle-icon-left\" aria-hidden=\"true\">\n\t\t\t\t\t\t\t\t\t\t\t\t\t\t\t<span class=\"elementor-toggle-icon-closed\"><i class=\"fas fa-caret-right\"><\/i><\/span>\n\t\t\t\t\t\t\t\t<span class=\"elementor-toggle-icon-opened\"><i class=\"elementor-toggle-icon-opened fas fa-caret-up\"><\/i><\/span>\n\t\t\t\t\t\t\t\t\t\t\t\t\t<\/span>\n\t\t\t\t\t\t\t\t\t\t\t\t<a class=\"elementor-toggle-title\" tabindex=\"0\">Spr\u00e1va \u017eeleznic<\/a>\n\t\t\t\t\t<\/div>\n\n\t\t\t\t\t<div id=\"elementor-tab-content-9585\" class=\"elementor-tab-content elementor-clearfix\" data-tab=\"5\" role=\"region\" aria-labelledby=\"elementor-tab-title-9585\"><p>Spr\u00e1va \u017eeleznic je \u0159\u00edzena st\u00e1tem prost\u0159ednictv\u00edm spr\u00e1vn\u00ed rady, kterou jmenuje vl\u00e1da na n\u00e1vrh ministra dopravy.<\/p><p>\u010clenem spr\u00e1vn\u00ed rady je vrchn\u00ed \u0159editel pro \u0159\u00edzen\u00ed sekce dopravn\u00ed a \u010dlen Hospod\u00e1\u0159sk\u00e9ho v\u00fdboru Poslaneck\u00e9 sn\u011bmovny.<\/p><p>Kontroln\u00edm org\u00e1nem Spr\u00e1vy \u017eeleznic je v\u00fdbor pro audit. \u010clenem v\u00fdboru pro audit je vrchn\u00ed \u0159edite\/ka pro \u0159\u00edzen\u00ed sekce ekonomick\u00e9 a infrastrukturn\u00ed.<\/p><\/div>\n\t\t\t\t<\/div>\n\t\t\t\t\t\t\t\t<\/div>\n\t\t\t\t\t\t<\/div>\n\t\t\t\t<\/div>\n\t\t\t\t\t<\/div>\n\t\t<\/div>\n\t\t\t\t\t<\/div>\n\t\t<\/section>\n\t\t\t\t<\/div>\n\t\t","protected":false},"excerpt":{"rendered":"<p>\u0158\u00edzen\u00ed odv\u011btv\u00ed Mapa vztah\u016f \u017delezni\u010dn\u00ed odv\u011btv\u00ed je \u0159\u00edzeno maticov\u011b, odpov\u011bdnost za jednotliv\u00e9 oblasti je rozprost\u0159ena mezi liniov\u011b \u0159\u00edzen\u00e9 \u00fatvary Ministerstva dopravy a jemu pod\u0159\u00edzen\u00fdch organizac\u00ed. Vrcholov\u011b za odv\u011btv\u00ed odpov\u00edd\u00e1 ministr dopravy. Mapa vztah\u016f Rozd\u011blen\u00ed odpov\u011bdnost\u00ed \u0158\u00edzen\u00ed rozpo\u010dtu a strategie odv\u011btv\u00ed dopravy je v gesci sekce ekonomick\u00e9 a infrastrukturn\u00ed. Sekce legislativn\u00ed a pr\u00e1vn\u00ed je odpov\u011bdn\u00e1 za [&hellip;]<\/p>\n","protected":false},"author":1,"featured_media":0,"parent":0,"menu_order":0,"comment_status":"closed","ping_status":"closed","template":"","meta":{"footnotes":""},"class_list":["post-1421","page","type-page","status-publish","hentry"],"_links":{"self":[{"href":"https:\/\/svodbohemia.cz\/index.php\/wp-json\/wp\/v2\/pages\/1421","targetHints":{"allow":["GET"]}}],"collection":[{"href":"https:\/\/svodbohemia.cz\/index.php\/wp-json\/wp\/v2\/pages"}],"about":[{"href":"https:\/\/svodbohemia.cz\/index.php\/wp-json\/wp\/v2\/types\/page"}],"author":[{"embeddable":true,"href":"https:\/\/svodbohemia.cz\/index.php\/wp-json\/wp\/v2\/users\/1"}],"replies":[{"embeddable":true,"href":"https:\/\/svodbohemia.cz\/index.php\/wp-json\/wp\/v2\/comments?post=1421"}],"version-history":[{"count":56,"href":"https:\/\/svodbohemia.cz\/index.php\/wp-json\/wp\/v2\/pages\/1421\/revisions"}],"predecessor-version":[{"id":2330,"href":"https:\/\/svodbohemia.cz\/index.php\/wp-json\/wp\/v2\/pages\/1421\/revisions\/2330"}],"wp:attachment":[{"href":"https:\/\/svodbohemia.cz\/index.php\/wp-json\/wp\/v2\/media?parent=1421"}],"curies":[{"name":"wp","href":"https:\/\/api.w.org\/{rel}","templated":true}]}}