{"id":2599,"date":"2025-09-02T08:05:47","date_gmt":"2025-09-02T08:05:47","guid":{"rendered":"https:\/\/svodbohemia.cz\/?page_id=2599"},"modified":"2025-09-02T08:35:29","modified_gmt":"2025-09-02T08:35:29","slug":"pred-cestou","status":"publish","type":"page","link":"https:\/\/svodbohemia.cz\/index.php\/pred-cestou\/","title":{"rendered":"P\u0159ed cestou"},"content":{"rendered":"\t\t<div data-elementor-type=\"wp-page\" data-elementor-id=\"2599\" class=\"elementor elementor-2599\" data-elementor-post-type=\"page\">\n\t\t\t\t\t\t<section class=\"elementor-section elementor-top-section elementor-element elementor-element-e879ecd elementor-section-boxed elementor-section-height-default elementor-section-height-default\" data-id=\"e879ecd\" data-element_type=\"section\">\n\t\t\t\t\t\t<div class=\"elementor-container elementor-column-gap-default\">\n\t\t\t\t\t<div class=\"elementor-column elementor-col-100 elementor-top-column elementor-element elementor-element-d766aee\" data-id=\"d766aee\" data-element_type=\"column\">\n\t\t\t<div class=\"elementor-widget-wrap elementor-element-populated\">\n\t\t\t\t\t\t<div class=\"elementor-element elementor-element-d3420a4 elementor-widget elementor-widget-heading\" data-id=\"d3420a4\" data-element_type=\"widget\" data-widget_type=\"heading.default\">\n\t\t\t\t<div class=\"elementor-widget-container\">\n\t\t\t\t\t<h2 class=\"elementor-heading-title elementor-size-default\">P\u0159ed cestou<\/h2>\t\t\t\t<\/div>\n\t\t\t\t<\/div>\n\t\t\t\t\t<\/div>\n\t\t<\/div>\n\t\t\t\t\t<\/div>\n\t\t<\/section>\n\t\t\t\t<section class=\"elementor-section elementor-top-section elementor-element elementor-element-c09778e elementor-section-boxed elementor-section-height-default elementor-section-height-default\" data-id=\"c09778e\" data-element_type=\"section\">\n\t\t\t\t\t\t<div class=\"elementor-container elementor-column-gap-default\">\n\t\t\t\t\t<div class=\"elementor-column elementor-col-100 elementor-top-column elementor-element elementor-element-f77b280\" data-id=\"f77b280\" data-element_type=\"column\">\n\t\t\t<div class=\"elementor-widget-wrap elementor-element-populated\">\n\t\t\t\t\t\t<div class=\"elementor-element elementor-element-a988031 elementor-widget elementor-widget-text-editor\" data-id=\"a988031\" data-element_type=\"widget\" data-widget_type=\"text-editor.default\">\n\t\t\t\t<div class=\"elementor-widget-container\">\n\t\t\t\t\t\t\t\t\t<h2><a name=\"_Toc205800742\"><\/a>Vyhled\u00e1n\u00ed spojen\u00ed<\/h2><p style=\"font-weight: 400;\">K vyhled\u00e1n\u00ed spojen\u00ed jsou dnes ve v\u011bt\u0161in\u011b p\u0159\u00edpad\u016f vyu\u017e\u00edv\u00e1ny mobiln\u00ed aplikace nebo webov\u00e9 slu\u017eby, p\u0159\u00edpadn\u011b pracovn\u00edk ve stanici, resp. v pokladn\u011b. Po\u017eadavky na p\u0159\u00edstupnost web\u016f a mobiln\u00edch aplikac\u00ed pro osoby nevidom\u00e9 nebo slabozrak\u00e9 jsou pops\u00e1ny <a href=\"https:\/\/svodbohemia.cz\/index.php\/pristupnost-vyrobku-a-sluzeb\/\">zde<\/a>.<\/p><p style=\"font-weight: 400;\">Kni\u017en\u00ed j\u00edzdn\u00ed \u0159\u00e1dy se pro vyhled\u00e1v\u00e1n\u00ed spojen\u00ed pou\u017e\u00edvaj\u00ed dnes ji\u017e v\u00fdjime\u010dn\u011b. Pro nevidom\u00e9 a slabozrak\u00e9 nejsou ti\u0161t\u011bn\u00e9 j\u00edzdn\u00ed \u0159\u00e1dy v Braillov\u011b p\u00edsmu vyd\u00e1v\u00e1ny.<\/p><p style=\"font-weight: 400;\"><strong>V\u00fddejny j\u00edzdn\u00edch doklad\u016f s osobn\u00ed obsluhou, prodejn\u00ed termin\u00e1ly <\/strong><a href=\"https:\/\/zdopravy.cz\/wp-content\/uploads\/2019\/12\/kasa_arriva.jpeg\"><strong>se vzd\u00e1lenou osobn\u00ed obsluhou<\/strong><\/a><strong> a informa\u010dn\u00ed kancel\u00e1\u0159e mus\u00ed b\u00fdt vybaveny instalac\u00ed umo\u017e\u0148uj\u00edc\u00ed pou\u017eit\u00ed induk\u010dn\u00ed smy\u010dky pro osoby nedosl\u00fdchav\u00e9.<\/strong><\/p><p style=\"font-weight: 400;\">P\u0159ehled p\u0159\u00edjezd\u016f a odjezd\u016f vlak\u016f je mo\u017en\u00e9 z\u00edskat prost\u0159ednictv\u00edm elektronick\u00e9ho j\u00edzdn\u00edho \u0159\u00e1du um\u00edst\u011bn\u00e9ho v elektronick\u00e9m zobrazovac\u00edm panelu (EZOP). N\u011bkter\u00e9 panely jsou vybaveny <a href=\"https:\/\/drive.google.com\/file\/d\/1sLqF2P0JEKNJ7ulV2YJIOvmoVFyUIMco\/view?usp=sharing\">p\u0159ij\u00edma\u010dem sign\u00e1lu VPN<\/a> a lze je p\u0159epnout do <a href=\"https:\/\/drive.google.com\/file\/d\/1faD8otvD297g0wkEYqilo4lSjAhmbmFZ\/view?usp=sharing\">kontrastn\u00edho re\u017eimu<\/a>. P\u0159i p\u0159\u00ed\u0161t\u00edch upgradech doporu\u010dujeme doplnit mo\u017enost funk\u010dn\u00edho zv\u011bt\u0161en\u00ed p\u00edsma.<\/p><h2><a name=\"_Toc205800743\"><\/a>Rezervace m\u00edst k sezen\u00ed<\/h2><p style=\"font-weight: 400;\">Pro proveden\u00ed rezervace m\u00edst k sezen\u00ed plat\u00ed obdobn\u00e1 opat\u0159en\u00ed jako v p\u0159\u00edpad\u011b Vyhled\u00e1n\u00ed spojen\u00ed.<\/p><p style=\"font-weight: 400;\">Pro nevidom\u00e9 a slabozrak\u00e9 vyu\u017e\u00edvaj\u00edc\u00ed mobiln\u00ed aplikace pro rezervaci m\u00edst v\u00a0d\u00e1lkov\u00e9 doprav\u011b, by mohla tato aplikace up\u0159ednostnit rezervaci na v\u016fz \u0159ady, kter\u00e1 je OHM a dal\u0161\u00edmi orienta\u010dn\u00edmi prvky pro slabozrak\u00e9 vybaven\u00e1.<\/p><p style=\"font-weight: 400;\"><strong>U rezervace m\u00edst je nezbytn\u00e9 myslet na informace o m\u00edstech ur\u010den\u00fdch pro cestuj\u00edc\u00ed s omezenou schopnost\u00ed pohybu nebo orientace. Rezerva\u010dn\u00ed syst\u00e9m mus\u00ed b\u00fdt p\u0159ehledn\u00fd a v ka\u017ed\u00e9m okam\u017eiku aktu\u00e1ln\u00ed, aby bylo z\u0159ejm\u00e9, zda v dan\u00e9m spoji je takov\u00e9 m\u00edsto k dispozici.<\/strong><\/p><h2><a name=\"_Toc205800744\"><\/a>Objedn\u00e1n\u00ed j\u00edzdn\u00edch doklad\u016f<\/h2><p style=\"font-weight: 400;\">Pro objedn\u00e1n\u00ed j\u00edzdn\u00edch doklad\u016f plat\u00ed obdobn\u00e1 opat\u0159en\u00ed jako v p\u0159\u00edpad\u011b Vyhled\u00e1n\u00ed spojen\u00ed. OOSPO mohou po\u0159\u00eddit j\u00edzdn\u00ed doklad v dopravn\u00edm prost\u0159edku bez p\u0159\u00edplatku. V n\u011bkter\u00fdch IDS mohou dr\u017eitel\u00e9 pr\u016fkaz\u016f ZTP \u010di ZTP\/P jezdit zdarma, ale i v takov\u00e9m p\u0159\u00edpad\u011b je po\u017eadov\u00e1n eviden\u010dn\u00ed (tzv. \u201enulov\u00fd\u201c) j\u00edzdn\u00ed doklad, co\u017e je vzhledem ke \u0161patn\u00e9 p\u0159\u00edstupnosti v\u00fddejn\u00edch automat\u016f a valid\u00e1tor\u016f problematick\u00e9.<\/p><p style=\"font-weight: 400;\">V\u00a0sou\u010dasn\u00e9 dob\u011b je trendem zav\u00e1d\u011bn\u00ed dotykov\u00fdch p\u0159\u00edstroj\u016f pro n\u00e1kup a validaci j\u00edzdenek v\u00a0dopravn\u00edch prost\u0159edc\u00edch. Tyto p\u0159\u00edstroje nejsou p\u0159\u00edstupn\u00e9 pro osoby se zrakov\u00fdm posti\u017een\u00edm. Zast\u00e1vky a stanice jsou rovn\u011b\u017e \u010dasto bez v\u00fddejen s obsluhou a tak\u00e9 se nahrazuj\u00ed dotykov\u00fdm n\u00e1kupn\u00edm syst\u00e9mem j\u00edzdenek.<\/p><p style=\"font-weight: 400;\"><strong>Po\u017eadavkem pro zlep\u0161en\u00ed p\u0159\u00edstupnosti je opat\u0159en\u00ed valid\u00e1tor\u016f a <\/strong><a href=\"https:\/\/www.youtube.com\/watch?v=HHZL4ankEig\"><strong>prodejn\u00edch termin\u00e1l\u016f<\/strong><\/a><strong> hlasov\u00fdm v\u00fdstupem, hmatn\u00fdmi ovl\u00e1dac\u00edmi prvky, nebo zaveden\u00ed j\u00edzdn\u00edho dokladu (nap\u0159. \u010dasov\u00e9ho) bez povinnosti v\u00fddeje eviden\u010dn\u00edho dokladu a\/nebo validace ve \u0161patn\u011b p\u0159\u00edstupn\u00fdch valid\u00e1torech.<\/strong><\/p><h2><a name=\"_Toc205800745\"><\/a>\u00dahrada kupn\u00ed ceny<\/h2><p style=\"font-weight: 400;\">Pro \u00fahradu kupn\u00ed ceny plat\u00ed obdobn\u00e1 opat\u0159en\u00ed jako v p\u0159\u00edpad\u011b Vyhled\u00e1n\u00ed spojen\u00ed s roz\u0161\u00ed\u0159en\u00edm podm\u00ednek p\u0159\u00edstupnosti i pro rozhran\u00ed a aplikaci webov\u00e9 resp. mobiln\u00ed platebn\u00ed br\u00e1ny.<\/p><p style=\"font-weight: 400;\"><strong>Pro \u00fahradu kupn\u00ed ceny je do prodejn\u00edch kan\u00e1l\u016f po\u017eadov\u00e1na integrace slu\u017eeb Apple Pay a Google Play, kter\u00e9 jsou pro osoby se zrakov\u00fdm posti\u017een\u00edm relativn\u011b dob\u0159e p\u0159\u00edstupn\u00e9.<\/strong><\/p><h2><a name=\"_Toc205800746\"><\/a>Objedn\u00e1n\u00ed asistence<\/h2><p style=\"font-weight: 400;\">Pou\u017eit\u00ed asisten\u010dn\u00ed slu\u017eby je v p\u0159\u00edpad\u011b nevyhovuj\u00edc\u00edch podm\u00ednek p\u0159\u00edstupnosti stanice, n\u00e1stupi\u0161t\u011b a\/nebo vozidla jedin\u00fdm zp\u016fsobem, jak usnadnit nebo dokonce umo\u017enit cestov\u00e1n\u00ed osob\u00e1m se zdravotn\u00edm posti\u017een\u00edm.<\/p><p style=\"font-weight: 400;\">NRZP zve\u0159ejnila <a href=\"https:\/\/www.youtube.com\/watch?v=ieRsydIh-xk\">instrukt\u00e1\u017en\u00ed video<\/a>, jak p\u0159i objedn\u00e1vce asistence prost\u0159ednictv\u00edm str\u00e1nky <a href=\"https:\/\/oneticket.cz\/assistance\">www.OneTicket.cz<\/a> postupovat.<\/p><p style=\"font-weight: 400;\">Existuje rovn\u011b\u017e asistence pro osoby se zrakov\u00fdm posti\u017een\u00edm. Prvn\u00ed varianta je cesta s jedn\u00edm dopravcem \u2013 asistenci, n\u00e1stup a v\u00fdstup do vozidla zajist\u00ed konkr\u00e9tn\u00ed dopravce. Asistenci pro pohyb po stanici zaji\u0161\u0165uje provozovatel stanice. Druh\u00e1 varianta je cesta s v\u00edce dopravci, kterou je mo\u017en\u00e9 zajistit p\u0159es CENDIS p\u0159es jednotnou j\u00edzdenku, kde CENDIS zajist\u00ed komunikaci a j\u00edzdn\u00e9 s jednotliv\u00fdmi dopravci a pohyb po stanici a p\u0159\u00edstup nebo p\u0159estup k voz\u016fm s person\u00e1lem provozovatele stanice (v p\u0159\u00edpad\u011b \u017eelezni\u010dn\u00ed dopravy je to Spr\u00e1va \u017eeleznic).<\/p>\t\t\t\t\t\t\t\t<\/div>\n\t\t\t\t<\/div>\n\t\t\t\t\t<\/div>\n\t\t<\/div>\n\t\t\t\t\t<\/div>\n\t\t<\/section>\n\t\t\t\t<\/div>\n\t\t","protected":false},"excerpt":{"rendered":"<p>P\u0159ed cestou Vyhled\u00e1n\u00ed spojen\u00ed K vyhled\u00e1n\u00ed spojen\u00ed jsou dnes ve v\u011bt\u0161in\u011b p\u0159\u00edpad\u016f vyu\u017e\u00edv\u00e1ny mobiln\u00ed aplikace nebo webov\u00e9 slu\u017eby, p\u0159\u00edpadn\u011b pracovn\u00edk ve stanici, resp. v pokladn\u011b. Po\u017eadavky na p\u0159\u00edstupnost web\u016f a mobiln\u00edch aplikac\u00ed pro osoby nevidom\u00e9 nebo slabozrak\u00e9 jsou pops\u00e1ny zde. Kni\u017en\u00ed j\u00edzdn\u00ed \u0159\u00e1dy se pro vyhled\u00e1v\u00e1n\u00ed spojen\u00ed pou\u017e\u00edvaj\u00ed dnes ji\u017e v\u00fdjime\u010dn\u011b. Pro nevidom\u00e9 a slabozrak\u00e9 [&hellip;]<\/p>\n","protected":false},"author":1,"featured_media":0,"parent":0,"menu_order":0,"comment_status":"closed","ping_status":"closed","template":"","meta":{"footnotes":""},"class_list":["post-2599","page","type-page","status-publish","hentry"],"_links":{"self":[{"href":"https:\/\/svodbohemia.cz\/index.php\/wp-json\/wp\/v2\/pages\/2599","targetHints":{"allow":["GET"]}}],"collection":[{"href":"https:\/\/svodbohemia.cz\/index.php\/wp-json\/wp\/v2\/pages"}],"about":[{"href":"https:\/\/svodbohemia.cz\/index.php\/wp-json\/wp\/v2\/types\/page"}],"author":[{"embeddable":true,"href":"https:\/\/svodbohemia.cz\/index.php\/wp-json\/wp\/v2\/users\/1"}],"replies":[{"embeddable":true,"href":"https:\/\/svodbohemia.cz\/index.php\/wp-json\/wp\/v2\/comments?post=2599"}],"version-history":[{"count":29,"href":"https:\/\/svodbohemia.cz\/index.php\/wp-json\/wp\/v2\/pages\/2599\/revisions"}],"predecessor-version":[{"id":2632,"href":"https:\/\/svodbohemia.cz\/index.php\/wp-json\/wp\/v2\/pages\/2599\/revisions\/2632"}],"wp:attachment":[{"href":"https:\/\/svodbohemia.cz\/index.php\/wp-json\/wp\/v2\/media?parent=2599"}],"curies":[{"name":"wp","href":"https:\/\/api.w.org\/{rel}","templated":true}]}}