{"id":2648,"date":"2025-09-02T08:52:39","date_gmt":"2025-09-02T08:52:39","guid":{"rendered":"https:\/\/svodbohemia.cz\/?page_id=2648"},"modified":"2025-09-02T08:57:51","modified_gmt":"2025-09-02T08:57:51","slug":"behem-jizdy","status":"publish","type":"page","link":"https:\/\/svodbohemia.cz\/index.php\/behem-jizdy\/","title":{"rendered":"B\u011bhem j\u00edzdy"},"content":{"rendered":"\t\t<div data-elementor-type=\"wp-page\" data-elementor-id=\"2648\" class=\"elementor elementor-2648\" data-elementor-post-type=\"page\">\n\t\t\t\t\t\t<section class=\"elementor-section elementor-top-section elementor-element elementor-element-80ffc4c elementor-section-boxed elementor-section-height-default elementor-section-height-default\" data-id=\"80ffc4c\" data-element_type=\"section\">\n\t\t\t\t\t\t<div class=\"elementor-container elementor-column-gap-default\">\n\t\t\t\t\t<div class=\"elementor-column elementor-col-100 elementor-top-column elementor-element elementor-element-1a66501\" data-id=\"1a66501\" data-element_type=\"column\">\n\t\t\t<div class=\"elementor-widget-wrap elementor-element-populated\">\n\t\t\t\t\t\t<div class=\"elementor-element elementor-element-ba05ed7 elementor-widget elementor-widget-heading\" data-id=\"ba05ed7\" data-element_type=\"widget\" data-widget_type=\"heading.default\">\n\t\t\t\t<div class=\"elementor-widget-container\">\n\t\t\t\t\t<h2 class=\"elementor-heading-title elementor-size-default\">B\u011bhem j\u00edzdy<\/h2>\t\t\t\t<\/div>\n\t\t\t\t<\/div>\n\t\t\t\t\t<\/div>\n\t\t<\/div>\n\t\t\t\t\t<\/div>\n\t\t<\/section>\n\t\t\t\t<section class=\"elementor-section elementor-top-section elementor-element elementor-element-24c31a8 elementor-section-boxed elementor-section-height-default elementor-section-height-default\" data-id=\"24c31a8\" data-element_type=\"section\">\n\t\t\t\t\t\t<div class=\"elementor-container elementor-column-gap-default\">\n\t\t\t\t\t<div class=\"elementor-column elementor-col-100 elementor-top-column elementor-element elementor-element-cd04c6c\" data-id=\"cd04c6c\" data-element_type=\"column\">\n\t\t\t<div class=\"elementor-widget-wrap elementor-element-populated\">\n\t\t\t\t\t\t<div class=\"elementor-element elementor-element-3c562f7 elementor-widget elementor-widget-text-editor\" data-id=\"3c562f7\" data-element_type=\"widget\" data-widget_type=\"text-editor.default\">\n\t\t\t\t<div class=\"elementor-widget-container\">\n\t\t\t\t\t\t\t\t\t<h2><a name=\"_Toc205800764\"><\/a>Zji\u0161t\u011bn\u00ed uspo\u0159\u00e1d\u00e1n\u00ed vozu<\/h2><p style=\"font-weight: 400;\">Na standardizovan\u00e9m a zdokumentovan\u00e9m m\u00edst\u011b (tak, aby bylo takto mal\u00fd prvek mo\u017en\u00e9 snadno nal\u00e9zt) ve voze je pro osoby nevidom\u00e9 nebo slabozrak\u00e9 vhodn\u00e9 um\u00edstit NFC \u0161t\u00edtek (viz kap. 9) s informac\u00ed o uspo\u0159\u00e1d\u00e1n\u00ed vozu, zejm\u00e9na o vyhrazen\u00fdch m\u00edstech, dve\u0159\u00edch a toalet\u00e1ch.<\/p><p style=\"font-weight: 400;\">Alternativou je tak\u00e9 um\u00edst\u011bn\u00ed hmatn\u00e9ho reli\u00e9fn\u00edho sch\u00e9matu o uspo\u0159\u00e1d\u00e1n\u00ed vozu.<\/p><p style=\"font-weight: 400;\">Spr\u00e1vn\u011b by m\u011bl b\u00fdt haptick\u00fd \u0161t\u00edtek um\u00edst\u011bn na dve\u0159\u00edch WC, reli\u00e9fn\u00ed zna\u010den\u00ed sedadel (viz rezervace a m\u00edsto pro OZP), \u010d\u00edsla t\u0159\u00edd, haptick\u00e9 tla\u010d\u00edtko SOS na WC, haptick\u00e9 tla\u010d\u00edtko pro otev\u00edr\u00e1n\u00ed a zav\u00edr\u00e1n\u00ed dve\u0159\u00ed\u00a0 v\u00a0kombinaci s\u00a0hl\u00e1\u0161en\u00edm o sm\u011bru v\u00fdstupu, tla\u010d\u00edtko pro zastaven\u00ed.<\/p><h2><a name=\"_Toc205800765\"><\/a>Pohyb ve voze<\/h2><p style=\"font-weight: 400;\">Pro pohyb ve voze je dobr\u00fdm p\u0159edpokladem nejprve z\u00edskat z\u00e1kladn\u00ed informace o vnit\u0159n\u00edm uspo\u0159\u00e1d\u00e1n\u00ed, viz kap. 5.23. D\u00e1le je pot\u0159eba zajistit, aby bylo<\/p><ul><li>u velkoprostorov\u00fdch voz\u016f u p\u0159edn\u00edho vstupu do odd\u00edlu um\u00edst\u011bno (v po\u0159ad\u00ed shora dol\u016f) ozna\u010den\u00ed vozov\u00e9 t\u0159\u00eddy, nejni\u017e\u0161\u00ed \u010d\u00edslo sedadla v odd\u00edle, nejvy\u0161\u0161\u00ed \u010d\u00edslo sedadla v odd\u00edle; u zadn\u00edho vstupu do odd\u00edlu budou \u010d\u00edsla sedadel v opa\u010dn\u00e9m po\u0159ad\u00ed,<\/li><li>u odd\u00edlov\u00fdch voz\u016f u p\u0159edn\u00edho vstupu do chodbi\u010dky pod ozna\u010den\u00edm vozov\u00e9 t\u0159\u00eddy nejni\u017e\u0161\u00ed \u010d\u00edslo sedadla prvn\u00edho odd\u00edlu a nejvy\u0161\u0161\u00ed \u010d\u00edslo sedadla posledn\u00edho odd\u00edlu; u zadn\u00edho vstupu je nutno uv\u00e9st tato \u010d\u00edsla v opa\u010dn\u00e9m po\u0159ad\u00ed,<\/li><li>u restaura\u010dn\u00edch a bufetov\u00fdch odd\u00edl\u016f a odd\u00edl\u016f speci\u00e1ln\u00edho ur\u010den\u00ed se pou\u017eije p\u0159\u00edslu\u0161n\u00fd piktogram s reli\u00e9fn\u00edm hmatn\u00fdm \u0161t\u00edtkem (nutno nejd\u0159\u00edve vy\u0159e\u0161it funk\u010dn\u00ed prototypy),<\/li><\/ul><p style=\"font-weight: 400;\"><strong>Uveden\u00e9 prvky je vhodn\u00e9 um\u00edstit tam, <\/strong><strong>kde je bude cestuj\u00edc\u00ed se zrakov\u00fdm posti\u017een\u00edm intuitivn\u011b hledat.<\/strong><\/p><p style=\"font-weight: 400;\">Na ost\u011bn\u00ed je preferovan\u00e1 prav\u00e1 strana ve sm\u011bru pohybu dovnit\u0159 odd\u00edlu, tzn. na stran\u011b teoretick\u00e9 kliky.<\/p><h2><a name=\"_Toc205800766\"><\/a>Po\u0159\u00edzen\u00ed j\u00edzdn\u00edho dokladu v termin\u00e1lu<\/h2><p style=\"font-weight: 400;\">Na m\u00e9n\u011b vyt\u00ed\u017een\u00fdch vlakov\u00fdch spoj\u00edch je zavedeno tzv. specifick\u00e9 odbaven\u00ed cestuj\u00edc\u00edch (bez vlakov\u00e9ho doprovodu) a vozidla jsou vybavena samoobslu\u017en\u00fdmi platebn\u00edmi termin\u00e1ly, ve kter\u00fdch lze zakoupit j\u00edzdn\u00ed doklad.<\/p><p style=\"font-weight: 400;\"><strong>Termin\u00e1ly je nezbytn\u00e9 vybavit hlasov\u00fdm v\u00fdstupem a hmatn\u00fdmi ovl\u00e1dac\u00edmi prvky tak, aby byly pou\u017eiteln\u00e9 i pro osoby nevidom\u00e9 a slabozrak\u00e9. Termin\u00e1l mus\u00ed b\u00fdt um\u00edst\u011bn tak, aby byl bezprobl\u00e9mov\u011b p\u0159\u00edstupn\u00fd i pro osobu sed\u00edc\u00ed na voz\u00edku<\/strong> <strong>a pro osoby mal\u00e9ho vzr\u016fstu a aby jeho ovl\u00e1d\u00e1n\u00ed spl\u0148ovalo v\u0161echny po\u017eadavky p\u0159\u00edstupnosti.<\/strong><\/p><h2><a name=\"_Toc205800767\"><\/a>Validace j\u00edzdn\u00edho dokladu<\/h2><p style=\"font-weight: 400;\">P\u0159edem zakoupen\u00fd j\u00edzdn\u00ed doklad IDS lze validovat ve valid\u00e1torech um\u00edst\u011bn\u00fdch v prostoru stanice.<\/p><p style=\"font-weight: 400;\"><strong>Valid\u00e1tory je nezbytn\u00e9 vybavit hmatov\u00fdmi ovl\u00e1dac\u00edmi prvky s akustickou odezvou informuj\u00edc\u00ed o spr\u00e1vnosti proveden\u00ed po\u017eadavku bez nutnosti zrakov\u00e9 kontroly, valid\u00e1tory je nezbytn\u00e9 um\u00edstit ve v\u00fd\u0161ce dosa\u017eiteln\u00e9 sed\u00edc\u00ed osobou.<\/strong><\/p><h2><a name=\"_Toc205800768\"><\/a>Vyhled\u00e1n\u00ed vozov\u00e9 t\u0159\u00eddy\/odd\u00edlu<\/h2><p style=\"font-weight: 400;\">Vyhled\u00e1n\u00ed vozov\u00e9 t\u0159\u00eddy\/odd\u00edlu nevidom\u00fdmi nebo slabozrak\u00fdmi &#8211; viz opat\u0159en\u00ed popsan\u00e9 v kap. 5.23. U dve\u0159\u00ed vedouc\u00edch do p\u0159\u00edslu\u0161n\u00e9 vozov\u00e9 t\u0159\u00eddy nebo vozov\u00e9ho odd\u00edlu je \u017e\u00e1douc\u00ed um\u00edstit hmatov\u00fd \u0161t\u00edtek s reli\u00e9fn\u00edm i braillsk\u00fdm popisem dopln\u011bn\u00fd o kontrastn\u00ed piktogram, a to u ka\u017ed\u00e9 zm\u011bny t\u0159\u00eddy\/odd\u00edlu.<\/p><h2><a name=\"_Toc205800769\"><\/a>Vyhled\u00e1n\u00ed \u010d\u00edsla sedadla<\/h2><p style=\"font-weight: 400;\">Vyhled\u00e1n\u00ed \u010d\u00edsla sedadla lze usnadnit pou\u017eit\u00edm hmatov\u00e9ho reli\u00e9fn\u00edho \u0161t\u00edtku um\u00edst\u011bn\u00e9ho na vrchn\u00ed hran\u011b nebo boku sedadlov\u00e9 op\u011brky. Je-li v \u0159ad\u011b sedadel v\u00edce, \u0161t\u00edtky mus\u00ed b\u00fdt uspo\u0159\u00e1d\u00e1ny tak, aby po\u0159ad\u00ed shora dol\u016f odpov\u00eddalo po\u0159ad\u00ed sedadel sm\u011brem od okna (nejvzd\u00e1len\u011bj\u0161\u00ed) do uli\u010dky (nejbli\u017e\u0161\u00ed), viz nap\u0159. <a href=\"https:\/\/drive.google.com\/file\/d\/17UlpJWBpC37bv_pmPC9s2-5TEUZSYUS-\/view\">zde<\/a>. Opat\u0159en\u00ed nalezne uplatn\u011bn\u00ed pouze v d\u00e1lkov\u00e9 doprav\u011b, v region\u00e1ln\u00ed nen\u00ed pot\u0159ebn\u00e9.<\/p><p style=\"font-weight: 400;\"><strong>Je t\u0159eba zajistit, aby p\u00edsmo braillsk\u00e9 i reli\u00e9fn\u00ed bylo dob\u0159e hmatn\u00e9, tj. aby spl\u0148ovalo technick\u00e9 po\u017eadavky definovan\u00e9 v \u010cSN 734001, P\u0159\u00edloha C.<\/strong><\/p><h2><a name=\"_Toc205800770\"><\/a>Vyhled\u00e1n\u00ed z\u00e1suvky\/nab\u00edje\u010dky<\/h2><p style=\"font-weight: 400;\">Um\u00edst\u011bn\u00ed z\u00e1suvek a\/nebo nab\u00edje\u010dek na mobiln\u00ed za\u0159\u00edzen\u00ed jsou tak specifick\u00e1, \u017ee je pro \u00fa\u010dely tohoto katalogu nelze standardn\u011b popsat. Usnadn\u011bn\u00ed nalezen\u00ed se nab\u00edz\u00ed nap\u0159. prost\u0159ednictv\u00edm NFC \u0161t\u00edtku a p\u0159e\u010dten\u00ed informace (nap\u0159. \u201ez\u00e1suvka 230 volt\u016f se nach\u00e1z\u00ed na st\u011bn\u011b u okna pod stolkem\u201c).<\/p><p style=\"font-weight: 400;\">Ide\u00e1ln\u00ed by byla standardizace um\u00edst\u011bn\u00ed, ale vzhledem k po\u010dtu \u0159ad a typ\u016f je to pravd\u011bpodobn\u011b nere\u00e1ln\u00e9.<\/p><h2><a name=\"_Toc205800771\"><\/a>Vyhled\u00e1n\u00ed WC<\/h2><p style=\"font-weight: 400;\">P\u0159edch\u00e1zej\u00edc\u00edm opat\u0159en\u00edm je z\u00edsk\u00e1n\u00ed z\u00e1kladn\u00ed orientace ve voze \u2013 viz kap. 5.23.<\/p><p style=\"font-weight: 400;\"><strong>Pro vyhled\u00e1n\u00ed WC je kl\u00ed\u010dov\u00e1 informace, kde se toaleta nach\u00e1z\u00ed tak, aby se cestuj\u00edc\u00ed dok\u00e1zal zorientovat, kter\u00fdm sm\u011brem se m\u00e1 cestuj\u00edc\u00ed ze sv\u00e9ho aktu\u00e1ln\u00edho m\u00edsta vydat.<\/strong><\/p><p style=\"font-weight: 400;\">V\u00fdhledov\u011b lze \u0159e\u0161it nap\u0159. NFC \u0161t\u00edtkem jako v p\u0159\u00edpad\u011b kap. 5.23 (Zji\u0161t\u011bn\u00ed uspo\u0159\u00e1d\u00e1n\u00ed vozu) um\u00edst\u011bn\u00fdm ne standardizovan\u00e9m a zdokumentovan\u00e9m m\u00edst\u011b.<\/p><p style=\"font-weight: 400;\">Dve\u0159e WC mus\u00ed b\u00fdt povinn\u011b opat\u0159eny hmatov\u00fdm \u0161t\u00edtkem v souladu s <a href=\"https:\/\/eur-lex.europa.eu\/legal-content\/CS\/TXT\/?qid=1425023368952&amp;uri=CELEX:32014R1300\">legislativou<\/a>.<\/p><p style=\"font-weight: 400;\">Teoretickou mo\u017enost\u00ed je vysl\u00e1n\u00ed povelu z VPN s p\u0159\u00edslu\u0161nou odezvou OHM, um\u00edst\u011bn\u00e9ho na WC. Toto \u0159e\u0161en\u00ed je v\u0161ak t\u0159eba individu\u00e1ln\u011b posoudit v r\u00e1mci ka\u017ed\u00e9ho konkr\u00e9tn\u00edho p\u0159\u00edpadu uspo\u0159\u00e1d\u00e1n\u00ed vozu a s ohledem na minimalizaci akustick\u00e9ho smogu.<\/p><h2><a name=\"_Toc205800772\"><\/a>Zji\u0161t\u011bn\u00ed obsazenosti WC<\/h2><p style=\"font-weight: 400;\">Indik\u00e1tor obsazenosti WC je v sou\u010dasnosti pouze vizu\u00e1ln\u00ed (obvykle se zobrazuje na displeji formou p\u0159e\u0161krtnut\u00e9 zkratky WC a\/nebo \u010derven\u011b). Pro nevidom\u00e9ho nebo siln\u011b slabozrak\u00e9ho je tento indik\u00e1tor nevyhovuj\u00edc\u00ed.<\/p><p style=\"font-weight: 400;\">Krom\u011b toho, \u017ee dve\u0159e nejdou otev\u0159\u00edt (pokud se ov\u0161em cestuj\u00edc\u00ed uvnit\u0159 nezapomene zamknout), za\u010d\u00edn\u00e1 b\u00fdt standardem zamyk\u00e1n\u00ed olivou s\u00a0barevnou i hmatovou mechanickou indikac\u00ed na venkovn\u00ed stran\u011b dve\u0159\u00ed.<\/p><p style=\"font-weight: 400;\"><strong>Tla\u010d\u00edtko na dve\u0159\u00edch WC, pomoc\u00ed kter\u00e9ho zjist\u00ed cestuj\u00edc\u00ed obsazenost (nap\u0159\u00edklad kr\u00e1tk\u00fd zvukov\u00fd sign\u00e1l \u2013 volno, del\u0161\u00ed zvukov\u00fd sign\u00e1l \u2013 obsazeno, p\u0159\u00edpadn\u011b je je\u0161t\u011b vhodn\u00e9 doplnit o sign\u00e1l poruchy, viz nap\u0159. <\/strong><a href=\"https:\/\/drive.google.com\/file\/d\/1Y_KqAuIDaeovlz2ZoyBZlQLY9JznvZlg\/view?usp=sharing\"><strong>zde<\/strong><\/a><strong>. Jedn\u00e1 se o p\u0159\u00edklad dobr\u00e9 praxe hodn\u00fd n\u00e1sledov\u00e1n\u00ed. <\/strong><\/p><h2><a name=\"_Toc205800773\"><\/a>Otev\u0159en\u00ed WC<\/h2><p style=\"font-weight: 400;\"><strong>Ozna\u010den\u00ed vstupn\u00edch dve\u0159\u00ed toalet se \u0159\u00edd\u00ed stejn\u00fdmi z\u00e1sadami, jako ozna\u010den\u00ed dve\u0159\u00ed u vstupu do odd\u00edlu. V\u00fdjimku tvo\u0159\u00ed pouze dve\u0159e, kter\u00e9 se otv\u00edraj\u00ed zatla\u010den\u00edm na jejich plochu. Tyto dve\u0159e je t\u0159eba ozna\u010dit \u0161t\u00edtkem WC tak, jako kdyby m\u011bly kliku.<\/strong><\/p><h2><a name=\"_Toc205800774\"><\/a>Zav\u0159en\u00ed a uzam\u010den\u00ed WC<\/h2><p style=\"font-weight: 400;\"><strong>Z vnit\u0159n\u00ed strany toalety mus\u00ed b\u00fdt ovl\u00e1dac\u00ed prvky na k\u0159\u00eddle dve\u0159\u00ed nebo na st\u011bn\u011b hned vedle dve\u0159\u00ed u vn\u011bj\u0161\u00ed hrany.<\/strong><\/p><p style=\"font-weight: 400;\">Preferuje se zamyk\u00e1n\u00ed oto\u010dn\u00fdm prvkem s olivou nebo T hmatn\u00edkem um\u00edst\u011bn\u00fdm na k\u0159\u00eddle dve\u0159\u00ed nad tla\u010d\u00edtkem otev\u00edr\u00e1n\u00ed\/zav\u00edr\u00e1n\u00ed s polohami<\/p><ul><li>vodorovn\u011b \u2013 zam\u010deno,<\/li><li>svisle \u2013 odem\u010deno.<\/li><\/ul><p style=\"font-weight: 400;\">Zamyk\u00e1n\u00ed m\u016f\u017ee b\u00fdt p\u0159\u00edm\u00e9 \u2013 mechanick\u00e9 nebo tento prvek bude ovl\u00e1dat zaji\u0161t\u011bn\u00ed proti otev\u0159en\u00ed dve\u0159\u00ed nep\u0159\u00edmo. Pozor, nikdy nesm\u00ed doj\u00edt k\u00a0automatick\u00e9mu zamyk\u00e1n\u00ed.<\/p><p style=\"font-weight: 400;\"><strong>V\u0161echna WC ve vozidle, standardn\u00ed i univerz\u00e1ln\u00ed, mus\u00ed b\u00fdt vybavena madly.<\/strong><\/p><h2><a name=\"_Toc205800775\"><\/a>Splachov\u00e1n\u00ed WC<\/h2><p style=\"font-weight: 400;\">Splachov\u00e1n\u00ed WC je vhodn\u00e9 um\u00edstit v ose m\u00edsy, spodn\u00ed hranou 10 \u2013 20 cm nad zvednut\u00fdm prk\u00e9nkem. U ji\u017e provozovan\u00fdch vozidel u tla\u010d\u00edtek bez reli\u00e9fn\u00edho popisu je \u017e\u00e1douc\u00ed doplnit reli\u00e9fn\u00ed popis nad ovl\u00e1dac\u00ed prvek.<\/p><p style=\"font-weight: 400;\">Toaletn\u00ed pap\u00edr mus\u00ed b\u00fdt um\u00edst\u011bn alespo\u0148 25 cm nad horn\u00edm okrajem z\u00e1chodov\u00e9 m\u00edsy, v dosahu sed\u00edc\u00edho \u010dlov\u011bka. Dr\u017e\u00e1k toaletn\u00edho pap\u00edru, z\u00e1sobn\u00edk ru\u010dn\u00edk\u016f a otvor odpadkov\u00e9ho ko\u0161e mus\u00ed m\u00edt kontrastn\u00ed or\u00e1mov\u00e1n\u00ed.<\/p><p style=\"font-weight: 400;\">Optim\u00e1ln\u00ed rozm\u00edst\u011bn\u00ed ovl\u00e1dac\u00edch prvk\u016f je zobrazeno <a href=\"https:\/\/drive.google.com\/file\/d\/16jwOfCcf3f2Um48f1Z-GGUlX3hj-soD-\/view?usp=share_link\">zde<\/a>.<\/p><h2><a name=\"_Toc205800776\"><\/a>Myt\u00ed rukou<\/h2><p style=\"font-weight: 400;\">Nen\u00ed-li spou\u0161t\u011bn\u00ed vody bezdotykov\u00e9, mus\u00ed b\u00fdt tla\u010d\u00edtko spou\u0161t\u011bn\u00ed vody do umyvadla nad umyvadlem v jeho ose a reli\u00e9fn\u011b zna\u010deno, viz <a href=\"https:\/\/drive.google.com\/file\/d\/13ZB79z9cvP75QtbUhQpyTtdkjWq4diWl\/view?usp=share_link\">zde<\/a>.<\/p><h2><a name=\"_Toc205800777\"><\/a>Signalizace SOS<\/h2><p style=\"font-weight: 400;\">Na dob\u0159e dostupn\u00e9m m\u00edst\u011b je vhodn\u00e9 um\u00edstit jedno reli\u00e9fn\u011b nezam\u011bniteln\u00e9 tla\u010d\u00edtko SOS, druh\u00e9 tla\u010d\u00edtko pak mus\u00ed b\u00fdt um\u00edst\u011bno cca 15 cm nad podlahou pro p\u0159\u00edpadn\u00fd p\u00e1d osoby s\u00a0omezenou mo\u017enost\u00ed pohybu (voz\u00ed\u010dk\u00e1\u0159e).<\/p><h2><a name=\"_Toc205800778\"><\/a>Zji\u0161t\u011bn\u00ed polohy vozidla na trase<\/h2><p style=\"font-weight: 400;\">Nejpohodln\u011bj\u0161\u00ed zp\u016fsob zji\u0161t\u011bn\u00ed polohy vozidla na trase je pas\u00edvn\u00ed konzumace akustick\u00e9ho hl\u00e1\u0161en\u00ed \u201ep\u0159\u00ed\u0161t\u00ed stanice xy\u201c. Toto hl\u00e1\u0161en\u00ed je ve v\u011bt\u0161in\u011b provozovan\u00fdch spoj\u016f automatick\u00e9, ale\u00a0 je vhodn\u00e9 jej doplnit vyvolan\u00fdm povelem z VPN s n\u00e1slednou odezvou z palubn\u00edho akustick\u00e9ho informa\u010dn\u00edho syst\u00e9mu (opakov\u00e1n\u00ed hl\u00e1\u0161en\u00ed), pokud to bude technicky mo\u017en\u00e9.<\/p><p style=\"font-weight: 400;\">Je t\u0159eba zajistit a kontrolovat<\/p><ul><li>dostate\u010dnou hlasitost hl\u00e1\u0161en\u00ed uvnit\u0159 vlaku,<\/li><li>existenci informa\u010dn\u00edho panelu v ka\u017ed\u00e9m voze s p\u00edsemnou informac\u00ed o p\u0159\u00ed\u0161t\u00ed stanici.<\/li><\/ul><p style=\"font-weight: 400;\">Jako dopln\u011bk lze doporu\u010dit mobiln\u00ed aplikaci, ve kter\u00e9 bude mo\u017en\u00e9 tyto informace t\u00e9\u017e zjistit, av\u0161ak je t\u0159eba zajistit rychlou korektn\u00ed aktualizaci \u00fadaj\u016f.<\/p><h2><a name=\"_Toc205800779\"><\/a>Vyhled\u00e1n\u00ed tla\u010d\u00edtka pro zastaven\u00ed<\/h2><p style=\"font-weight: 400;\">Na n\u011bkter\u00fdch m\u00e9n\u011b frekventovan\u00fdch trat\u00edch se vyskytuj\u00ed zast\u00e1vky na znamen\u00ed. Pro zastaven\u00ed mus\u00ed cestuj\u00edc\u00ed vyslat sign\u00e1l prost\u0159ednictv\u00edm tla\u010d\u00edtka signalizace.<\/p><p style=\"font-weight: 400;\">Um\u00edst\u011bn\u00ed t\u011bchto tla\u010d\u00edtek nen\u00ed nijak standardizov\u00e1no. Pro nevidom\u00e9 nebo slabozrak\u00e9, ale i pro osoby s pohybov\u00fdm omezen\u00edm je mnohdy obt\u00ed\u017en\u00e9 tla\u010d\u00edtko nal\u00e9zt, p\u0159\u00edpadn\u011b se k n\u011bmu dostat.<\/p><p style=\"font-weight: 400;\"><strong>Proto je po\u017eadov\u00e1no um\u00edstit jednozna\u010dn\u011b hmatov\u011b rozli\u0161iteln\u00e9 tla\u010d\u00edtko do prostoru pro cestuj\u00edc\u00ed, p\u0159i\u010dem\u017e tla\u010d\u00edtko mus\u00ed b\u00fdt p\u0159\u00edstupn\u00e9 z vyhrazen\u00e9ho m\u00edsta tak, aby se \u010dlov\u011bk se sn\u00ed\u017eenou schopnost\u00ed pohybu \u010di orientace nemusel za j\u00edzdy pohybovat ve vlaku.<\/strong><\/p><p style=\"font-weight: 400;\">V r\u00e1mci kap. 5.23 zahrnout informaci o tla\u010d\u00edtku pro zastaven\u00ed do souboru informac\u00ed o uspo\u0159\u00e1d\u00e1n\u00ed vozu.<\/p><p style=\"font-weight: 400;\">Z\u00e1sadn\u00edm zlep\u0161en\u00edm stavu by bylo, kdyby sign\u00e1l na znamen\u00ed byl spustiteln\u00fd tak\u00e9 d\u00e1lkov\u011b, nap\u0159. prost\u0159ednictv\u00edm povelu \u010d. 4 z VPN (viz nap\u0159. po\u017eadavek na zastaven\u00ed u autobus\u016f MHD).<\/p><p style=\"font-weight: 400;\"><strong>V ka\u017ed\u00e9m p\u0159\u00edpad\u011b je t\u0159eba zajistit akustickou i vizu\u00e1ln\u00ed odezvu (\u201ezastav\u00edme\u201c), aby bylo jist\u00e9, \u017ee sign\u00e1l byl vysl\u00e1n a zpracov\u00e1n \u00fasp\u011b\u0161n\u011b.<\/strong><\/p><p style=\"font-weight: 400;\">U nov\u011b po\u0159izovan\u00fdch vozidel region\u00e1ln\u00ed dopravy m\u00e1 funkci signalizace po\u017eadavku na zastaven\u00ed i ovl\u00e1dac\u00ed tla\u010d\u00edtko dve\u0159\u00ed um\u00edst\u011bn\u00e9 p\u0159\u00edmo na k\u0159\u00eddle dve\u0159\u00ed. Jeho stisknut\u00edm je signalizov\u00e1n po\u017eadavek na zastaven\u00ed a z\u00e1rove\u0148 zad\u00e1na p\u0159edvolba otev\u0159en\u00ed dve\u0159\u00ed.<\/p><p style=\"font-weight: 400;\">Je nutn\u00e9 zajistit, aby osoba se zrakov\u00fdm posti\u017een\u00edm z\u00edskala v\u010das informaci o takto slou\u010den\u00e9 funkci.<\/p><p style=\"font-weight: 400;\">Jsou-li dve\u0159e vybaven\u00e9 p\u0159ij\u00edma\u010dem VPN, mus\u00ed se tyto funkce spustit i povelem k otev\u0159en\u00ed dve\u0159\u00ed vyslan\u00fdm VPN b\u011bhem j\u00edzdy vlaku. P\u0159\u00edjem sign\u00e1lu z vys\u00edla\u010de uvnit\u0159 vozidla mus\u00ed b\u00fdt zaru\u010den p\u0159inejmen\u0161\u00edm z n\u00e1stupn\u00edho prostoru a ze sedadel vyhrazen\u00fdch pro OOSPO. Je v\u0161ak velmi d\u016fle\u017eit\u00e9, aby se tuto mo\u017enost n\u011bjak\u00fdm zp\u016fsobem osoba se zrakov\u00fdm posti\u017een\u00edm dozv\u011bd\u011bla.<\/p><h2><a name=\"_Toc205800780\"><\/a>Zji\u0161t\u011bn\u00ed strany v\u00fdstupu<\/h2><p style=\"font-weight: 400;\">Pro v\u0161echny cestuj\u00edc\u00ed (tedy nejen pro osoby se zrakov\u00fdm posti\u017een\u00edm) je d\u016fle\u017eit\u00e9 v\u011bd\u011bt p\u0159edem, na kter\u00e9 stran\u011b ve sm\u011bru j\u00edzdy vlaku bude n\u00e1stupi\u0161t\u011b.<\/p><p style=\"font-weight: 400;\"><strong>Informaci o stran\u011b v\u00fdstupu ve sm\u011bru j\u00edzdy vlaku zav\u00e9st do automatick\u00e9ho hlasov\u00e9ho i vizu\u00e1ln\u00edho hl\u00e1\u0161en\u00ed p\u0159\u00ed\u0161t\u00ed stanice i do jej\u00edho opakov\u00e1n\u00ed, viz kap. <\/strong><strong>5.37<\/strong><strong>.<\/strong><\/p><p style=\"font-weight: 400;\">Komplikace nast\u00e1v\u00e1 v p\u0159\u00edpad\u011b, \u017ee vlak mimo\u0159\u00e1dn\u011b zastav\u00ed u jin\u00e9 n\u00e1stupn\u00ed hrany s v\u00fdstupem na opa\u010dnou stranu a automatick\u00e9 hl\u00e1\u0161en\u00ed bude nezbytn\u00e9 korigovat vlakvedouc\u00edm akusticky. Z\u00e1rove\u0148 je nutn\u00e9 technicky zajistit, aby ne\u0161ly otev\u0159\u00edt dve\u0159e na ob\u011b strany.<\/p><h2><a name=\"_Toc205800781\"><\/a>Vyhled\u00e1n\u00ed v\u00fdstupn\u00edch dve\u0159\u00ed<\/h2><p style=\"font-weight: 400;\">V\u00fdstupn\u00ed dve\u0159e jsou u ka\u017ed\u00e9 \u0159ady vozidel um\u00edst\u011bn\u00e9 jinde. Pro cestuj\u00edc\u00edho s t\u011b\u017ek\u00fdm zrakov\u00fdm posti\u017een\u00edm by bylo vhodn\u00e9, aby um\u00edst\u011bn\u00ed dve\u0159\u00ed mohl zjistit jednak v r\u00e1mci z\u00e1kladn\u00ed orientace s vnit\u0159n\u00edm uspo\u0159\u00e1d\u00e1n\u00edm vozu (kap. 5.23), p\u0159\u00edpadn\u011b hlasov\u00fdm v\u00fdstupem prost\u0159ednictv\u00edm OHM\/VPN. Obecn\u011b v\u0161ak plat\u00ed, \u017ee dve\u0159e se zevnit\u0159 hledaj\u00ed sn\u00e1ze ne\u017e zvenku.<\/p><h2><a name=\"_Toc205800782\"><\/a>Otev\u0159en\u00ed dve\u0159\u00ed a v\u00fdstup z vozu<\/h2><p style=\"font-weight: 400;\">V\u00fdstupn\u00ed dve\u0159e jsou u ka\u017ed\u00e9 \u0159ady vozidel ovl\u00e1dan\u00e9 trochu jin\u00fdm zp\u016fsobem. V posledn\u00ed dob\u011b se, zejm\u00e9na v region\u00e1ln\u00ed doprav\u011b ust\u00e1lilo ovl\u00e1d\u00e1n\u00ed p\u0159\u00edmo na dve\u0159n\u00edch k\u0159\u00eddlech. U d\u00e1lkov\u00fdch vlak\u016f je obdobn\u00e9 tla\u010d\u00edtko obvykle um\u00edst\u011bno na ost\u011bn\u00ed dve\u0159\u00ed.<\/p><p style=\"font-weight: 400;\">Nejlep\u0161\u00edm usnadn\u011bn\u00edm pro nevidom\u00e9 je eliminace hled\u00e1n\u00ed tla\u010d\u00edtka a umo\u017en\u011bn\u00ed otev\u00edr\u00e1n\u00ed dve\u0159\u00ed d\u00e1lkov\u011b prost\u0159ednictv\u00edm VPN.<\/p><p style=\"font-weight: 400;\">Opat\u0159en\u00ed pro v\u00fdstup z vozu, viz t\u00e9\u017e kap. 5.22.<\/p><p style=\"font-weight: 400;\">U vozidel, kde funguje p\u0159edvolba dve\u0159\u00ed, mus\u00ed b\u00fdt p\u0159edvolba dve\u0159\u00ed vybaven\u00fdch p\u0159ij\u00edma\u010dem VPN a OHM ovladateln\u00fd i prost\u0159ednictv\u00edm VPN. P\u0159edvolen\u00ed dve\u0159\u00ed u zast\u00e1vky na znamen\u00ed VPN nebo tla\u010d\u00edtkem na dve\u0159\u00edch je z\u00e1rove\u0148 po\u017eadavkem na zastaven\u00ed vlaku.<\/p><p style=\"font-weight: 400;\">Nejlep\u0161\u00edm usnadn\u011bn\u00edm pro nevidom\u00e9 je eliminace hled\u00e1n\u00ed tla\u010d\u00edtka a umo\u017en\u011bn\u00ed otev\u00edr\u00e1n\u00ed dve\u0159\u00ed d\u00e1lkov\u011b prost\u0159ednictv\u00edm VPN. Po\u017eadovan\u00e1 funkce VPN v region\u00e1ln\u00ed doprav\u011b je pops\u00e1na v\u00fd\u0161e v kap. 5.38, pro vozidla bez p\u0159edvolby otev\u0159en\u00ed a signalizace zast\u00e1vky na znamen\u00ed mus\u00ed b\u00fdt p\u0159ij\u00edma\u010d VPN schopn\u00fd p\u0159ijmout povel k otev\u0159en\u00ed dve\u0159\u00ed minim\u00e1ln\u011b z n\u00e1stupn\u00edho prostoru.<\/p><p style=\"font-weight: 400;\">Tla\u010d\u00edtko pro otev\u0159en\u00ed dve\u0159\u00ed by m\u011blo b\u00fdt za v\u0161ech okolnost\u00ed dob\u0159e p\u0159\u00edstupn\u00e9, aby jej mohl pohodln\u011b pou\u017e\u00edt nap\u0159\u00edklad i cestuj\u00edc\u00ed s berlemi \u010di jin\u00fdm omezen\u00edm v pohybov\u00e9 oblasti.<\/p><p style=\"font-weight: 400;\">V p\u0159\u00edpad\u011b poruchy dve\u0159\u00ed je t\u0159eba zajistit signalizaci zvukov\u00fdm sign\u00e1lem.<\/p>\t\t\t\t\t\t\t\t<\/div>\n\t\t\t\t<\/div>\n\t\t\t\t\t<\/div>\n\t\t<\/div>\n\t\t\t\t\t<\/div>\n\t\t<\/section>\n\t\t\t\t<\/div>\n\t\t","protected":false},"excerpt":{"rendered":"<p>B\u011bhem j\u00edzdy Zji\u0161t\u011bn\u00ed uspo\u0159\u00e1d\u00e1n\u00ed vozu Na standardizovan\u00e9m a zdokumentovan\u00e9m m\u00edst\u011b (tak, aby bylo takto mal\u00fd prvek mo\u017en\u00e9 snadno nal\u00e9zt) ve voze je pro osoby nevidom\u00e9 nebo slabozrak\u00e9 vhodn\u00e9 um\u00edstit NFC \u0161t\u00edtek (viz kap. 9) s informac\u00ed o uspo\u0159\u00e1d\u00e1n\u00ed vozu, zejm\u00e9na o vyhrazen\u00fdch m\u00edstech, dve\u0159\u00edch a toalet\u00e1ch. Alternativou je tak\u00e9 um\u00edst\u011bn\u00ed hmatn\u00e9ho reli\u00e9fn\u00edho sch\u00e9matu o uspo\u0159\u00e1d\u00e1n\u00ed [&hellip;]<\/p>\n","protected":false},"author":1,"featured_media":0,"parent":0,"menu_order":0,"comment_status":"closed","ping_status":"closed","template":"","meta":{"footnotes":""},"class_list":["post-2648","page","type-page","status-publish","hentry"],"_links":{"self":[{"href":"https:\/\/svodbohemia.cz\/index.php\/wp-json\/wp\/v2\/pages\/2648","targetHints":{"allow":["GET"]}}],"collection":[{"href":"https:\/\/svodbohemia.cz\/index.php\/wp-json\/wp\/v2\/pages"}],"about":[{"href":"https:\/\/svodbohemia.cz\/index.php\/wp-json\/wp\/v2\/types\/page"}],"author":[{"embeddable":true,"href":"https:\/\/svodbohemia.cz\/index.php\/wp-json\/wp\/v2\/users\/1"}],"replies":[{"embeddable":true,"href":"https:\/\/svodbohemia.cz\/index.php\/wp-json\/wp\/v2\/comments?post=2648"}],"version-history":[{"count":10,"href":"https:\/\/svodbohemia.cz\/index.php\/wp-json\/wp\/v2\/pages\/2648\/revisions"}],"predecessor-version":[{"id":2658,"href":"https:\/\/svodbohemia.cz\/index.php\/wp-json\/wp\/v2\/pages\/2648\/revisions\/2658"}],"wp:attachment":[{"href":"https:\/\/svodbohemia.cz\/index.php\/wp-json\/wp\/v2\/media?parent=2648"}],"curies":[{"name":"wp","href":"https:\/\/api.w.org\/{rel}","templated":true}]}}