{"id":2690,"date":"2025-09-02T12:59:07","date_gmt":"2025-09-02T12:59:07","guid":{"rendered":"https:\/\/svodbohemia.cz\/?page_id=2690"},"modified":"2025-09-02T13:01:17","modified_gmt":"2025-09-02T13:01:17","slug":"prepravni-vykony","status":"publish","type":"page","link":"https:\/\/svodbohemia.cz\/index.php\/prepravni-vykony\/","title":{"rendered":"P\u0159epravn\u00ed v\u00fdkony"},"content":{"rendered":"\t\t<div data-elementor-type=\"wp-page\" data-elementor-id=\"2690\" class=\"elementor elementor-2690\" data-elementor-post-type=\"page\">\n\t\t\t\t\t\t<section class=\"elementor-section elementor-top-section elementor-element elementor-element-5b65f84 elementor-section-boxed elementor-section-height-default elementor-section-height-default\" data-id=\"5b65f84\" data-element_type=\"section\">\n\t\t\t\t\t\t<div class=\"elementor-container elementor-column-gap-default\">\n\t\t\t\t\t<div class=\"elementor-column elementor-col-100 elementor-top-column elementor-element elementor-element-d5e3184\" data-id=\"d5e3184\" data-element_type=\"column\">\n\t\t\t<div class=\"elementor-widget-wrap elementor-element-populated\">\n\t\t\t\t\t\t<div class=\"elementor-element elementor-element-0d62fd1 elementor-widget elementor-widget-html\" data-id=\"0d62fd1\" data-element_type=\"widget\" data-widget_type=\"html.default\">\n\t\t\t\t<div class=\"elementor-widget-container\">\n\t\t\t\t\t<div style=\"position: relative; width: 100%; height: 0px; padding: 100% 0px 0px; overflow: hidden; will-change: transform;\"><iframe loading=\"lazy\" src=\"https:\/\/e.infogram.com\/daa611d9-52d4-4e7a-b0eb-17cb1969678b?src=embed&amp;embed_type=responsive_iframe\" title=\"V\u00fdkony\" allowfullscreen=\"\" allow=\"fullscreen\" style=\"position: absolute; width: 100%; height: 100%; top: 0px; left: 0px; border: medium; padding: 0px; margin: 0px;\"><\/iframe><\/div><div style=\"padding: 8px 0px; font-family: Arial; font-size: 13px; line-height: 15px; text-align: center; border-top-width: 1px; border-top-style: solid; border-top-color: rgb(218, 218, 218); margin: 0px 30px;\"><a href=\"https:\/\/infogram.com\/vykony-1hxj48m8y1dw52v\" target=\"_blank\" style=\"color: rgb(152, 152, 152); text-decoration: none;\">V\u00fdkony<\/a><br><a href=\"https:\/\/infogram.com\" target=\"_blank\" rel=\"nofollow\" style=\"color: rgb(152, 152, 152); text-decoration: none;\">Infogram<\/a><\/div>\t\t\t\t<\/div>\n\t\t\t\t<\/div>\n\t\t\t\t\t<\/div>\n\t\t<\/div>\n\t\t\t\t\t<\/div>\n\t\t<\/section>\n\t\t\t\t<\/div>\n\t\t","protected":false},"excerpt":{"rendered":"<p>V\u00fdkonyInfogram<\/p>\n","protected":false},"author":1,"featured_media":0,"parent":0,"menu_order":0,"comment_status":"closed","ping_status":"closed","template":"","meta":{"footnotes":""},"class_list":["post-2690","page","type-page","status-publish","hentry"],"_links":{"self":[{"href":"https:\/\/svodbohemia.cz\/index.php\/wp-json\/wp\/v2\/pages\/2690","targetHints":{"allow":["GET"]}}],"collection":[{"href":"https:\/\/svodbohemia.cz\/index.php\/wp-json\/wp\/v2\/pages"}],"about":[{"href":"https:\/\/svodbohemia.cz\/index.php\/wp-json\/wp\/v2\/types\/page"}],"author":[{"embeddable":true,"href":"https:\/\/svodbohemia.cz\/index.php\/wp-json\/wp\/v2\/users\/1"}],"replies":[{"embeddable":true,"href":"https:\/\/svodbohemia.cz\/index.php\/wp-json\/wp\/v2\/comments?post=2690"}],"version-history":[{"count":7,"href":"https:\/\/svodbohemia.cz\/index.php\/wp-json\/wp\/v2\/pages\/2690\/revisions"}],"predecessor-version":[{"id":2697,"href":"https:\/\/svodbohemia.cz\/index.php\/wp-json\/wp\/v2\/pages\/2690\/revisions\/2697"}],"wp:attachment":[{"href":"https:\/\/svodbohemia.cz\/index.php\/wp-json\/wp\/v2\/media?parent=2690"}],"curies":[{"name":"wp","href":"https:\/\/api.w.org\/{rel}","templated":true}]}}