{"id":2703,"date":"2025-09-02T14:18:00","date_gmt":"2025-09-02T14:18:00","guid":{"rendered":"https:\/\/svodbohemia.cz\/?page_id=2703"},"modified":"2025-09-02T14:19:00","modified_gmt":"2025-09-02T14:19:00","slug":"kolik-nas-stoji-verejna-doprava","status":"publish","type":"page","link":"https:\/\/svodbohemia.cz\/index.php\/kolik-nas-stoji-verejna-doprava\/","title":{"rendered":"Kolik n\u00e1s stoj\u00ed ve\u0159ejn\u00e1 doprava"},"content":{"rendered":"\t\t<div data-elementor-type=\"wp-page\" data-elementor-id=\"2703\" class=\"elementor elementor-2703\" data-elementor-post-type=\"page\">\n\t\t\t\t\t\t<section class=\"elementor-section elementor-top-section elementor-element elementor-element-aab7860 elementor-section-boxed elementor-section-height-default elementor-section-height-default\" data-id=\"aab7860\" data-element_type=\"section\">\n\t\t\t\t\t\t<div class=\"elementor-container elementor-column-gap-default\">\n\t\t\t\t\t<div class=\"elementor-column elementor-col-100 elementor-top-column elementor-element elementor-element-91a06ee\" data-id=\"91a06ee\" data-element_type=\"column\">\n\t\t\t<div class=\"elementor-widget-wrap elementor-element-populated\">\n\t\t\t\t\t\t<div class=\"elementor-element elementor-element-cfec06b elementor-widget elementor-widget-html\" data-id=\"cfec06b\" data-element_type=\"widget\" data-widget_type=\"html.default\">\n\t\t\t\t<div class=\"elementor-widget-container\">\n\t\t\t\t\t<div style=\"position: relative; width: 100%; height: 0px; padding: 100% 0px 0px; overflow: hidden; will-change: transform;\"><iframe loading=\"lazy\" src=\"https:\/\/e.infogram.com\/320efbd2-d4d8-4219-bc8b-1a7a2c30f35a?src=embed&amp;embed_type=responsive_iframe\" title=\"Kompenzace ve\u0159ejn\u00e9 dopravy\" allowfullscreen=\"\" allow=\"fullscreen\" style=\"position: absolute; width: 100%; height: 100%; top: 0px; left: 0px; border: medium; padding: 0px; margin: 0px;\"><\/iframe><\/div><div style=\"padding: 8px 0px; font-family: Arial; font-size: 13px; line-height: 15px; text-align: center; border-top-width: 1px; border-top-style: solid; border-top-color: rgb(218, 218, 218); margin: 0px 30px;\"><a href=\"https:\/\/infogram.com\/kompenzace-verejne-dopravy-1h1749w8ed87l2z\" target=\"_blank\" style=\"color: rgb(152, 152, 152); text-decoration: none;\">Kompenzace ve\u0159ejn\u00e9 dopravy<\/a><br><a href=\"https:\/\/infogram.com\" target=\"_blank\" rel=\"nofollow\" style=\"color: rgb(152, 152, 152); text-decoration: none;\">Infogram<\/a><\/div>\t\t\t\t<\/div>\n\t\t\t\t<\/div>\n\t\t\t\t\t<\/div>\n\t\t<\/div>\n\t\t\t\t\t<\/div>\n\t\t<\/section>\n\t\t\t\t<\/div>\n\t\t","protected":false},"excerpt":{"rendered":"<p>Kompenzace ve\u0159ejn\u00e9 dopravyInfogram<\/p>\n","protected":false},"author":1,"featured_media":0,"parent":0,"menu_order":0,"comment_status":"closed","ping_status":"closed","template":"","meta":{"footnotes":""},"class_list":["post-2703","page","type-page","status-publish","hentry"],"_links":{"self":[{"href":"https:\/\/svodbohemia.cz\/index.php\/wp-json\/wp\/v2\/pages\/2703","targetHints":{"allow":["GET"]}}],"collection":[{"href":"https:\/\/svodbohemia.cz\/index.php\/wp-json\/wp\/v2\/pages"}],"about":[{"href":"https:\/\/svodbohemia.cz\/index.php\/wp-json\/wp\/v2\/types\/page"}],"author":[{"embeddable":true,"href":"https:\/\/svodbohemia.cz\/index.php\/wp-json\/wp\/v2\/users\/1"}],"replies":[{"embeddable":true,"href":"https:\/\/svodbohemia.cz\/index.php\/wp-json\/wp\/v2\/comments?post=2703"}],"version-history":[{"count":4,"href":"https:\/\/svodbohemia.cz\/index.php\/wp-json\/wp\/v2\/pages\/2703\/revisions"}],"predecessor-version":[{"id":2707,"href":"https:\/\/svodbohemia.cz\/index.php\/wp-json\/wp\/v2\/pages\/2703\/revisions\/2707"}],"wp:attachment":[{"href":"https:\/\/svodbohemia.cz\/index.php\/wp-json\/wp\/v2\/media?parent=2703"}],"curies":[{"name":"wp","href":"https:\/\/api.w.org\/{rel}","templated":true}]}}