{"id":384,"date":"2022-01-19T10:25:30","date_gmt":"2022-01-19T10:25:30","guid":{"rendered":"https:\/\/svodbohemia.cz\/?page_id=384"},"modified":"2022-01-31T09:40:11","modified_gmt":"2022-01-31T09:40:11","slug":"tiskova-zprava-21-ledna-2022","status":"publish","type":"page","link":"https:\/\/svodbohemia.cz\/index.php\/tiskova-zprava-21-ledna-2022\/","title":{"rendered":"Tiskov\u00e1 zpr\u00e1va 21. ledna 2022"},"content":{"rendered":"\t\t<div data-elementor-type=\"wp-page\" data-elementor-id=\"384\" class=\"elementor elementor-384\" data-elementor-post-type=\"page\">\n\t\t\t\t\t\t<section class=\"elementor-section elementor-top-section elementor-element elementor-element-fdd3174 elementor-section-boxed elementor-section-height-default elementor-section-height-default\" data-id=\"fdd3174\" data-element_type=\"section\">\n\t\t\t\t\t\t<div class=\"elementor-container elementor-column-gap-default\">\n\t\t\t\t\t<div class=\"elementor-column elementor-col-100 elementor-top-column elementor-element elementor-element-a7e037c\" data-id=\"a7e037c\" data-element_type=\"column\">\n\t\t\t<div class=\"elementor-widget-wrap elementor-element-populated\">\n\t\t\t\t\t\t<div class=\"elementor-element elementor-element-406b7fb elementor-widget elementor-widget-heading\" data-id=\"406b7fb\" data-element_type=\"widget\" data-widget_type=\"heading.default\">\n\t\t\t\t<div class=\"elementor-widget-container\">\n\t\t\t\t\t<h1 class=\"elementor-heading-title elementor-size-default\">Do deseti let o 5 % v\u011bt\u0161\u00ed pod\u00edl \u017eeleznice na p\u0159epravn\u00edm trhu. Priorita nov\u00e9ho profesn\u00edho sdru\u017een\u00ed SVOD Bohemia<\/h1>\t\t\t\t<\/div>\n\t\t\t\t<\/div>\n\t\t\t\t\t<\/div>\n\t\t<\/div>\n\t\t\t\t\t<\/div>\n\t\t<\/section>\n\t\t\t\t<section class=\"elementor-section elementor-top-section elementor-element elementor-element-76aee90 elementor-section-boxed elementor-section-height-default elementor-section-height-default\" data-id=\"76aee90\" data-element_type=\"section\">\n\t\t\t\t\t\t<div class=\"elementor-container elementor-column-gap-default\">\n\t\t\t\t\t<div class=\"elementor-column elementor-col-100 elementor-top-column elementor-element elementor-element-b8fefa2\" data-id=\"b8fefa2\" data-element_type=\"column\">\n\t\t\t<div class=\"elementor-widget-wrap elementor-element-populated\">\n\t\t\t\t\t\t<div class=\"elementor-element elementor-element-1f87ea3 elementor-widget elementor-widget-heading\" data-id=\"1f87ea3\" data-element_type=\"widget\" data-widget_type=\"heading.default\">\n\t\t\t\t<div class=\"elementor-widget-container\">\n\t\t\t\t\t<h2 class=\"elementor-heading-title elementor-size-default\">Tiskov\u00e1 zpr\u00e1va, 21. ledna 2022<\/h2>\t\t\t\t<\/div>\n\t\t\t\t<\/div>\n\t\t\t\t\t<\/div>\n\t\t<\/div>\n\t\t\t\t\t<\/div>\n\t\t<\/section>\n\t\t\t\t<section class=\"elementor-section elementor-top-section elementor-element elementor-element-3a0442c elementor-section-boxed elementor-section-height-default elementor-section-height-default\" data-id=\"3a0442c\" data-element_type=\"section\">\n\t\t\t\t\t\t<div class=\"elementor-container elementor-column-gap-default\">\n\t\t\t\t\t<div class=\"elementor-column elementor-col-100 elementor-top-column elementor-element elementor-element-671f376\" data-id=\"671f376\" data-element_type=\"column\">\n\t\t\t<div class=\"elementor-widget-wrap elementor-element-populated\">\n\t\t\t\t\t\t<div class=\"elementor-element elementor-element-9908a36 elementor-widget elementor-widget-heading\" data-id=\"9908a36\" data-element_type=\"widget\" data-widget_type=\"heading.default\">\n\t\t\t\t<div class=\"elementor-widget-container\">\n\t\t\t\t\t<h3 class=\"elementor-heading-title elementor-size-default\">Svaz osobn\u00edch \u017eelezni\u010dn\u00edch dopravc\u016f dnes ofici\u00e1ln\u011b zalo\u017eili \u010dty\u0159i v\u00fdznamn\u00ed hr\u00e1\u010di v tomto segmentu \u2013 spole\u010dnosti Arriva vlaky, \u010cesk\u00e9 dr\u00e1hy, RegioJet a A\u017dD. Spole\u010dn\u00fdmi silami cht\u011bj\u00ed prosadit zm\u011bny, kter\u00e9 povedou k zatraktivn\u011bn\u00ed \u017eeleznice a ke zv\u00fd\u0161en\u00ed jej\u00edho pod\u00edlu na p\u0159epravn\u00edm trhu. Ambici\u00f3zn\u00ed pl\u00e1n po\u010d\u00edt\u00e1 s t\u00edm, \u017ee v desetilet\u00e9m horizontu vzroste z dne\u0161n\u00edch 9 na 14 %. \u010cesk\u00e1 republika by se tak mohla dostat na \u00farove\u0148 vysp\u011bl\u00fdch evropsk\u00fdch zem\u00ed a p\u0159ibl\u00ed\u017eit se \u0160v\u00fdcarsku, kter\u00e9 dosahuje nejvy\u0161\u0161\u00edho pod\u00edlu osobn\u00ed \u017eelezni\u010dn\u00ed p\u0159epravy v Evrop\u011b (19 %). <\/h3>\t\t\t\t<\/div>\n\t\t\t\t<\/div>\n\t\t\t\t\t<\/div>\n\t\t<\/div>\n\t\t\t\t\t<\/div>\n\t\t<\/section>\n\t\t\t\t<section class=\"elementor-section elementor-top-section elementor-element elementor-element-e72c05a elementor-section-boxed elementor-section-height-default elementor-section-height-default\" data-id=\"e72c05a\" data-element_type=\"section\">\n\t\t\t\t\t\t<div class=\"elementor-container elementor-column-gap-default\">\n\t\t\t\t\t<div class=\"elementor-column elementor-col-100 elementor-top-column elementor-element elementor-element-aa3b4a6\" data-id=\"aa3b4a6\" data-element_type=\"column\">\n\t\t\t<div class=\"elementor-widget-wrap elementor-element-populated\">\n\t\t\t\t\t\t<div class=\"elementor-element elementor-element-9cbc61e elementor-widget elementor-widget-text-editor\" data-id=\"9cbc61e\" data-element_type=\"widget\" data-widget_type=\"text-editor.default\">\n\t\t\t\t<div class=\"elementor-widget-container\">\n\t\t\t\t\t\t\t\t\t<p><strong>\u201e\u017delezni\u010dn\u00ed doprava je jedn\u00edm z prost\u0159edk\u016f k dosa\u017een\u00ed uhl\u00edkov\u00e9 neutrality. Jej\u00ed rozvoj pat\u0159\u00ed k\u00a0priorit\u00e1m Evropsk\u00e9 unie a nov\u00e9 vl\u00e1dy \u010cesk\u00e9 republiky,\u201c<\/strong> zd\u016fraz\u0148uje \u0159editel Arriva vlaky Ji\u0159\u00ed N\u00e1levka a dod\u00e1v\u00e1: <strong>\u201eN\u00e1\u0161 pod\u00edl na p\u0159eprav\u011b cestuj\u00edc\u00edch ale neporoste, dokud nebudeme jezdit po kvalitn\u00edch a dostate\u010dn\u011b kapacitn\u00edch kolej\u00edch a pokud se sami aktivn\u011b nezapoj\u00edme do tvorby st\u00e1tn\u00ed dopravn\u00ed politiky, model\u016f z\u00e1kladn\u00ed dopravn\u00ed obslu\u017enosti a\u00a0do\u00a0p\u0159\u00edpravy pot\u0159ebn\u00e9 legislativy.\u201c <\/strong>SVOD Bohemia bude p\u0159i rozvoji osobn\u00ed \u017eelezni\u010dn\u00ed dopravy v\u00fdznamn\u00fdm partnerem pro\u00a0st\u00e1tn\u00ed a\u00a0region\u00e1ln\u00ed org\u00e1ny a organizace, jako jsou Ministerstvo dopravy \u010cR, Spr\u00e1va \u017eeleznic nebo objednatel\u00e9 a koordin\u00e1to\u0159i ve\u0159ejn\u00e9 dopravy.<\/p><p><strong>\u201eKdy\u017e jsme se t\u011bsn\u011b p\u0159ed apr\u00edlem 2016 bavili o zalo\u017een\u00ed \u017dESNADu, mnoz\u00ed to pova\u017eovali za\u00a0poveden\u00fd apr\u00edlov\u00fd \u017eert,\u201c <\/strong>vzpom\u00edn\u00e1 p\u0159edseda p\u0159edstavenstva a gener\u00e1ln\u00ed \u0159editel \u010cesk\u00fdch drah Ivan Bedn\u00e1rik a\u00a0pokra\u010duje: <strong>\u201eA dnes sdru\u017euje p\u0159es t\u0159ic\u00edtku subjekt\u016f podnikaj\u00edc\u00edch v\u00a0n\u00e1kladn\u00ed \u017eelezni\u010dn\u00ed doprav\u011b a\u00a0obhospoda\u0159uj\u00edc\u00edch p\u0159es 90 % trhu. Tak\u00e9 SVOD Bohemia je otev\u0159en\u00fd a p\u0159idat se k\u00a0n\u00e1m mohou dal\u0161\u00ed osobn\u00ed \u017eelezni\u010dn\u00ed dopravci p\u016fsob\u00edc\u00ed v\u00a0\u010cesk\u00e9 republice. V\u011b\u0159\u00edm, \u017ee n\u00e1\u0161 vliv bude brzy stejn\u011b siln\u00fd jako v\u00a0p\u0159\u00edpad\u011b koleg\u016f z\u00a0n\u00e1kladn\u00ed dopravy.\u201c<\/strong><\/p>\t\t\t\t\t\t\t\t<\/div>\n\t\t\t\t<\/div>\n\t\t\t\t\t<\/div>\n\t\t<\/div>\n\t\t\t\t\t<\/div>\n\t\t<\/section>\n\t\t\t\t<section class=\"elementor-section elementor-top-section elementor-element elementor-element-e296c35 elementor-section-boxed elementor-section-height-default elementor-section-height-default\" data-id=\"e296c35\" data-element_type=\"section\">\n\t\t\t\t\t\t<div class=\"elementor-container elementor-column-gap-default\">\n\t\t\t\t\t<div class=\"elementor-column elementor-col-100 elementor-top-column elementor-element elementor-element-55226d1\" data-id=\"55226d1\" data-element_type=\"column\">\n\t\t\t<div class=\"elementor-widget-wrap elementor-element-populated\">\n\t\t\t\t\t\t<div class=\"elementor-element elementor-element-ffcda1e elementor-widget elementor-widget-text-editor\" data-id=\"ffcda1e\" data-element_type=\"widget\" data-widget_type=\"text-editor.default\">\n\t\t\t\t<div class=\"elementor-widget-container\">\n\t\t\t\t\t\t\t\t\t<p><strong>Hlavn\u00ed priority SVOD Bohemia<\/strong><\/p><ul><li>zv\u00fd\u0161en\u00ed pod\u00edlu \u017eeleznice na p\u0159eprav\u011b osob v\u00a0\u010cR,<\/li><li>minimalizace dopad\u016f sou\u010dasn\u00e9ho stavu trat\u00ed, jejich oprav a stavebn\u00ed \u010dinnosti na kvalitu slu\u017eeb cestuj\u00edc\u00edm,<\/li><li>zkvalitn\u011bn\u00ed infrastruktury, v\u00fdstavba nov\u00fdch trat\u00ed, elektrizace, zkapacitn\u011bn\u00ed trat\u00ed a uzl\u016f, pl\u00e1nov\u00e1n\u00ed a\u00a0n\u00e1sledn\u00e1 v\u00fdstavba vysokorychlostn\u00edch trat\u00ed (VRT),<\/li><li>podpora zvy\u0161ov\u00e1n\u00ed bezpe\u010dnosti, zav\u00e1d\u011bn\u00ed ETCS (Evropsk\u00fd vlakov\u00fd zabezpe\u010dovac\u00ed syst\u00e9m),<\/li><li>aktivn\u00ed zapojen\u00ed do tvorby legislativy, formulace dopravn\u00ed politiky st\u00e1tu a pl\u00e1nov\u00e1n\u00ed rozvoje \u017eelezni\u010dn\u00ed s\u00edt\u011b v\u010detn\u011b p\u0159\u00edpravy podm\u00ednek pro vyu\u017eit\u00ed alternativn\u00edch pohon\u016f dr\u00e1\u017en\u00edch vozidel.<\/li><\/ul>\t\t\t\t\t\t\t\t<\/div>\n\t\t\t\t<\/div>\n\t\t\t\t\t<\/div>\n\t\t<\/div>\n\t\t\t\t\t<\/div>\n\t\t<\/section>\n\t\t\t\t<section class=\"elementor-section elementor-top-section elementor-element elementor-element-79bcbba elementor-section-boxed elementor-section-height-default elementor-section-height-default\" data-id=\"79bcbba\" data-element_type=\"section\">\n\t\t\t\t\t\t<div class=\"elementor-container elementor-column-gap-default\">\n\t\t\t\t\t<div class=\"elementor-column elementor-col-100 elementor-top-column elementor-element elementor-element-c800c51\" data-id=\"c800c51\" data-element_type=\"column\">\n\t\t\t<div class=\"elementor-widget-wrap elementor-element-populated\">\n\t\t\t\t\t\t<div class=\"elementor-element elementor-element-07e504d elementor-widget elementor-widget-text-editor\" data-id=\"07e504d\" data-element_type=\"widget\" data-widget_type=\"text-editor.default\">\n\t\t\t\t<div class=\"elementor-widget-container\">\n\t\t\t\t\t\t\t\t\t<p>P\u0159edsedou svazu v\u00a0t\u0159\u00ed\u010dlenn\u00e9m p\u0159edstavenstvu je spole\u010dnost Arriva, m\u00edstop\u0159edsedou \u010cesk\u00e9 dr\u00e1hy, \u010dlenem p\u0159edstavenstva RegioJet. V\u00fdkonn\u00fdm \u0159editelem SVOD Bohemia se stal Petr Moravec. Zku\u0161en\u00fd mana\u017eer s\u00a0prax\u00ed v \u017eelezni\u010dn\u00ed doprav\u011b p\u016fsobil nap\u0159\u00edklad ve spole\u010dnostech Veolia Transport, \u010cesk\u00e9 dr\u00e1hy, Abellio nebo National Express. Podle n\u011bj maj\u00ed v\u0161ichni osobn\u00ed dopravci na \u017eeleznici podobn\u00e9 probl\u00e9my, kter\u00e9 ovliv\u0148uj\u00ed jejich fungovan\u00ed a kvalitu poskytovan\u00fdch slu\u017eeb. Svou situaci mohou zlep\u0161it tak, \u017ee spoj\u00ed s\u00edly: <strong>\u201eZ\u00e1sadn\u00ed je v\u00a0tomto sm\u011bru infrastruktura. Na rok 2022 pl\u00e1nuje Spr\u00e1va \u017eeleznic p\u0159es osm set v\u00fdluk na osmdes\u00e1ti trat\u00edch, co\u017e je zhruba t\u0159etina v\u0161ech trat\u00ed v \u010cesk\u00e9 republice. Velk\u00e9 mno\u017estv\u00ed pl\u00e1novan\u00fdch i nepl\u00e1novan\u00fdch v\u00fdluk, omezen\u00e1 rychlost a n\u00edzk\u00e1 kapacita trat\u00ed zvy\u0161uj\u00ed riziko, \u017ee se cestuj\u00edc\u00ed kv\u016fli \u010dast\u00fdm zpo\u017ed\u011bn\u00edm od vlak\u016f za\u010dnou odvracet. Tomu je pot\u0159eba p\u0159edej\u00edt,\u201c <\/strong>\u0159\u00edk\u00e1.<\/p><p>Gener\u00e1ln\u00ed \u0159editel A\u017dD Zden\u011bk Chrdle k\u00a0tomu dod\u00e1v\u00e1: <strong>\u201eJsme p\u0159ipraven\u00ed partner\u016fm na stran\u011b st\u00e1tu \u010di kraj\u016f aktivn\u011b pom\u00e1hat. Svaz disponuje odborn\u00fdmi kapacitami, m\u016f\u017eeme jim poskytovat konkr\u00e9tn\u00ed n\u00e1vrhy modern\u00edch dopravn\u00edch \u0159e\u0161en\u00ed a\u00a0racion\u00e1ln\u00edho rozvoje \u017eelezni\u010dn\u00ed infrastruktury.\u201c <\/strong><\/p><p>Tak\u00e9 dal\u0161\u00ed t\u00e9ma, kter\u00e9 chce SVOD Bohemia koncep\u010dn\u011b \u0159e\u0161it, se t\u00fdk\u00e1 infrastruktury. <strong>\u201eV\u0161ichni v\u00edt\u00e1me zvy\u0161ov\u00e1n\u00ed bezpe\u010dnosti a zav\u00e1d\u011bn\u00ed ETCS. Mus\u00ed ale prob\u00edhat ve vazb\u011b na schopnost dopravc\u016f vybavit vozidla palubn\u00edmi jednotkami. V\u00a0r\u00e1mci spolku chceme z\u00edskat podporu p\u0159i instalaci t\u011bchto syst\u00e9m\u016f, kter\u00e9 svou n\u00e1kladovost\u00ed v\u00fdznamn\u011b znev\u00fdhod\u0148uj\u00ed \u017eeleznici oproti provozu na silnic\u00edch. Z\u00e1rove\u0148 bychom r\u00e1di p\u0159isp\u011bli k tomu, aby implementace ETCS p\u0159\u00edli\u0161 v\u00fdrazn\u011b neomezila kapacitu dr\u00e1hy, aby zaveden\u00ed tzv. v\u00fdhradn\u00edch provoz\u016f ETCS bylo koordinov\u00e1no s\u00a0dopravci a kraji a aby nebylo znemo\u017en\u011bno v\u00a0p\u0159\u00edstupu dopravc\u016f na dopravn\u00ed cestu,\u201c <\/strong>vyjmenoval dal\u0161\u00ed c\u00edle SVOD Bohemia Radim Jan\u010dura, majitel spole\u010dnosti RegioJet.<\/p>\t\t\t\t\t\t\t\t<\/div>\n\t\t\t\t<\/div>\n\t\t\t\t\t<\/div>\n\t\t<\/div>\n\t\t\t\t\t<\/div>\n\t\t<\/section>\n\t\t\t\t<section class=\"elementor-section elementor-top-section elementor-element elementor-element-d8aa753 elementor-section-boxed elementor-section-height-default elementor-section-height-default\" data-id=\"d8aa753\" data-element_type=\"section\">\n\t\t\t\t\t\t<div class=\"elementor-container elementor-column-gap-default\">\n\t\t\t\t\t<div class=\"elementor-column elementor-col-100 elementor-top-column elementor-element elementor-element-8031980\" data-id=\"8031980\" data-element_type=\"column\">\n\t\t\t<div class=\"elementor-widget-wrap elementor-element-populated\">\n\t\t\t\t\t\t<div class=\"elementor-element elementor-element-48e1e69 elementor-widget elementor-widget-text-editor\" data-id=\"48e1e69\" data-element_type=\"widget\" data-widget_type=\"text-editor.default\">\n\t\t\t\t<div class=\"elementor-widget-container\">\n\t\t\t\t\t\t\t\t\t<p><a href=\"mailto:info@svodbohemia.cz\">info@svodbohemia.cz<\/a><\/p><p><a href=\"http:\/\/www.svodbohemia.cz\/\">www.svodbohemia.cz<\/a><\/p>\t\t\t\t\t\t\t\t<\/div>\n\t\t\t\t<\/div>\n\t\t\t\t\t<\/div>\n\t\t<\/div>\n\t\t\t\t\t<\/div>\n\t\t<\/section>\n\t\t\t\t<\/div>\n\t\t","protected":false},"excerpt":{"rendered":"<p>Do deseti let o 5 % v\u011bt\u0161\u00ed pod\u00edl \u017eeleznice na p\u0159epravn\u00edm trhu. Priorita nov\u00e9ho profesn\u00edho sdru\u017een\u00ed SVOD Bohemia Tiskov\u00e1 zpr\u00e1va, 21. ledna 2022 Svaz osobn\u00edch \u017eelezni\u010dn\u00edch dopravc\u016f dnes ofici\u00e1ln\u011b zalo\u017eili \u010dty\u0159i v\u00fdznamn\u00ed hr\u00e1\u010di v tomto segmentu \u2013 spole\u010dnosti Arriva vlaky, \u010cesk\u00e9 dr\u00e1hy, RegioJet a A\u017dD. Spole\u010dn\u00fdmi silami cht\u011bj\u00ed prosadit zm\u011bny, kter\u00e9 povedou k zatraktivn\u011bn\u00ed \u017eeleznice [&hellip;]<\/p>\n","protected":false},"author":1,"featured_media":0,"parent":0,"menu_order":0,"comment_status":"closed","ping_status":"closed","template":"","meta":{"footnotes":""},"class_list":["post-384","page","type-page","status-publish","hentry"],"_links":{"self":[{"href":"https:\/\/svodbohemia.cz\/index.php\/wp-json\/wp\/v2\/pages\/384","targetHints":{"allow":["GET"]}}],"collection":[{"href":"https:\/\/svodbohemia.cz\/index.php\/wp-json\/wp\/v2\/pages"}],"about":[{"href":"https:\/\/svodbohemia.cz\/index.php\/wp-json\/wp\/v2\/types\/page"}],"author":[{"embeddable":true,"href":"https:\/\/svodbohemia.cz\/index.php\/wp-json\/wp\/v2\/users\/1"}],"replies":[{"embeddable":true,"href":"https:\/\/svodbohemia.cz\/index.php\/wp-json\/wp\/v2\/comments?post=384"}],"version-history":[{"count":51,"href":"https:\/\/svodbohemia.cz\/index.php\/wp-json\/wp\/v2\/pages\/384\/revisions"}],"predecessor-version":[{"id":444,"href":"https:\/\/svodbohemia.cz\/index.php\/wp-json\/wp\/v2\/pages\/384\/revisions\/444"}],"wp:attachment":[{"href":"https:\/\/svodbohemia.cz\/index.php\/wp-json\/wp\/v2\/media?parent=384"}],"curies":[{"name":"wp","href":"https:\/\/api.w.org\/{rel}","templated":true}]}}