{"id":751,"date":"2022-02-08T10:51:28","date_gmt":"2022-02-08T10:51:28","guid":{"rendered":"https:\/\/svodbohemia.cz\/?page_id=751"},"modified":"2022-08-23T15:19:14","modified_gmt":"2022-08-23T15:19:14","slug":"strategie-a-legislativa-2","status":"publish","type":"page","link":"https:\/\/svodbohemia.cz\/index.php\/strategie-a-legislativa-2\/","title":{"rendered":"Strategie a legislativa"},"content":{"rendered":"\t\t<div data-elementor-type=\"wp-page\" data-elementor-id=\"751\" class=\"elementor elementor-751\" data-elementor-post-type=\"page\">\n\t\t\t\t\t\t<section class=\"elementor-section elementor-top-section elementor-element elementor-element-cae100 elementor-section-content-middle elementor-section-boxed elementor-section-height-default elementor-section-height-default\" data-id=\"cae100\" data-element_type=\"section\" data-settings=\"{&quot;background_background&quot;:&quot;classic&quot;}\">\n\t\t\t\t\t\t\t<div class=\"elementor-background-overlay\"><\/div>\n\t\t\t\t\t\t\t<div class=\"elementor-container elementor-column-gap-default\">\n\t\t\t\t\t<div class=\"elementor-column elementor-col-33 elementor-top-column elementor-element elementor-element-6b048ba9\" data-id=\"6b048ba9\" data-element_type=\"column\" data-settings=\"{&quot;background_background&quot;:&quot;classic&quot;}\">\n\t\t\t<div class=\"elementor-widget-wrap elementor-element-populated\">\n\t\t\t\t\t<div class=\"elementor-background-overlay\"><\/div>\n\t\t\t\t\t\t<div class=\"elementor-element elementor-element-1b7e2e4d elementor-widget elementor-widget-image\" data-id=\"1b7e2e4d\" data-element_type=\"widget\" data-widget_type=\"image.default\">\n\t\t\t\t<div class=\"elementor-widget-container\">\n\t\t\t\t\t\t\t\t\t\t\t\t\t\t\t<img fetchpriority=\"high\" decoding=\"async\" width=\"768\" height=\"948\" src=\"https:\/\/svodbohemia.cz\/wp-content\/uploads\/2022\/02\/vahy2-768x948.png\" class=\"attachment-medium_large size-medium_large wp-image-806\" alt=\"\" srcset=\"https:\/\/svodbohemia.cz\/wp-content\/uploads\/2022\/02\/vahy2-768x948.png 768w, https:\/\/svodbohemia.cz\/wp-content\/uploads\/2022\/02\/vahy2-243x300.png 243w, https:\/\/svodbohemia.cz\/wp-content\/uploads\/2022\/02\/vahy2-830x1024.png 830w, https:\/\/svodbohemia.cz\/wp-content\/uploads\/2022\/02\/vahy2-1244x1536.png 1244w, https:\/\/svodbohemia.cz\/wp-content\/uploads\/2022\/02\/vahy2.png 1507w\" sizes=\"(max-width: 768px) 100vw, 768px\" \/>\t\t\t\t\t\t\t\t\t\t\t\t\t\t\t<\/div>\n\t\t\t\t<\/div>\n\t\t\t\t<div class=\"elementor-element elementor-element-59b1f492 elementor-widget elementor-widget-heading\" data-id=\"59b1f492\" data-element_type=\"widget\" data-widget_type=\"heading.default\">\n\t\t\t\t<div class=\"elementor-widget-container\">\n\t\t\t\t\t<h5 class=\"elementor-heading-title elementor-size-default\">LEGISLATIVA<\/h5>\t\t\t\t<\/div>\n\t\t\t\t<\/div>\n\t\t\t\t<div class=\"elementor-element elementor-element-5792e869 elementor-widget elementor-widget-heading\" data-id=\"5792e869\" data-element_type=\"widget\" data-widget_type=\"heading.default\">\n\t\t\t\t<div class=\"elementor-widget-container\">\n\t\t\t\t\t<h3 class=\"elementor-heading-title elementor-size-default\">\u0158\u00edzen\u00ed odv\u011btv\u00ed<\/h3>\t\t\t\t<\/div>\n\t\t\t\t<\/div>\n\t\t\t\t<div class=\"elementor-element elementor-element-3832f015 elementor-widget elementor-widget-text-editor\" data-id=\"3832f015\" data-element_type=\"widget\" data-widget_type=\"text-editor.default\">\n\t\t\t\t<div class=\"elementor-widget-container\">\n\t\t\t\t\t\t\t\t\t<p>Na \u0159\u00edzen\u00ed odv\u011btv\u00ed dr\u00e1\u017en\u00ed dopravy se v r\u00e1mci Ministerstva dopravy pod\u00edl\u00ed sekce ekonomick\u00e1 a infrastrukturn\u00ed, sekce legislativn\u00ed a pr\u00e1vn\u00ed a sekce dopravn\u00ed.\u00a0<\/p>\t\t\t\t\t\t\t\t<\/div>\n\t\t\t\t<\/div>\n\t\t\t\t<div class=\"elementor-element elementor-element-4da44955 elementor-widget elementor-widget-button\" data-id=\"4da44955\" data-element_type=\"widget\" data-widget_type=\"button.default\">\n\t\t\t\t<div class=\"elementor-widget-container\">\n\t\t\t\t\t\t\t\t\t<div class=\"elementor-button-wrapper\">\n\t\t\t\t\t<a class=\"elementor-button elementor-button-link elementor-size-md elementor-animation-float\" href=\"https:\/\/svodbohemia.cz\/index.php\/rizeni-odvetvi\/\">\n\t\t\t\t\t\t<span class=\"elementor-button-content-wrapper\">\n\t\t\t\t\t\t\t\t\t<span class=\"elementor-button-text\">ZJISTIT V\u00cdCE<\/span>\n\t\t\t\t\t<\/span>\n\t\t\t\t\t<\/a>\n\t\t\t\t<\/div>\n\t\t\t\t\t\t\t\t<\/div>\n\t\t\t\t<\/div>\n\t\t\t\t\t<\/div>\n\t\t<\/div>\n\t\t\t\t<div class=\"elementor-column elementor-col-33 elementor-top-column elementor-element elementor-element-174f29e8\" data-id=\"174f29e8\" data-element_type=\"column\" data-settings=\"{&quot;background_background&quot;:&quot;classic&quot;}\">\n\t\t\t<div class=\"elementor-widget-wrap elementor-element-populated\">\n\t\t\t\t\t<div class=\"elementor-background-overlay\"><\/div>\n\t\t\t\t\t\t<div class=\"elementor-element elementor-element-1c458573 elementor-widget elementor-widget-image\" data-id=\"1c458573\" data-element_type=\"widget\" data-widget_type=\"image.default\">\n\t\t\t\t<div class=\"elementor-widget-container\">\n\t\t\t\t\t\t\t\t\t\t\t\t\t\t\t<img decoding=\"async\" width=\"2200\" height=\"2112\" src=\"https:\/\/svodbohemia.cz\/wp-content\/uploads\/2022\/02\/listina.png\" class=\"attachment-full size-full wp-image-754\" alt=\"\" srcset=\"https:\/\/svodbohemia.cz\/wp-content\/uploads\/2022\/02\/listina.png 2200w, https:\/\/svodbohemia.cz\/wp-content\/uploads\/2022\/02\/listina-300x288.png 300w, https:\/\/svodbohemia.cz\/wp-content\/uploads\/2022\/02\/listina-1024x983.png 1024w, https:\/\/svodbohemia.cz\/wp-content\/uploads\/2022\/02\/listina-768x737.png 768w, https:\/\/svodbohemia.cz\/wp-content\/uploads\/2022\/02\/listina-1536x1475.png 1536w, https:\/\/svodbohemia.cz\/wp-content\/uploads\/2022\/02\/listina-2048x1966.png 2048w\" sizes=\"(max-width: 2200px) 100vw, 2200px\" \/>\t\t\t\t\t\t\t\t\t\t\t\t\t\t\t<\/div>\n\t\t\t\t<\/div>\n\t\t\t\t<div class=\"elementor-element elementor-element-1fee3d77 elementor-widget elementor-widget-heading\" data-id=\"1fee3d77\" data-element_type=\"widget\" data-widget_type=\"heading.default\">\n\t\t\t\t<div class=\"elementor-widget-container\">\n\t\t\t\t\t<h5 class=\"elementor-heading-title elementor-size-default\">STRATEGIE<\/h5>\t\t\t\t<\/div>\n\t\t\t\t<\/div>\n\t\t\t\t<div class=\"elementor-element elementor-element-1c8f941d elementor-widget elementor-widget-heading\" data-id=\"1c8f941d\" data-element_type=\"widget\" data-widget_type=\"heading.default\">\n\t\t\t\t<div class=\"elementor-widget-container\">\n\t\t\t\t\t<h3 class=\"elementor-heading-title elementor-size-default\">Dopravn\u00ed politika<\/h3>\t\t\t\t<\/div>\n\t\t\t\t<\/div>\n\t\t\t\t<div class=\"elementor-element elementor-element-4571a4c4 elementor-widget elementor-widget-text-editor\" data-id=\"4571a4c4\" data-element_type=\"widget\" data-widget_type=\"text-editor.default\">\n\t\t\t\t<div class=\"elementor-widget-container\">\n\t\t\t\t\t\t\t\t\t<p><a href=\"https:\/\/www.mdcr.cz\/Dokumenty\/Strategie\/Dopravni-politika-a-MFDI\/Dopravni-politika-CR-pro-obdobi-2014-2020-s-vyhled\">Dopravn\u00ed politika \u010cesk\u00e9 republiky <\/a>po\u017eaduje efektivn\u00ed d\u011blbu p\u0159epravn\u00ed pr\u00e1ce, motivaci cestuj\u00edc\u00edch k vyu\u017eit\u00ed \u017eeleznice\u00a0a zvy\u0161ov\u00e1n\u00ed p\u0159epravy v elektrick\u00e9 trakci.<\/p>\t\t\t\t\t\t\t\t<\/div>\n\t\t\t\t<\/div>\n\t\t\t\t<div class=\"elementor-element elementor-element-66e4ae1e elementor-widget elementor-widget-button\" data-id=\"66e4ae1e\" data-element_type=\"widget\" data-widget_type=\"button.default\">\n\t\t\t\t<div class=\"elementor-widget-container\">\n\t\t\t\t\t\t\t\t\t<div class=\"elementor-button-wrapper\">\n\t\t\t\t\t<a class=\"elementor-button elementor-button-link elementor-size-md elementor-animation-float\" href=\"https:\/\/svodbohemia.cz\/index.php\/no-content\/\">\n\t\t\t\t\t\t<span class=\"elementor-button-content-wrapper\">\n\t\t\t\t\t\t\t\t\t<span class=\"elementor-button-text\">zjistit v\u00edce<\/span>\n\t\t\t\t\t<\/span>\n\t\t\t\t\t<\/a>\n\t\t\t\t<\/div>\n\t\t\t\t\t\t\t\t<\/div>\n\t\t\t\t<\/div>\n\t\t\t\t\t<\/div>\n\t\t<\/div>\n\t\t\t\t<div class=\"elementor-column elementor-col-33 elementor-top-column elementor-element elementor-element-1cd620b4\" data-id=\"1cd620b4\" data-element_type=\"column\" data-settings=\"{&quot;background_background&quot;:&quot;classic&quot;}\">\n\t\t\t<div class=\"elementor-widget-wrap elementor-element-populated\">\n\t\t\t\t\t<div class=\"elementor-background-overlay\"><\/div>\n\t\t\t\t\t\t<div class=\"elementor-element elementor-element-33eff95b elementor-widget elementor-widget-image\" data-id=\"33eff95b\" data-element_type=\"widget\" data-widget_type=\"image.default\">\n\t\t\t\t<div class=\"elementor-widget-container\">\n\t\t\t\t\t\t\t\t\t\t\t\t\t\t\t<img decoding=\"async\" width=\"3345\" height=\"3125\" src=\"https:\/\/svodbohemia.cz\/wp-content\/uploads\/2022\/02\/rozcesti2.png\" class=\"attachment-full size-full wp-image-801\" alt=\"\" srcset=\"https:\/\/svodbohemia.cz\/wp-content\/uploads\/2022\/02\/rozcesti2.png 3345w, https:\/\/svodbohemia.cz\/wp-content\/uploads\/2022\/02\/rozcesti2-300x280.png 300w, https:\/\/svodbohemia.cz\/wp-content\/uploads\/2022\/02\/rozcesti2-1024x957.png 1024w, https:\/\/svodbohemia.cz\/wp-content\/uploads\/2022\/02\/rozcesti2-768x717.png 768w, https:\/\/svodbohemia.cz\/wp-content\/uploads\/2022\/02\/rozcesti2-1536x1435.png 1536w, https:\/\/svodbohemia.cz\/wp-content\/uploads\/2022\/02\/rozcesti2-2048x1913.png 2048w\" sizes=\"(max-width: 3345px) 100vw, 3345px\" \/>\t\t\t\t\t\t\t\t\t\t\t\t\t\t\t<\/div>\n\t\t\t\t<\/div>\n\t\t\t\t<div class=\"elementor-element elementor-element-631d3298 elementor-widget elementor-widget-heading\" data-id=\"631d3298\" data-element_type=\"widget\" data-widget_type=\"heading.default\">\n\t\t\t\t<div class=\"elementor-widget-container\">\n\t\t\t\t\t<h5 class=\"elementor-heading-title elementor-size-default\">pl\u00e1nov\u00e1n\u00ed<\/h5>\t\t\t\t<\/div>\n\t\t\t\t<\/div>\n\t\t\t\t<div class=\"elementor-element elementor-element-2f908bc8 elementor-widget elementor-widget-heading\" data-id=\"2f908bc8\" data-element_type=\"widget\" data-widget_type=\"heading.default\">\n\t\t\t\t<div class=\"elementor-widget-container\">\n\t\t\t\t\t<h3 class=\"elementor-heading-title elementor-size-default\">Koncepce dopravy<\/h3>\t\t\t\t<\/div>\n\t\t\t\t<\/div>\n\t\t\t\t<div class=\"elementor-element elementor-element-6da7b383 elementor-widget elementor-widget-text-editor\" data-id=\"6da7b383\" data-element_type=\"widget\" data-widget_type=\"text-editor.default\">\n\t\t\t\t<div class=\"elementor-widget-container\">\n\t\t\t\t\t\t\t\t\t<p><a href=\"https:\/\/www.mdcr.cz\/Media\/Media-a-tiskove-zpravy\/Vlada-schvalila-koncepci-verejne-dopravy,-resi-zaj\">Koncepce ve\u0159ejn\u00e9 dopravy<\/a> stanov\u00ed tyto priority: zav\u00e1d\u011bn\u00ed rychl\u00fdch spojen\u00ed, elektrizaci v\u00fdznamn\u00fdch trat\u00ed, zlep\u0161ov\u00e1n\u00ed p\u0159\u00edstupnosti dopravn\u00edch slu\u017eeb.<\/p>\t\t\t\t\t\t\t\t<\/div>\n\t\t\t\t<\/div>\n\t\t\t\t<div class=\"elementor-element elementor-element-c7dbe7b elementor-widget elementor-widget-button\" data-id=\"c7dbe7b\" data-element_type=\"widget\" data-widget_type=\"button.default\">\n\t\t\t\t<div class=\"elementor-widget-container\">\n\t\t\t\t\t\t\t\t\t<div class=\"elementor-button-wrapper\">\n\t\t\t\t\t<a class=\"elementor-button elementor-button-link elementor-size-md elementor-animation-float\" href=\"https:\/\/svodbohemia.cz\/index.php\/koncepce-dopravy\/\">\n\t\t\t\t\t\t<span class=\"elementor-button-content-wrapper\">\n\t\t\t\t\t\t\t\t\t<span class=\"elementor-button-text\">zjistit v\u00edce<\/span>\n\t\t\t\t\t<\/span>\n\t\t\t\t\t<\/a>\n\t\t\t\t<\/div>\n\t\t\t\t\t\t\t\t<\/div>\n\t\t\t\t<\/div>\n\t\t\t\t\t<\/div>\n\t\t<\/div>\n\t\t\t\t\t<\/div>\n\t\t<\/section>\n\t\t\t\t<\/div>\n\t\t","protected":false},"excerpt":{"rendered":"<p>LEGISLATIVA \u0158\u00edzen\u00ed odv\u011btv\u00ed Na \u0159\u00edzen\u00ed odv\u011btv\u00ed dr\u00e1\u017en\u00ed dopravy se v r\u00e1mci Ministerstva dopravy pod\u00edl\u00ed sekce ekonomick\u00e1 a infrastrukturn\u00ed, sekce legislativn\u00ed a pr\u00e1vn\u00ed a sekce dopravn\u00ed.\u00a0 ZJISTIT V\u00cdCE STRATEGIE Dopravn\u00ed politika Dopravn\u00ed politika \u010cesk\u00e9 republiky po\u017eaduje efektivn\u00ed d\u011blbu p\u0159epravn\u00ed pr\u00e1ce, motivaci cestuj\u00edc\u00edch k vyu\u017eit\u00ed \u017eeleznice\u00a0a zvy\u0161ov\u00e1n\u00ed p\u0159epravy v elektrick\u00e9 trakci. zjistit v\u00edce pl\u00e1nov\u00e1n\u00ed Koncepce dopravy Koncepce [&hellip;]<\/p>\n","protected":false},"author":1,"featured_media":0,"parent":0,"menu_order":0,"comment_status":"closed","ping_status":"closed","template":"","meta":{"footnotes":""},"class_list":["post-751","page","type-page","status-publish","hentry"],"_links":{"self":[{"href":"https:\/\/svodbohemia.cz\/index.php\/wp-json\/wp\/v2\/pages\/751","targetHints":{"allow":["GET"]}}],"collection":[{"href":"https:\/\/svodbohemia.cz\/index.php\/wp-json\/wp\/v2\/pages"}],"about":[{"href":"https:\/\/svodbohemia.cz\/index.php\/wp-json\/wp\/v2\/types\/page"}],"author":[{"embeddable":true,"href":"https:\/\/svodbohemia.cz\/index.php\/wp-json\/wp\/v2\/users\/1"}],"replies":[{"embeddable":true,"href":"https:\/\/svodbohemia.cz\/index.php\/wp-json\/wp\/v2\/comments?post=751"}],"version-history":[{"count":55,"href":"https:\/\/svodbohemia.cz\/index.php\/wp-json\/wp\/v2\/pages\/751\/revisions"}],"predecessor-version":[{"id":1473,"href":"https:\/\/svodbohemia.cz\/index.php\/wp-json\/wp\/v2\/pages\/751\/revisions\/1473"}],"wp:attachment":[{"href":"https:\/\/svodbohemia.cz\/index.php\/wp-json\/wp\/v2\/media?parent=751"}],"curies":[{"name":"wp","href":"https:\/\/api.w.org\/{rel}","templated":true}]}}