{"id":810,"date":"2022-02-08T12:28:15","date_gmt":"2022-02-08T12:28:15","guid":{"rendered":"https:\/\/svodbohemia.cz\/?page_id=810"},"modified":"2023-05-04T13:53:00","modified_gmt":"2023-05-04T13:53:00","slug":"drazni-infrastruktura-2","status":"publish","type":"page","link":"https:\/\/svodbohemia.cz\/index.php\/drazni-infrastruktura-2\/","title":{"rendered":"Dr\u00e1\u017en\u00ed infrastruktura"},"content":{"rendered":"\t\t<div data-elementor-type=\"wp-page\" data-elementor-id=\"810\" class=\"elementor elementor-810\" data-elementor-post-type=\"page\">\n\t\t\t\t\t\t<section class=\"elementor-section elementor-top-section elementor-element elementor-element-74831d37 elementor-section-content-middle elementor-section-boxed elementor-section-height-default elementor-section-height-default\" data-id=\"74831d37\" data-element_type=\"section\" data-settings=\"{&quot;background_background&quot;:&quot;classic&quot;}\">\n\t\t\t\t\t\t\t<div class=\"elementor-background-overlay\"><\/div>\n\t\t\t\t\t\t\t<div class=\"elementor-container elementor-column-gap-default\">\n\t\t\t\t\t<div class=\"elementor-column elementor-col-33 elementor-top-column elementor-element elementor-element-4d4042fb\" data-id=\"4d4042fb\" data-element_type=\"column\" data-settings=\"{&quot;background_background&quot;:&quot;classic&quot;}\">\n\t\t\t<div class=\"elementor-widget-wrap elementor-element-populated\">\n\t\t\t\t\t<div class=\"elementor-background-overlay\"><\/div>\n\t\t\t\t\t\t<div class=\"elementor-element elementor-element-2b705b9d elementor-widget elementor-widget-image\" data-id=\"2b705b9d\" data-element_type=\"widget\" data-widget_type=\"image.default\">\n\t\t\t\t<div class=\"elementor-widget-container\">\n\t\t\t\t\t\t\t\t\t\t\t\t\t\t\t<img fetchpriority=\"high\" decoding=\"async\" width=\"1695\" height=\"1929\" src=\"https:\/\/svodbohemia.cz\/wp-content\/uploads\/2022\/02\/worker.png\" class=\"attachment-full size-full wp-image-760\" alt=\"\" srcset=\"https:\/\/svodbohemia.cz\/wp-content\/uploads\/2022\/02\/worker.png 1695w, https:\/\/svodbohemia.cz\/wp-content\/uploads\/2022\/02\/worker-264x300.png 264w, https:\/\/svodbohemia.cz\/wp-content\/uploads\/2022\/02\/worker-900x1024.png 900w, https:\/\/svodbohemia.cz\/wp-content\/uploads\/2022\/02\/worker-768x874.png 768w, https:\/\/svodbohemia.cz\/wp-content\/uploads\/2022\/02\/worker-1350x1536.png 1350w\" sizes=\"(max-width: 1695px) 100vw, 1695px\" \/>\t\t\t\t\t\t\t\t\t\t\t\t\t\t\t<\/div>\n\t\t\t\t<\/div>\n\t\t\t\t<div class=\"elementor-element elementor-element-24626d0a elementor-widget elementor-widget-heading\" data-id=\"24626d0a\" data-element_type=\"widget\" data-widget_type=\"heading.default\">\n\t\t\t\t<div class=\"elementor-widget-container\">\n\t\t\t\t\t<h5 class=\"elementor-heading-title elementor-size-default\">rozvoj<\/h5>\t\t\t\t<\/div>\n\t\t\t\t<\/div>\n\t\t\t\t<div class=\"elementor-element elementor-element-7e67c74b elementor-widget elementor-widget-heading\" data-id=\"7e67c74b\" data-element_type=\"widget\" data-widget_type=\"heading.default\">\n\t\t\t\t<div class=\"elementor-widget-container\">\n\t\t\t\t\t<h3 class=\"elementor-heading-title elementor-size-default\">Modernizace a v\u00fdstavba<\/h3>\t\t\t\t<\/div>\n\t\t\t\t<\/div>\n\t\t\t\t<div class=\"elementor-element elementor-element-357a650d elementor-widget elementor-widget-text-editor\" data-id=\"357a650d\" data-element_type=\"widget\" data-widget_type=\"text-editor.default\">\n\t\t\t\t<div class=\"elementor-widget-container\">\n\t\t\t\t\t\t\t\t\t<p><a href=\"https:\/\/www.spravazeleznic.cz\/documents\/50004227\/50157876\/Pl%C3%A1n+investi%C4%8Dn%C3%AD+v%C3%BDstavby+na+rok+2021+-+5.+zm%C4%9Bna.PDF\/1cab85c5-8948-43d4-98d9-e6247d11b7d1\">Pl\u00e1n investi\u010dn\u00ed v\u00fdstavby \u017eelezni\u010dn\u00ed dopravn\u00ed infrastruktury<\/a>\u00a0by m\u011bl slou\u017eit jako z\u00e1kladn\u00ed v\u00fdchoz\u00ed podklad pro napln\u011bn\u00ed c\u00edl\u016f <a href=\"https:\/\/www.mdcr.cz\/Media\/Media-a-tiskove-zpravy\/Vlada-schvalila-dopravni-politiku-do-roku-2027-Pr\">dopravn\u00ed politiky st\u00e1tu<\/a>.<\/p>\t\t\t\t\t\t\t\t<\/div>\n\t\t\t\t<\/div>\n\t\t\t\t<div class=\"elementor-element elementor-element-76c81d9e elementor-widget elementor-widget-button\" data-id=\"76c81d9e\" data-element_type=\"widget\" data-widget_type=\"button.default\">\n\t\t\t\t<div class=\"elementor-widget-container\">\n\t\t\t\t\t\t\t\t\t<div class=\"elementor-button-wrapper\">\n\t\t\t\t\t<a class=\"elementor-button elementor-button-link elementor-size-md elementor-animation-float\" href=\"https:\/\/svodbohemia.cz\/index.php\/priority-rozvoje-zeleznicni-site\/\">\n\t\t\t\t\t\t<span class=\"elementor-button-content-wrapper\">\n\t\t\t\t\t\t\t\t\t<span class=\"elementor-button-text\">zjistit v\u00edce<\/span>\n\t\t\t\t\t<\/span>\n\t\t\t\t\t<\/a>\n\t\t\t\t<\/div>\n\t\t\t\t\t\t\t\t<\/div>\n\t\t\t\t<\/div>\n\t\t\t\t\t<\/div>\n\t\t<\/div>\n\t\t\t\t<div class=\"elementor-column elementor-col-33 elementor-top-column elementor-element elementor-element-33aef09f\" data-id=\"33aef09f\" data-element_type=\"column\" data-settings=\"{&quot;background_background&quot;:&quot;classic&quot;}\">\n\t\t\t<div class=\"elementor-widget-wrap elementor-element-populated\">\n\t\t\t\t\t<div class=\"elementor-background-overlay\"><\/div>\n\t\t\t\t\t\t<div class=\"elementor-element elementor-element-5a4f44ca elementor-widget elementor-widget-image\" data-id=\"5a4f44ca\" data-element_type=\"widget\" data-widget_type=\"image.default\">\n\t\t\t\t<div class=\"elementor-widget-container\">\n\t\t\t\t\t\t\t\t\t\t\t\t\t\t\t<img decoding=\"async\" width=\"1746\" height=\"2053\" src=\"https:\/\/svodbohemia.cz\/wp-content\/uploads\/2022\/02\/security.png\" class=\"attachment-full size-full wp-image-757\" alt=\"\" srcset=\"https:\/\/svodbohemia.cz\/wp-content\/uploads\/2022\/02\/security.png 1746w, https:\/\/svodbohemia.cz\/wp-content\/uploads\/2022\/02\/security-255x300.png 255w, https:\/\/svodbohemia.cz\/wp-content\/uploads\/2022\/02\/security-871x1024.png 871w, https:\/\/svodbohemia.cz\/wp-content\/uploads\/2022\/02\/security-768x903.png 768w, https:\/\/svodbohemia.cz\/wp-content\/uploads\/2022\/02\/security-1306x1536.png 1306w, https:\/\/svodbohemia.cz\/wp-content\/uploads\/2022\/02\/security-1742x2048.png 1742w\" sizes=\"(max-width: 1746px) 100vw, 1746px\" \/>\t\t\t\t\t\t\t\t\t\t\t\t\t\t\t<\/div>\n\t\t\t\t<\/div>\n\t\t\t\t<div class=\"elementor-element elementor-element-5fbc2efe elementor-widget elementor-widget-heading\" data-id=\"5fbc2efe\" data-element_type=\"widget\" data-widget_type=\"heading.default\">\n\t\t\t\t<div class=\"elementor-widget-container\">\n\t\t\t\t\t<h5 class=\"elementor-heading-title elementor-size-default\">bezpe\u010dnost<\/h5>\t\t\t\t<\/div>\n\t\t\t\t<\/div>\n\t\t\t\t<div class=\"elementor-element elementor-element-1dac6d84 elementor-widget elementor-widget-heading\" data-id=\"1dac6d84\" data-element_type=\"widget\" data-widget_type=\"heading.default\">\n\t\t\t\t<div class=\"elementor-widget-container\">\n\t\t\t\t\t<h3 class=\"elementor-heading-title elementor-size-default\">ETCS<\/h3>\t\t\t\t<\/div>\n\t\t\t\t<\/div>\n\t\t\t\t<div class=\"elementor-element elementor-element-4ea9a91a elementor-widget elementor-widget-text-editor\" data-id=\"4ea9a91a\" data-element_type=\"widget\" data-widget_type=\"text-editor.default\">\n\t\t\t\t<div class=\"elementor-widget-container\">\n\t\t\t\t\t\t\t\t\t<p><a href=\"https:\/\/zdopravy.cz\/wp-content\/uploads\/2021\/08\/etcsplan.pdf\">Pl\u00e1n implementace<\/a>\u00a0obsahuje celkovou \u00a0koncepci zav\u00e1d\u011bn\u00ed Evropsk\u00e9ho zabezpe\u010dovac\u00edho syst\u00e9mu a je v\u00fdchoz\u00edm podkladem pro dal\u0161\u00ed jedn\u00e1n\u00ed.<\/p>\t\t\t\t\t\t\t\t<\/div>\n\t\t\t\t<\/div>\n\t\t\t\t<div class=\"elementor-element elementor-element-57a5be4c elementor-widget elementor-widget-button\" data-id=\"57a5be4c\" data-element_type=\"widget\" data-widget_type=\"button.default\">\n\t\t\t\t<div class=\"elementor-widget-container\">\n\t\t\t\t\t\t\t\t\t<div class=\"elementor-button-wrapper\">\n\t\t\t\t\t<a class=\"elementor-button elementor-button-link elementor-size-md elementor-animation-float\" href=\"https:\/\/svodbohemia.cz\/index.php\/etcs\/\">\n\t\t\t\t\t\t<span class=\"elementor-button-content-wrapper\">\n\t\t\t\t\t\t\t\t\t<span class=\"elementor-button-text\">zjistit v\u00edce<\/span>\n\t\t\t\t\t<\/span>\n\t\t\t\t\t<\/a>\n\t\t\t\t<\/div>\n\t\t\t\t\t\t\t\t<\/div>\n\t\t\t\t<\/div>\n\t\t\t\t\t<\/div>\n\t\t<\/div>\n\t\t\t\t<div class=\"elementor-column elementor-col-33 elementor-top-column elementor-element elementor-element-1d793bcd\" data-id=\"1d793bcd\" data-element_type=\"column\" data-settings=\"{&quot;background_background&quot;:&quot;classic&quot;}\">\n\t\t\t<div class=\"elementor-widget-wrap elementor-element-populated\">\n\t\t\t\t\t<div class=\"elementor-background-overlay\"><\/div>\n\t\t\t\t\t\t<div class=\"elementor-element elementor-element-5f9ea0c5 elementor-widget elementor-widget-image\" data-id=\"5f9ea0c5\" data-element_type=\"widget\" data-widget_type=\"image.default\">\n\t\t\t\t<div class=\"elementor-widget-container\">\n\t\t\t\t\t\t\t\t\t\t\t\t\t\t\t<img decoding=\"async\" width=\"1911\" height=\"1695\" src=\"https:\/\/svodbohemia.cz\/wp-content\/uploads\/2022\/02\/warning.png\" class=\"attachment-full size-full wp-image-759\" alt=\"\" srcset=\"https:\/\/svodbohemia.cz\/wp-content\/uploads\/2022\/02\/warning.png 1911w, https:\/\/svodbohemia.cz\/wp-content\/uploads\/2022\/02\/warning-300x266.png 300w, https:\/\/svodbohemia.cz\/wp-content\/uploads\/2022\/02\/warning-1024x908.png 1024w, https:\/\/svodbohemia.cz\/wp-content\/uploads\/2022\/02\/warning-768x681.png 768w, https:\/\/svodbohemia.cz\/wp-content\/uploads\/2022\/02\/warning-1536x1362.png 1536w\" sizes=\"(max-width: 1911px) 100vw, 1911px\" \/>\t\t\t\t\t\t\t\t\t\t\t\t\t\t\t<\/div>\n\t\t\t\t<\/div>\n\t\t\t\t<div class=\"elementor-element elementor-element-517b9a19 elementor-widget elementor-widget-heading\" data-id=\"517b9a19\" data-element_type=\"widget\" data-widget_type=\"heading.default\">\n\t\t\t\t<div class=\"elementor-widget-container\">\n\t\t\t\t\t<h5 class=\"elementor-heading-title elementor-size-default\">provozuschopnost<\/h5>\t\t\t\t<\/div>\n\t\t\t\t<\/div>\n\t\t\t\t<div class=\"elementor-element elementor-element-289c4c41 elementor-widget elementor-widget-heading\" data-id=\"289c4c41\" data-element_type=\"widget\" data-widget_type=\"heading.default\">\n\t\t\t\t<div class=\"elementor-widget-container\">\n\t\t\t\t\t<h3 class=\"elementor-heading-title elementor-size-default\">V\u00fdluky<\/h3>\t\t\t\t<\/div>\n\t\t\t\t<\/div>\n\t\t\t\t<div class=\"elementor-element elementor-element-260c43c5 elementor-widget elementor-widget-text-editor\" data-id=\"260c43c5\" data-element_type=\"widget\" data-widget_type=\"text-editor.default\">\n\t\t\t\t<div class=\"elementor-widget-container\">\n\t\t\t\t\t\t\t\t\t<p><a href=\"https:\/\/www.spravazeleznic.cz\/dopravci\/vyluky\/planovane\">Pl\u00e1novan\u00e1 omezen\u00ed kapacity trat\u00ed<\/a>&nbsp;obsahuje p\u0159ehled v\u00fdluk na aktu\u00e1ln\u00ed rok a v\u00fdhled na dva roky n\u00e1sleduj\u00edc\u00ed.&nbsp;Prioritou je jejich koordinace, aby dopady na cestuj\u00edc\u00ed byly minim\u00e1ln\u00ed.&nbsp;<\/p>\t\t\t\t\t\t\t\t<\/div>\n\t\t\t\t<\/div>\n\t\t\t\t<div class=\"elementor-element elementor-element-3ce2786b elementor-widget elementor-widget-button\" data-id=\"3ce2786b\" data-element_type=\"widget\" data-widget_type=\"button.default\">\n\t\t\t\t<div class=\"elementor-widget-container\">\n\t\t\t\t\t\t\t\t\t<div class=\"elementor-button-wrapper\">\n\t\t\t\t\t<a class=\"elementor-button elementor-button-link elementor-size-md elementor-animation-float\" href=\"https:\/\/svodbohemia.cz\/index.php\/test-wp\/\">\n\t\t\t\t\t\t<span class=\"elementor-button-content-wrapper\">\n\t\t\t\t\t\t\t\t\t<span class=\"elementor-button-text\">zjistit v\u00edce<\/span>\n\t\t\t\t\t<\/span>\n\t\t\t\t\t<\/a>\n\t\t\t\t<\/div>\n\t\t\t\t\t\t\t\t<\/div>\n\t\t\t\t<\/div>\n\t\t\t\t\t<\/div>\n\t\t<\/div>\n\t\t\t\t\t<\/div>\n\t\t<\/section>\n\t\t\t\t<\/div>\n\t\t","protected":false},"excerpt":{"rendered":"<p>rozvoj Modernizace a v\u00fdstavba Pl\u00e1n investi\u010dn\u00ed v\u00fdstavby \u017eelezni\u010dn\u00ed dopravn\u00ed infrastruktury\u00a0by m\u011bl slou\u017eit jako z\u00e1kladn\u00ed v\u00fdchoz\u00ed podklad pro napln\u011bn\u00ed c\u00edl\u016f dopravn\u00ed politiky st\u00e1tu. zjistit v\u00edce bezpe\u010dnost ETCS Pl\u00e1n implementace\u00a0obsahuje celkovou \u00a0koncepci zav\u00e1d\u011bn\u00ed Evropsk\u00e9ho zabezpe\u010dovac\u00edho syst\u00e9mu a je v\u00fdchoz\u00edm podkladem pro dal\u0161\u00ed jedn\u00e1n\u00ed. zjistit v\u00edce provozuschopnost V\u00fdluky Pl\u00e1novan\u00e1 omezen\u00ed kapacity trat\u00ed&nbsp;obsahuje p\u0159ehled v\u00fdluk na aktu\u00e1ln\u00ed rok a [&hellip;]<\/p>\n","protected":false},"author":1,"featured_media":0,"parent":0,"menu_order":0,"comment_status":"closed","ping_status":"closed","template":"","meta":{"footnotes":""},"class_list":["post-810","page","type-page","status-publish","hentry"],"_links":{"self":[{"href":"https:\/\/svodbohemia.cz\/index.php\/wp-json\/wp\/v2\/pages\/810","targetHints":{"allow":["GET"]}}],"collection":[{"href":"https:\/\/svodbohemia.cz\/index.php\/wp-json\/wp\/v2\/pages"}],"about":[{"href":"https:\/\/svodbohemia.cz\/index.php\/wp-json\/wp\/v2\/types\/page"}],"author":[{"embeddable":true,"href":"https:\/\/svodbohemia.cz\/index.php\/wp-json\/wp\/v2\/users\/1"}],"replies":[{"embeddable":true,"href":"https:\/\/svodbohemia.cz\/index.php\/wp-json\/wp\/v2\/comments?post=810"}],"version-history":[{"count":76,"href":"https:\/\/svodbohemia.cz\/index.php\/wp-json\/wp\/v2\/pages\/810\/revisions"}],"predecessor-version":[{"id":2303,"href":"https:\/\/svodbohemia.cz\/index.php\/wp-json\/wp\/v2\/pages\/810\/revisions\/2303"}],"wp:attachment":[{"href":"https:\/\/svodbohemia.cz\/index.php\/wp-json\/wp\/v2\/media?parent=810"}],"curies":[{"name":"wp","href":"https:\/\/api.w.org\/{rel}","templated":true}]}}