{"id":870,"date":"2022-02-08T16:20:50","date_gmt":"2022-02-08T16:20:50","guid":{"rendered":"https:\/\/svodbohemia.cz\/?page_id=870"},"modified":"2023-05-04T13:54:27","modified_gmt":"2023-05-04T13:54:27","slug":"inovace-a-rozvoj","status":"publish","type":"page","link":"https:\/\/svodbohemia.cz\/index.php\/inovace-a-rozvoj\/","title":{"rendered":"Inovace a rozvoj"},"content":{"rendered":"\t\t<div data-elementor-type=\"wp-page\" data-elementor-id=\"870\" class=\"elementor elementor-870\" data-elementor-post-type=\"page\">\n\t\t\t\t\t\t<section class=\"elementor-section elementor-top-section elementor-element elementor-element-38d9f77e elementor-section-content-middle elementor-section-boxed elementor-section-height-default elementor-section-height-default\" data-id=\"38d9f77e\" data-element_type=\"section\" data-settings=\"{&quot;background_background&quot;:&quot;classic&quot;}\">\n\t\t\t\t\t\t\t<div class=\"elementor-background-overlay\"><\/div>\n\t\t\t\t\t\t\t<div class=\"elementor-container elementor-column-gap-default\">\n\t\t\t\t\t<div class=\"elementor-column elementor-col-33 elementor-top-column elementor-element elementor-element-49e021c2\" data-id=\"49e021c2\" data-element_type=\"column\" data-settings=\"{&quot;background_background&quot;:&quot;classic&quot;}\">\n\t\t\t<div class=\"elementor-widget-wrap elementor-element-populated\">\n\t\t\t\t\t<div class=\"elementor-background-overlay\"><\/div>\n\t\t\t\t\t\t<div class=\"elementor-element elementor-element-3e79220e elementor-widget elementor-widget-image\" data-id=\"3e79220e\" data-element_type=\"widget\" data-widget_type=\"image.default\">\n\t\t\t\t<div class=\"elementor-widget-container\">\n\t\t\t\t\t\t\t\t\t\t\t\t\t\t\t<img fetchpriority=\"high\" decoding=\"async\" width=\"2080\" height=\"1833\" src=\"https:\/\/svodbohemia.cz\/wp-content\/uploads\/2022\/02\/globe.png\" class=\"attachment-full size-full wp-image-873\" alt=\"\" srcset=\"https:\/\/svodbohemia.cz\/wp-content\/uploads\/2022\/02\/globe.png 2080w, https:\/\/svodbohemia.cz\/wp-content\/uploads\/2022\/02\/globe-300x264.png 300w, https:\/\/svodbohemia.cz\/wp-content\/uploads\/2022\/02\/globe-1024x902.png 1024w, https:\/\/svodbohemia.cz\/wp-content\/uploads\/2022\/02\/globe-768x677.png 768w, https:\/\/svodbohemia.cz\/wp-content\/uploads\/2022\/02\/globe-1536x1354.png 1536w, https:\/\/svodbohemia.cz\/wp-content\/uploads\/2022\/02\/globe-2048x1805.png 2048w\" sizes=\"(max-width: 2080px) 100vw, 2080px\" \/>\t\t\t\t\t\t\t\t\t\t\t\t\t\t\t<\/div>\n\t\t\t\t<\/div>\n\t\t\t\t<div class=\"elementor-element elementor-element-7cd4c17f elementor-widget elementor-widget-heading\" data-id=\"7cd4c17f\" data-element_type=\"widget\" data-widget_type=\"heading.default\">\n\t\t\t\t<div class=\"elementor-widget-container\">\n\t\t\t\t\t<h5 class=\"elementor-heading-title elementor-size-default\">dekarbonizace<\/h5>\t\t\t\t<\/div>\n\t\t\t\t<\/div>\n\t\t\t\t<div class=\"elementor-element elementor-element-7995cd0 elementor-widget elementor-widget-heading\" data-id=\"7995cd0\" data-element_type=\"widget\" data-widget_type=\"heading.default\">\n\t\t\t\t<div class=\"elementor-widget-container\">\n\t\t\t\t\t<h3 class=\"elementor-heading-title elementor-size-default\">Udr\u017eiteln\u00e1 mobilita<\/h3>\t\t\t\t<\/div>\n\t\t\t\t<\/div>\n\t\t\t\t<div class=\"elementor-element elementor-element-524a7209 elementor-widget elementor-widget-text-editor\" data-id=\"524a7209\" data-element_type=\"widget\" data-widget_type=\"text-editor.default\">\n\t\t\t\t<div class=\"elementor-widget-container\">\n\t\t\t\t\t\t\t\t\t<p>Jeden kWh elektrick\u00e9 energie k j\u00edzd\u011b vlaku nahrad\u00ed 7,5 kWh nafty k j\u00edzd\u011b silni\u010dn\u00edho vozidla.\u00a0Jeden strojvedouc\u00ed je schopen v\u00e9st vlak o kapacit\u011b v \u0159\u00e1du stovek cestuj\u00edc\u00edch a a\u017e tis\u00edc\u016f tun.<\/p>\t\t\t\t\t\t\t\t<\/div>\n\t\t\t\t<\/div>\n\t\t\t\t<div class=\"elementor-element elementor-element-9f88f78 elementor-widget elementor-widget-button\" data-id=\"9f88f78\" data-element_type=\"widget\" data-widget_type=\"button.default\">\n\t\t\t\t<div class=\"elementor-widget-container\">\n\t\t\t\t\t\t\t\t\t<div class=\"elementor-button-wrapper\">\n\t\t\t\t\t<a class=\"elementor-button elementor-button-link elementor-size-md elementor-animation-float\" href=\"https:\/\/svodbohemia.cz\/index.php\/elektromobilita\/\">\n\t\t\t\t\t\t<span class=\"elementor-button-content-wrapper\">\n\t\t\t\t\t\t\t\t\t<span class=\"elementor-button-text\">zjistit v\u00edce<\/span>\n\t\t\t\t\t<\/span>\n\t\t\t\t\t<\/a>\n\t\t\t\t<\/div>\n\t\t\t\t\t\t\t\t<\/div>\n\t\t\t\t<\/div>\n\t\t\t\t\t<\/div>\n\t\t<\/div>\n\t\t\t\t<div class=\"elementor-column elementor-col-33 elementor-top-column elementor-element elementor-element-345f56b7\" data-id=\"345f56b7\" data-element_type=\"column\" data-settings=\"{&quot;background_background&quot;:&quot;classic&quot;}\">\n\t\t\t<div class=\"elementor-widget-wrap elementor-element-populated\">\n\t\t\t\t\t<div class=\"elementor-background-overlay\"><\/div>\n\t\t\t\t\t\t<div class=\"elementor-element elementor-element-d660f1f elementor-widget elementor-widget-image\" data-id=\"d660f1f\" data-element_type=\"widget\" data-widget_type=\"image.default\">\n\t\t\t\t<div class=\"elementor-widget-container\">\n\t\t\t\t\t\t\t\t\t\t\t\t\t\t\t<img decoding=\"async\" width=\"1975\" height=\"1819\" src=\"https:\/\/svodbohemia.cz\/wp-content\/uploads\/2022\/02\/ai.png\" class=\"attachment-full size-full wp-image-753\" alt=\"\" srcset=\"https:\/\/svodbohemia.cz\/wp-content\/uploads\/2022\/02\/ai.png 1975w, https:\/\/svodbohemia.cz\/wp-content\/uploads\/2022\/02\/ai-300x276.png 300w, https:\/\/svodbohemia.cz\/wp-content\/uploads\/2022\/02\/ai-1024x943.png 1024w, https:\/\/svodbohemia.cz\/wp-content\/uploads\/2022\/02\/ai-768x707.png 768w, https:\/\/svodbohemia.cz\/wp-content\/uploads\/2022\/02\/ai-1536x1415.png 1536w\" sizes=\"(max-width: 1975px) 100vw, 1975px\" \/>\t\t\t\t\t\t\t\t\t\t\t\t\t\t\t<\/div>\n\t\t\t\t<\/div>\n\t\t\t\t<div class=\"elementor-element elementor-element-2e37f7ec elementor-widget elementor-widget-heading\" data-id=\"2e37f7ec\" data-element_type=\"widget\" data-widget_type=\"heading.default\">\n\t\t\t\t<div class=\"elementor-widget-container\">\n\t\t\t\t\t<h5 class=\"elementor-heading-title elementor-size-default\">testov\u00e1n\u00ed<\/h5>\t\t\t\t<\/div>\n\t\t\t\t<\/div>\n\t\t\t\t<div class=\"elementor-element elementor-element-588f438d elementor-widget elementor-widget-heading\" data-id=\"588f438d\" data-element_type=\"widget\" data-widget_type=\"heading.default\">\n\t\t\t\t<div class=\"elementor-widget-container\">\n\t\t\t\t\t<h3 class=\"elementor-heading-title elementor-size-default\">Nov\u00e9 technologie<\/h3>\t\t\t\t<\/div>\n\t\t\t\t<\/div>\n\t\t\t\t<div class=\"elementor-element elementor-element-4f488b98 elementor-widget elementor-widget-text-editor\" data-id=\"4f488b98\" data-element_type=\"widget\" data-widget_type=\"text-editor.default\">\n\t\t\t\t<div class=\"elementor-widget-container\">\n\t\t\t\t\t\t\t\t\t<p>Tvo\u0159\u00edme dopravn\u00ed \u0159e\u0161en\u00ed pro objednatele sm\u011brem k vy\u0161\u0161\u00ed efektivit\u011b dopravy. Testujeme technologick\u00e9 inovace, jako nap\u0159. autonomn\u00ed vlaky.<\/p>\t\t\t\t\t\t\t\t<\/div>\n\t\t\t\t<\/div>\n\t\t\t\t<div class=\"elementor-element elementor-element-52a0d016 elementor-widget elementor-widget-button\" data-id=\"52a0d016\" data-element_type=\"widget\" data-widget_type=\"button.default\">\n\t\t\t\t<div class=\"elementor-widget-container\">\n\t\t\t\t\t\t\t\t\t<div class=\"elementor-button-wrapper\">\n\t\t\t\t\t<a class=\"elementor-button elementor-button-link elementor-size-md elementor-animation-float\" href=\"https:\/\/svodbohemia.cz\/index.php\/no-content\/\">\n\t\t\t\t\t\t<span class=\"elementor-button-content-wrapper\">\n\t\t\t\t\t\t\t\t\t<span class=\"elementor-button-text\">zjistit v\u00edce<\/span>\n\t\t\t\t\t<\/span>\n\t\t\t\t\t<\/a>\n\t\t\t\t<\/div>\n\t\t\t\t\t\t\t\t<\/div>\n\t\t\t\t<\/div>\n\t\t\t\t\t<\/div>\n\t\t<\/div>\n\t\t\t\t<div class=\"elementor-column elementor-col-33 elementor-top-column elementor-element elementor-element-15a23ed1\" data-id=\"15a23ed1\" data-element_type=\"column\" data-settings=\"{&quot;background_background&quot;:&quot;classic&quot;}\">\n\t\t\t<div class=\"elementor-widget-wrap elementor-element-populated\">\n\t\t\t\t\t<div class=\"elementor-background-overlay\"><\/div>\n\t\t\t\t\t\t<div class=\"elementor-element elementor-element-391c16a0 elementor-widget elementor-widget-image\" data-id=\"391c16a0\" data-element_type=\"widget\" data-widget_type=\"image.default\">\n\t\t\t\t<div class=\"elementor-widget-container\">\n\t\t\t\t\t\t\t\t\t\t\t\t\t\t\t<img decoding=\"async\" width=\"1562\" height=\"2012\" src=\"https:\/\/svodbohemia.cz\/wp-content\/uploads\/2022\/02\/lupa.png\" class=\"attachment-full size-full wp-image-755\" alt=\"\" srcset=\"https:\/\/svodbohemia.cz\/wp-content\/uploads\/2022\/02\/lupa.png 1562w, https:\/\/svodbohemia.cz\/wp-content\/uploads\/2022\/02\/lupa-233x300.png 233w, https:\/\/svodbohemia.cz\/wp-content\/uploads\/2022\/02\/lupa-795x1024.png 795w, https:\/\/svodbohemia.cz\/wp-content\/uploads\/2022\/02\/lupa-768x989.png 768w, https:\/\/svodbohemia.cz\/wp-content\/uploads\/2022\/02\/lupa-1192x1536.png 1192w\" sizes=\"(max-width: 1562px) 100vw, 1562px\" \/>\t\t\t\t\t\t\t\t\t\t\t\t\t\t\t<\/div>\n\t\t\t\t<\/div>\n\t\t\t\t<div class=\"elementor-element elementor-element-78d841c6 elementor-widget elementor-widget-heading\" data-id=\"78d841c6\" data-element_type=\"widget\" data-widget_type=\"heading.default\">\n\t\t\t\t<div class=\"elementor-widget-container\">\n\t\t\t\t\t<h5 class=\"elementor-heading-title elementor-size-default\">inovace<\/h5>\t\t\t\t<\/div>\n\t\t\t\t<\/div>\n\t\t\t\t<div class=\"elementor-element elementor-element-4f36e778 elementor-widget elementor-widget-heading\" data-id=\"4f36e778\" data-element_type=\"widget\" data-widget_type=\"heading.default\">\n\t\t\t\t<div class=\"elementor-widget-container\">\n\t\t\t\t\t<h3 class=\"elementor-heading-title elementor-size-default\">Datov\u00e9 anal\u00fdzy<\/h3>\t\t\t\t<\/div>\n\t\t\t\t<\/div>\n\t\t\t\t<div class=\"elementor-element elementor-element-612655f1 elementor-widget elementor-widget-text-editor\" data-id=\"612655f1\" data-element_type=\"widget\" data-widget_type=\"text-editor.default\">\n\t\t\t\t<div class=\"elementor-widget-container\">\n\t\t\t\t\t\t\t\t\t<p>Pou\u017e\u00edv\u00e1me datov\u00e9 anal\u00fdzy k p\u0159esn\u011bj\u0161\u00ed statistice frekvence cestuj\u00edc\u00edch,\u00a0\u00fa\u010dinn\u011b vyu\u017e\u00edv\u00e1me modern\u00ed aplikace a syst\u00e9my prediktivn\u00ed \u00fadr\u017eby.<\/p>\t\t\t\t\t\t\t\t<\/div>\n\t\t\t\t<\/div>\n\t\t\t\t<div class=\"elementor-element elementor-element-255faef3 elementor-widget elementor-widget-button\" data-id=\"255faef3\" data-element_type=\"widget\" data-widget_type=\"button.default\">\n\t\t\t\t<div class=\"elementor-widget-container\">\n\t\t\t\t\t\t\t\t\t<div class=\"elementor-button-wrapper\">\n\t\t\t\t\t<a class=\"elementor-button elementor-button-link elementor-size-md elementor-animation-float\" href=\"https:\/\/svodbohemia.cz\/index.php\/datove-analyzy\/\">\n\t\t\t\t\t\t<span class=\"elementor-button-content-wrapper\">\n\t\t\t\t\t\t\t\t\t<span class=\"elementor-button-text\">zjistit v\u00edce<\/span>\n\t\t\t\t\t<\/span>\n\t\t\t\t\t<\/a>\n\t\t\t\t<\/div>\n\t\t\t\t\t\t\t\t<\/div>\n\t\t\t\t<\/div>\n\t\t\t\t\t<\/div>\n\t\t<\/div>\n\t\t\t\t\t<\/div>\n\t\t<\/section>\n\t\t\t\t<\/div>\n\t\t","protected":false},"excerpt":{"rendered":"<p>dekarbonizace Udr\u017eiteln\u00e1 mobilita Jeden kWh elektrick\u00e9 energie k j\u00edzd\u011b vlaku nahrad\u00ed 7,5 kWh nafty k j\u00edzd\u011b silni\u010dn\u00edho vozidla.\u00a0Jeden strojvedouc\u00ed je schopen v\u00e9st vlak o kapacit\u011b v \u0159\u00e1du stovek cestuj\u00edc\u00edch a a\u017e tis\u00edc\u016f tun. zjistit v\u00edce testov\u00e1n\u00ed Nov\u00e9 technologie Tvo\u0159\u00edme dopravn\u00ed \u0159e\u0161en\u00ed pro objednatele sm\u011brem k vy\u0161\u0161\u00ed efektivit\u011b dopravy. Testujeme technologick\u00e9 inovace, jako nap\u0159. autonomn\u00ed vlaky. [&hellip;]<\/p>\n","protected":false},"author":1,"featured_media":0,"parent":0,"menu_order":0,"comment_status":"closed","ping_status":"closed","template":"","meta":{"footnotes":""},"class_list":["post-870","page","type-page","status-publish","hentry"],"_links":{"self":[{"href":"https:\/\/svodbohemia.cz\/index.php\/wp-json\/wp\/v2\/pages\/870","targetHints":{"allow":["GET"]}}],"collection":[{"href":"https:\/\/svodbohemia.cz\/index.php\/wp-json\/wp\/v2\/pages"}],"about":[{"href":"https:\/\/svodbohemia.cz\/index.php\/wp-json\/wp\/v2\/types\/page"}],"author":[{"embeddable":true,"href":"https:\/\/svodbohemia.cz\/index.php\/wp-json\/wp\/v2\/users\/1"}],"replies":[{"embeddable":true,"href":"https:\/\/svodbohemia.cz\/index.php\/wp-json\/wp\/v2\/comments?post=870"}],"version-history":[{"count":58,"href":"https:\/\/svodbohemia.cz\/index.php\/wp-json\/wp\/v2\/pages\/870\/revisions"}],"predecessor-version":[{"id":2306,"href":"https:\/\/svodbohemia.cz\/index.php\/wp-json\/wp\/v2\/pages\/870\/revisions\/2306"}],"wp:attachment":[{"href":"https:\/\/svodbohemia.cz\/index.php\/wp-json\/wp\/v2\/media?parent=870"}],"curies":[{"name":"wp","href":"https:\/\/api.w.org\/{rel}","templated":true}]}}